{"id":2341,"date":"2023-12-14T22:54:05","date_gmt":"2023-12-14T20:54:05","guid":{"rendered":"https:\/\/www.anofm.ro\/intrebari-frecvente\/"},"modified":"2024-10-08T12:22:50","modified_gmt":"2024-10-08T09:22:50","slug":"intrebari-frecvente","status":"publish","type":"page","link":"https:\/\/www.anofm.ro\/bucuresti\/intrebari-frecvente\/","title":{"rendered":"\u00centreb\u0103ri frecvente"},"content":{"rendered":"<h2>\u00centreb\u0103ri specifice activit\u0103\u021bii Serviciului Public de Ocupare<\/h2>\n<div class=\"file-list-wrap\">\n<ul class=\"file-list\">\n<li><a href=\"\/upload2\/ANOFM\/25677\/Intrebari_frecvente_2023.pdf\">Intrebari_frecvente_2023.pdf<\/a><\/li>\n<\/ul>\n<\/div>\n<h2>Ghid pentru recunoa\u015fterea experien\u0163ei profesionale \u015fi a calific\u0103rilor dob\u00e2ndite \u00een afara grani\u0163elor<\/h2>\n\n\n<p>Departamentul pentru Rom\u00e2nii de Pretutindeni (DRP), structur\u0103 \u00een cadrul aparatului de lucru al Guvernului aflat\u0103 \u00een coordonarea prim-ministrului, a realizat &#8222;Ghidul pentru recunoa\u0219terea experien\u021bei profesionale \u0219i a calific\u0103rilor dob\u00e2ndite \u00een afara grani\u021belor&#8221;.\nDocumentul vine \u00een sprijinul cet\u0103\u021benilor rom\u00e2ni din diaspora ce doresc reintegrarea profesional\u0103 pe teritoriul Rom\u00e2niei.\nGhidul a fost realizat \u00een cadrul unui grup de lucru \u0219i reune\u0219te contribu\u021biile Administra\u021biei Preziden\u021biale, Ministerului Muncii \u0219i Protec\u021biei Sociale, Agen\u021biei Na\u021bionale pentru Ocuparea For\u021bei de Munc\u0103, Centrului Na\u021bional de Recunoa\u0219tere \u0219i Echivalare a Diplomelor, Autorit\u0103\u021bii Na\u021bionale pentru Calific\u0103ri \u0219i Asocia\u021biei INCA Rom\u00e2nia, sub coordonarea DRP.<\/p>\n\n\n\n<p><a href=\"\/upload\/14805\/Ghid_pentru_recunoasterea_experientei_14_decembrie.pdf\">Ghid pentru recunoa\u015fterea experien\u0163ei profesionale \u015fi a calific\u0103rilor dob\u00e2ndite \u00een afara grani\u0163elor<\/a><\/p>\n\n\n<h2>G\u0103sirea unui loc de munc\u0103 \u00een Rom\u00e2nia \/ Finding a job in Romania<\/h2>\n\n\n<p><strong>Servicii gratuite oferite cet\u0103\u021benilor ucraineni pentru integrarea pe pia\u021ba muncii din Rom\u00e2nia<\/strong><\/p>\n\n\n\n<p>Dreptul la munc\u0103 \u2013 servicii gratuite oferite de ANOFM<\/p>\n\n\n\n<p>Pentru mai multe informa\u021bii privind locurile de munc\u0103 vacante accesa\u021bi: <a href=\"https:\/\/mediere.anofm.ro\/app\/module\/mediere\/jobs\"><strong><em>https:\/\/mediere.anofm.ro\/app\/module\/mediere\/jobs<\/em><\/strong><\/a><\/p>\n\n\n\n<p>Cet\u0103\u021benii ucraineni care doresc s\u0103 se angajeze pe teritoriul \u021b\u0103rii noastre nu au nevoie de aviz de angajare pentru o perioad\u0103 de 12 luni, cu posibilitate de prelungire. Ace\u0219tia trebuie s\u0103 se \u00eenregistreze la agen\u021biile teritoriale pentru ocuparea for\u021bei de munc\u0103 \u0219i au dreptul de a fi angaja\u021bi \u00een acelea\u0219i condi\u021bii ca cet\u0103\u021benii rom\u00e2ni. <strong><em><a href=\"\/upload2\/ANOFM\/19895\/pliant_servicii_refugiati_ucraineni.pdf\">Cau\u021bi un loc de munc\u0103? \u00cen condi\u021bii de siguran\u021b\u0103. Legal. \u00cen mod gratuit. Repede.<\/a><\/em><\/strong><\/p>\n\n\n\n<p><strong>\u0411\u0435\u0437\u043a\u043e\u0448\u0442\u043e\u0432\u043d\u0456 \u043f\u043e\u0441\u043b\u0443\u0433\u0438 \u0434\u043b\u044f \u0433\u0440\u043e\u043c\u0430\u0434\u044f\u043d \u0423\u043a\u0440\u0430\u0457\u043d\u0438 \u0434\u043b\u044f \u0456\u043d\u0442\u0435\u0433\u0440\u0430\u0446\u0456\u0457 \u043d\u0430 \u0440\u0438\u043d\u043e\u043a \u043f\u0440\u0430\u0446\u0456 \u0420\u0443\u043c\u0443\u043d\u0456\u0457<\/strong><\/p>\n\n\n\n<p>\u041f\u0440\u0430\u0432\u043e \u043d\u0430 \u043f\u0440\u0430\u0446\u044e &#8211; \u0431\u0435\u0437\u043a\u043e\u0448\u0442\u043e\u0432\u043d\u0456 \u043f\u043e\u0441\u043b\u0443\u0433\u0438, \u044f\u043a\u0456 \u043f\u0440\u043e\u043f\u043e\u043d\u0443\u0454 ANOFM<\/p>\n\n\n\n<p>\u0414\u043e\u0434\u0430\u0442\u043a\u043e\u0432\u0443 \u0456\u043d\u0444\u043e\u0440\u043c\u0430\u0446\u0456\u044e \u043f\u0440\u043e \u0432\u0430\u043a\u0430\u043d\u0441\u0456\u0457 \u043c\u043e\u0436\u043d\u0430 \u0437\u043d\u0430\u0439\u0442\u0438 \u043d\u0430 \u0441\u0430\u0439\u0442\u0456:<strong><em><a href=\"https:\/\/www.anofm.ro\/lmvw.html?agentie=&amp;categ=3&amp;subcateg=1\"> https:\/\/mediere.anofm.ro\/app\/module\/mediere\/jobs<\/a><\/em><\/strong><\/p>\n\n\n\n<p>\u0413\u0440\u043e\u043c\u0430\u0434\u044f\u043d\u0430\u043c \u0423\u043a\u0440\u0430\u0457\u043d\u0438, \u044f\u043a\u0456 \u0445\u043e\u0447\u0443\u0442\u044c \u043f\u0440\u0430\u0446\u044e\u0432\u0430\u0442\u0438 \u0432 \u043d\u0430\u0448\u0456\u0439 \u043a\u0440\u0430\u0457\u043d\u0456, \u043d\u0435 \u043f\u043e\u0442\u0440\u0435\u0431\u0443\u044e\u0442\u044c \u043f\u043e\u043f\u0435\u0440\u0435\u0434\u0436\u0435\u043d\u043d\u044f \u043f\u0440\u043e \u043f\u0440\u0438\u0439\u043d\u044f\u0442\u0442\u044f \u043d\u0430 \u0440\u043e\u0431\u043e\u0442\u0443 \u0442\u0435\u0440\u043c\u0456\u043d\u043e\u043c \u043d\u0430 12 \u043c\u0456\u0441\u044f\u0446\u0456\u0432 \u0437 \u043c\u043e\u0436\u043b\u0438\u0432\u0456\u0441\u0442\u044e \u043f\u0440\u043e\u0434\u043e\u0432\u0436\u0435\u043d\u043d\u044f. \u041f\u043e\u0432\u0438\u043d\u043d\u0456 \u0437\u0430\u0440\u0435\u0454\u0441\u0442\u0440\u0443\u0432\u0430\u0442\u0438\u0441\u044f \u0432 \u0442\u0435\u0440\u0438\u0442\u043e\u0440\u0456\u0430\u043b\u044c\u043d\u0438\u0445 \u043e\u0440\u0433\u0430\u043d\u0430\u0445 \u0437\u0430\u0439\u043d\u044f\u0442\u043e\u0441\u0442\u0456 \u0442\u0430 \u043c\u0430\u0442\u0438 \u043f\u0440\u0430\u0432\u043e \u043f\u0440\u0430\u0446\u044e\u0432\u0430\u0442\u0438 \u043d\u0430 \u0442\u0438\u0445 \u0441\u0430\u043c\u0438\u0445 \u0443\u043c\u043e\u0432\u0430\u0445, \u0449\u043e \u0439 \u0433\u0440\u043e\u043c\u0430\u0434\u044f\u043d\u0438 \u0420\u0443\u043c\u0443\u043d\u0456\u0457 .<strong><em><a href=\"\/upload2\/ANOFM\/19895\/pliant_servicii_refugiati_ucraineni.pdf\"> \u0428\u0443\u043a\u0430\u044e \u0440\u043e\u0431\u043e\u0442\u0443? \u0411\u0435\u0437\u043f\u0435\u0447\u043d\u043e. \u042e\u0440\u0438\u0434\u0438\u0447\u043d\u0438\u0439. \u0411\u0435\u0437\u043a\u043e\u0448\u0442\u043e\u0432\u043d\u043e. \u0428\u0432\u0438\u0434\u043a\u043e<\/a><\/em><\/strong><\/p>\n\n\n\n<p><strong>Free services offered to Ukrainian citizens for integration into the Romanian labour market<\/strong><\/p>\n\n\n\n<p>Right to work &#8211; free services offered by the National Agency for Employment<\/p>\n\n\n\n<p>For more information on job vacancies go to:<strong><em><a href=\"https:\/\/www.anofm.ro\/lmvw.html?agentie=&amp;categ=3&amp;subcateg=1\"> https:\/\/mediere.anofm.ro\/app\/module\/mediere\/jobs<\/a><\/em><\/strong><\/p>\n\n\n\n<p>Ukrainian citizens wishing to work in our country do not need a work permit for a period of 12 months, with the possibility of extension. They have to register with the territorial agencies for employment and have the right to be employed under the same conditions as Romanian citizens. <strong><em><a href=\"\/upload2\/ANOFM\/19895\/pliant_servicii_refugiati_ucraineni.pdf\">Looking for a job? Safely. Legal. For free. Fast.<\/a><\/em><\/strong><\/p>\n\n\n\n<p>Cet\u0103\u0163enii UE\/SEE\/Confedera\u021biei Elve\u021biene \u015fi membrii de familie ai acestora beneficiaz\u0103 de acelea\u015fi drepturi \u015fi obliga\u0163ii ca \u015fi cet\u0103\u0163enii rom\u00e2ni \u00een ceea ce prive\u015fte munca \u015fi protec\u0163ia social\u0103. Cet\u0103\u0163enii UE\/SEE\/Confedera\u021biei Elve\u021biene afla\u0163i \u00een c\u0103utarea unui loc de munc\u0103 au acces liber pe pia\u021ba muncii din Rom\u00e2nia. Angajarea unui cet\u0103\u021bean din statele europene se face \u00een acelea\u015fi condi\u0163ii cu angajarea unui cet\u0103\u021bean rom\u00e2n. Mai multe informa\u021bii <a href=\"\/upload\/14759\/G%C4%82SIREA_UNUI_LOC_DE_MUNC%C4%82_%C3%8EN_ROM%C3%82NIA.pdf\"><em><strong>aici<\/strong><\/em><\/a><\/p>\n\n\n\n<p>Citizens of EU\/EEA\/Swiss Confederation and their family members have the same rights and obligations as Romanian cit<\/p>\n\n\n<h2>\u00centreb\u0103ri frecvente &#8211; Munca \u00een str\u0103in\u0103tate<\/h2>\n<p><a href=\"https:\/\/www.anofm.ro\/bucuresti\/wp-content\/uploads\/sites\/11\/2024\/10\/Munca_in_strainatate_-_Intrebari_frecvente.pdf\">Munca in strainatate &#8211; Intrebari frecvente<\/a>\u00a0<\/p>","protected":false},"excerpt":{"rendered":"<p>\u00centreb\u0103ri specifice activit\u0103\u021bii Serviciului Public de Ocupare Intrebari_frecvente_2023.pdf Ghid pentru recunoa\u015fterea experien\u0163ei profesionale \u015fi a calific\u0103rilor dob\u00e2ndite \u00een afara grani\u0163elor Departamentul pentru Rom\u00e2nii de Pretutindeni (DRP), structur\u0103 \u00een cadrul aparatului<\/p>\n","protected":false},"author":1,"featured_media":0,"parent":0,"menu_order":950,"comment_status":"closed","ping_status":"closed","template":"template-parts\/content-with-sidebar.php","meta":{"footnotes":""},"class_list":["post-2341","page","type-page","status-publish","hentry"],"_links":{"self":[{"href":"https:\/\/www.anofm.ro\/bucuresti\/wp-json\/wp\/v2\/pages\/2341","targetHints":{"allow":["GET"]}}],"collection":[{"href":"https:\/\/www.anofm.ro\/bucuresti\/wp-json\/wp\/v2\/pages"}],"about":[{"href":"https:\/\/www.anofm.ro\/bucuresti\/wp-json\/wp\/v2\/types\/page"}],"author":[{"embeddable":true,"href":"https:\/\/www.anofm.ro\/bucuresti\/wp-json\/wp\/v2\/users\/1"}],"replies":[{"embeddable":true,"href":"https:\/\/www.anofm.ro\/bucuresti\/wp-json\/wp\/v2\/comments?post=2341"}],"version-history":[{"count":7,"href":"https:\/\/www.anofm.ro\/bucuresti\/wp-json\/wp\/v2\/pages\/2341\/revisions"}],"predecessor-version":[{"id":5507,"href":"https:\/\/www.anofm.ro\/bucuresti\/wp-json\/wp\/v2\/pages\/2341\/revisions\/5507"}],"wp:attachment":[{"href":"https:\/\/www.anofm.ro\/bucuresti\/wp-json\/wp\/v2\/media?parent=2341"}],"curies":[{"name":"wp","href":"https:\/\/api.w.org\/{rel}","templated":true}]}}