{"id":2337,"date":"2023-12-14T23:54:05","date_gmt":"2023-12-14T20:54:05","guid":{"rendered":"https:\/\/www.anofm.ro\/ajutor-financiar-acordat-angajatorilor-portivit-art-841\/"},"modified":"2024-09-17T14:56:40","modified_gmt":"2024-09-17T11:56:40","slug":"ajutor-financiar-acordat-angajatorilor-portivit-art-841","status":"publish","type":"page","link":"https:\/\/www.anofm.ro\/bucuresti\/ajutor-financiar-acordat-angajatorilor-portivit-art-841\/","title":{"rendered":"Ajutor financiar acordat angajatorilor portivit Art. 84^1"},"content":{"rendered":"\n<p><strong>Ajutorul financiar acordat angajatorilor potrivit art. 84<sup>1<\/sup><\/strong><\/p>\n\n\n\n<p><strong>din Legea nr.76\/2002&nbsp; privind sistemul asigur\u0103rilor pentru \u0219omaj \u0219i stimularea ocup\u0103rii for\u021bei de munc\u0103, cu modific\u0103rile \u0219i complet\u0103rile ulterioare&nbsp;<\/strong><br>\u00cen temeiul art.84<sup>1<\/sup>&nbsp;alin.(1) din lege, angajatorii care, dup\u0103 \u00eendeplinirea obliga\u0163iei prev\u0103zute la art. 83 alin. (1), men\u0163in raporturile de munc\u0103 sau de serviciu cu absolven\u0163ii \u00eencadra\u0163i \u00een condi\u0163iile art. 80 primesc, pentru fiecare an de continuare a raporturilor de munc\u0103 sau de serviciu, un ajutor financiar egal cu suma aferent\u0103 contribu\u0163iei asiguratorii pentru munc\u0103 datorate de angajatori pentru aceste persoane \u015fi virate, conform legii.<\/p>\n\n\n\n<p>Conform alin.(2) al aceluia\u0219i articol, ajutorul financiar prev\u0103zut la alin.(1) poate fi acordat pe o perioad\u0103 de cel mult 2 ani de la data \u00eendeplinirii obliga\u0163iei prev\u0103zute la art.83 alin.(1) din lege.<\/p>\n\n\n\n<p>Ajutorul financiar prev\u0103zut la alin.(1) se vireaz\u0103, la cerere, din bugetul asigur\u0103rilor pentru \u015fomaj, angajatorilor care nu \u00eenregistreaz\u0103 debite provenind din neplata contribu\u0163iilor sociale, prin plata acestei sume, \u00een termen de 90 de zile de la data aprob\u0103rii cererii, astfel cum prevede alin.(4).<\/p>\n\n\n\n<p>\u00cen temeiul art.3 din Procedura pentru punerea \u00een aplicare a prevederilor art.84<sup>1 <\/sup>din Legea nr.76\/2002 aprobate prin Ordinul ministrului muncii, familiei \u0219i protec\u021biei sociale nr.342\/2009, cu modific\u0103rile \u0219i complet\u0103rile ulterioare, nu beneficiaz\u0103 de ajutorul financiar prev\u0103zut la art.84<sup>1 <\/sup>din lege:<\/p>\n\n\n\n<p>a) angajatorii care la data solicit\u0103rii ajutorului financiar prev\u0103zut la art.84<sup>1<\/sup> din lege \u00eenregistreaz\u0103 debite provenind din neplata contribu\u0163iilor sociale prev\u0103zute de lege;<br>b) angajatorii care nu men\u0163in raporturile de munc\u0103 sau de serviciu cu persoanele din r\u00e2ndul absolven\u0163ilor institu\u0163iilor de \u00eenv\u0103\u0163\u0103m\u00e2nt \u00eencadra\u0163i \u00een condi\u0163iile art.80 din lege, dup\u0103 \u00eendeplinirea obliga\u0163iei prev\u0103zute la art. 83 alin. (1) din lege, pe perioada cuprins\u0103 \u00eentre data \u00eendeplinirii acestei obliga\u0163ii \u015fi data de \u00eent\u00e2i a lunii urm\u0103toare \u00eendeplinirii obliga\u0163iei, precum \u015fi \u00een continuare pentru perioada de unu, respectiv 2 ani pentru care solicit\u0103 acordarea ajutorului financiar;<br>c) angajatorii care la data solicit\u0103rii ajutorului financiar se afl\u0103 \u00een situa\u0163ie de insolven\u0163\u0103, \u00een procedura de executare silit\u0103, reorganizare judiciar\u0103, faliment, \u00eenchidere opera\u0163ional\u0103, dizolvare, lichidare sau administrare special\u0103, care au activit\u0103\u0163ile suspendate sau restric\u0163ii asupra acestora, ale c\u0103ror activit\u0103\u0163i fac obiectul unui aranjament cu creditorii \u015fi cei care se afl\u0103 \u00een alte situa\u0163ii similare reglementate de lege;<br>d) angajatorii care nu \u00eendeplinesc condi\u0163iile legale pentru acordarea ajutorului financiar prev\u0103zut la art. 84<sup>1<\/sup> din lege.<\/p>\n\n\n\n<p><strong>DOCUMENTE PENTRU \u00ceNCHEIEREA CONVEN\u0162IEI<\/strong><\/p>\n\n\n\n<p>\u00a0a) cerere pentru acordarea ajutorului financiar prev\u0103zut la art. 84<sup>1 <\/sup>din lege, care va con\u0163ine \u015fi o declara\u0163ie pe propria r\u0103spundere, conform modelului prev\u0103zut \u00een <a href=\"\/upload\/5712\/Cerere-_Anexa_1_la_Procedura.docx\"><em>Anexa nr.1<\/em><\/a> la Procedur\u0103;<\/p>\n\n\n\n<p>\u00a0b) tabel nominal cu persoanele \u00eencadrate \u00een munc\u0103 din r\u00e2ndul absolven\u0163ilor institu\u0163iilor de \u00eenv\u0103\u0163\u0103m\u00e2nt, c\u0103rora le-au men\u0163inut raporturile de munc\u0103 ori de serviciu pentru perioada de unu sau 2 ani pentru care se solicit\u0103 acordarea ajutorului financiar, conform modelului prev\u0103zut \u00een <a href=\"\/upload\/5712\/Tabel_persoane_incadrate-_Anexa_2_la_Procedura.docx\"><em>Anexa nr.2 <\/em><\/a>la Procedur\u0103;<\/p>\n\n\n\n<p>c) adeverin\u0163a emis\u0103 de angajator pe suport h\u00e2rtie sau \u00een format electronic cu semn\u0103tur\u0103 electronic\u0103 extins\u0103, bazat\u0103 pe un certificat calificat care s\u0103 ateste men\u0163inerea raporturilor de munc\u0103 ori de serviciu pe perioada stabilit\u0103 pentru a se putea acorda ajutorul financiar prev\u0103zut la art. 84<sup>1<\/sup> din lege;\u00a0<\/p>\n\n\n\n<p>d) certificat de atestare fiscal\u0103, eliberat de institu\u0163ia competent\u0103, care s\u0103 ateste c\u0103 la data depunerii cererii angajatorul nu \u00eenregistreaz\u0103 debite provenind din neplata contribu\u0163iilor sociale prev\u0103zute de lege;\u00a0\u2003\u2003 <\/p>\n\n\n\n<p>e) situa\u0163ie privind cuantumul sumei care face obiectul restituirii, reprezent\u00e2nd ajutorul financiar solicitat, \u00eentocmit\u0103 pentru fiecare absolvent \u00een parte, conform modelului prev\u0103zut \u00een <a href=\"\/upload\/5712\/Tabel_sume-_Anexa_3_la_Procedura.docx\"><em>Anexa nr.3<\/em><\/a> la Procedur\u0103;\u00a0<\/p>\n\n\n\n<p>f) statele de plat\u0103, \u00een copie certificat\u0103 de angajator, care s\u0103 prevad\u0103 distinct drepturile salariale ale absolven\u0163ilor \u00eencadra\u0163i \u00een condi\u0163iile art.80 din lege, ale c\u0103ror raporturi de munc\u0103 sau de serviciu sunt men\u0163inute dup\u0103 \u00eendeplinirea obliga\u0163iei prev\u0103zute la art.83 alin.(1) din lege, pentru perioada de unu, respectiv 2 ani, precum \u015fi contribu\u0163iile sociale datorate \u015fi\/sau contribu\u0163ia asiguratorie pentru munc\u0103 datorat\u0103 de angajator pentru absolven\u0163ii respectivi \u015fi semn\u0103tura acestora.\u00a0<br><strong>Depunerea documentelor<\/strong>\u2022 Personal \u2013 la sediul agen\u0163iei\u00a0\u2022 Prin scrisoare recomandat\u0103 cu confirmare de primire\u2022 Prin fax sau e-mail<\/p>\n\n\n\n<p><a href=\"\/upload\/5712\/Decizie_AJOFM-AMOFM-_aprobare-_Anexa_5_la_Procedura.docx\"><em>Decizie AJOFM-AMOFM- aprobare- Anexa 5 la Procedura<\/em><\/a><\/p>\n\n\n\n<p><a href=\"\/upload\/5712\/Decizie_AJOFM-_AMOFM-_respingere-_Anexa_4_la_Procedura.docx\"><em>Decizie AJOFM- AMOFM- respingere- Anexa 4 la Procedura<\/em><\/a><\/p>\n","protected":false},"excerpt":{"rendered":"<p>Ajutorul financiar acordat angajatorilor potrivit art. 841 din Legea nr.76\/2002&nbsp; privind sistemul asigur\u0103rilor pentru \u0219omaj \u0219i stimularea ocup\u0103rii for\u021bei de munc\u0103, cu modific\u0103rile \u0219i complet\u0103rile ulterioare&nbsp;\u00cen temeiul art.841&nbsp;alin.(1) din lege,<\/p>\n","protected":false},"author":1,"featured_media":0,"parent":0,"menu_order":930,"comment_status":"closed","ping_status":"closed","template":"template-parts\/content-with-sidebar.php","meta":{"footnotes":""},"class_list":["post-2337","page","type-page","status-publish","hentry"],"_links":{"self":[{"href":"https:\/\/www.anofm.ro\/bucuresti\/wp-json\/wp\/v2\/pages\/2337","targetHints":{"allow":["GET"]}}],"collection":[{"href":"https:\/\/www.anofm.ro\/bucuresti\/wp-json\/wp\/v2\/pages"}],"about":[{"href":"https:\/\/www.anofm.ro\/bucuresti\/wp-json\/wp\/v2\/types\/page"}],"author":[{"embeddable":true,"href":"https:\/\/www.anofm.ro\/bucuresti\/wp-json\/wp\/v2\/users\/1"}],"replies":[{"embeddable":true,"href":"https:\/\/www.anofm.ro\/bucuresti\/wp-json\/wp\/v2\/comments?post=2337"}],"version-history":[{"count":2,"href":"https:\/\/www.anofm.ro\/bucuresti\/wp-json\/wp\/v2\/pages\/2337\/revisions"}],"predecessor-version":[{"id":5252,"href":"https:\/\/www.anofm.ro\/bucuresti\/wp-json\/wp\/v2\/pages\/2337\/revisions\/5252"}],"wp:attachment":[{"href":"https:\/\/www.anofm.ro\/bucuresti\/wp-json\/wp\/v2\/media?parent=2337"}],"curies":[{"name":"wp","href":"https:\/\/api.w.org\/{rel}","templated":true}]}}