{"id":2329,"date":"2023-12-14T22:54:05","date_gmt":"2023-12-14T20:54:05","guid":{"rendered":"https:\/\/www.anofm.ro\/subventionarea-locurilor-de-munca-pentru-somerii-care-in-termen-de-5-ani-de-la-data-angajarii-indeplinesc-conditiile-de-pensionare\/"},"modified":"2023-12-16T00:39:47","modified_gmt":"2023-12-15T22:39:47","slug":"subventionarea-locurilor-de-munca-pentru-somerii-care-in-termen-de-5-ani-de-la-data-angajarii-indeplinesc-conditiile-de-pensionare","status":"publish","type":"page","link":"https:\/\/www.anofm.ro\/bucuresti\/subventionarea-locurilor-de-munca-pentru-somerii-care-in-termen-de-5-ani-de-la-data-angajarii-indeplinesc-conditiile-de-pensionare\/","title":{"rendered":"Subven\u021bionarea locurilor de munc\u0103 pentru \u0219omerii care, \u00een termen de 5 ani de la dat\u0103 angaj\u0103rii, \u00eendeplinesc condi\u021biile de pensionare"},"content":{"rendered":"\n<p><strong>\u015eomeri care \u00een termen de 5 ani de la data angaj\u0103rii \u00eendeplinesc, conform legii, condi\u0163iile pentru a solicita pensia anticipat\u0103 par\u0163ial\u0103&nbsp;au de acordare a pensiei pentru limit\u0103 de v\u00e2rst\u0103, dac\u0103 nu \u00eendeplinesc condi\u0163iile de a solita pensia anticipat\u0103 par\u0163ial\u0103<\/strong><\/p>\n\n\n\n<p>Conform art.85 alin.(5)din Legea nr.76\/2002 privind sistemul asigur\u0103rilor pentru \u015fomaj \u015fi stimularea ocup\u0103rii for\u0163ei de munc\u0103<\/p>\n\n\n\n<p>Angajatorii care \u00eencadreaz\u0103 \u00een munc\u0103, potrivit legii, \u015fomeri care, \u00een termen de 5 ani de la data angaj\u0103rii, \u00eendeplinesc, conform legii, condi\u0163iile pentru a solicita pensia anticipat\u0103 par\u0163ial\u0103 sau de acordare a pensiei pentru limit\u0103 de v\u00e2rst\u0103, dac\u0103 nu \u00eendeplinesc condi\u0163iile de a solicita pensia anticipat\u0103 par\u0163ial\u0103, beneficiaz\u0103 lunar, pe perioada angaj\u0103rii, p\u00e2n\u0103 la data \u00eendeplinirii condi\u0163iilor respective, de o sum\u0103 \u00een cuantum de 2.250 lei. (art.85 alin.(5) din Legea nr.76\/2002, art.60 alin.(1) din Hot\u0103r\u00e2rea Guvernului nr.174\/2002, art.107 alin.(4) din Hot\u0103r\u00e2rea Guvernului nr.377\/2002)<\/p>\n\n\n\n<p>Pentru acordarea drepturilor prev\u0103zute la art.85 alin.(5) din lege, se impune ca angajatorii s\u0103 \u00eencheie cu agen\u0163ia pentru ocuparea for\u0163ei de munc\u0103 jude\u0163ean\u0103, respectiv a municipiului Bucure\u015fti, \u00een termen de 12 luni de la angaj\u0103rii persoanelor, o conven\u0163ie conform modelului prev\u0103zut \u00een anexa nr.19. (art.59 alin.(1) din Normele metodologice de aplicare a Legii nr.76\/2002, aprobate prin Hot\u0103r\u00e2rea Guvernului nr.174\/2002, cu modific\u0103rile \u015fi complet\u0103rile ulterioare)<\/p>\n\n\n\n<p>Nu beneficiaz\u0103 de subven\u0163ionare conform art.85 alin.(6):<\/p>\n\n\n\n<p>a)&nbsp; angajatorii care \u00een ultimii 2 ani au fost \u00een raporturi de munc\u0103 sau de serviciu cu persoanele angajate din categoriile prev\u0103zute la alin.(1), (2) \u015fi (5);<\/p>\n\n\n\n<p>b)&nbsp;&nbsp;angajatorii la care calitatea de administrator\/asociat este de\u0163inut\u0103 de una sau mai multe persoane fizice sau juridice care au calitatea de administrator\/asociat la al\u0163i angajatori care au beneficiat de cel pu\u0163in una dintre facilit\u0103\u0163ile prev\u0103zute la art.80 \u015fi la alin.(1), (2) \u015fi (5) pentru persoanele \u00een situa\u0163ia c\u0103rora raporturile de munc\u0103 cu angajatorul care a beneficiat de facilit\u0103\u0163i au \u00eencetat prin demisie sau ca urmare a acordului p\u0103r\u0163ilor, conform prevederilor legale, \u00een ultimii 2 ani;<\/p>\n\n\n\n<p>c)&nbsp;&nbsp;angajatorii care la data solicit\u0103rii acord\u0103rii facilita\u0163ii se afl\u0103 \u00een situa\u0163ia de insolven\u0163\u0103, \u00een procedur\u0103 de executare silit\u0103, reorganizare judiciar\u0103, faliment, dizolvare, lichidare ori administrare special\u0103, care au activit\u0103\u0163ile suspendate sau restric\u0163ii asupra acestora;<\/p>\n\n\n\n<p>d)&nbsp;&nbsp;angajatorii la care calitatea de administrator\/asociat este de\u0163inut\u0103 de una sau mai multe persoane fizice care sunt rude sau afini p\u00e2n\u0103 la gradul IV inclusiv cu persoanele care au calitatea de administrator\/asociat la al\u0163i angajatori care au beneficiat de cel pu\u0163in una dintre facilit\u0103\u0163ile prev\u0103zute la art.80 \u015fi la alin.(1), (2) \u015fi (5) pentru persoanele \u00een situa\u0163ia c\u0103rora raporturile de munc\u0103 cu angajatorul care a beneficiat de facilit\u0103\u0163i au \u00eencetat prin demisie sau ca urmare a acordului p\u0103r\u0163ilor, conform prevederilor legale, \u00een ultimii 2 ani.<\/p>\n\n\n\n<p>Nu beneficiaz\u0103 de subven\u0163ia prev\u0103zut\u0103 la art. 85 alin. (5) din lege angajatorii care \u00eencadreaz\u0103 \u00een munc\u0103 \u015fomeri care, la data angaj\u0103rii, \u00eendeplinesc condi\u0163iile pentru a solicita pensie anticipat\u0103 par\u0163ial\u0103 (art.59<sup>1<\/sup> alin.(3) din Hot\u0103r\u00e2rea Guvernului nr.174\/2002)<strong><\/strong><\/p>\n\n\n\n<p>Facilit\u0103\u0163ile prev\u0103zute la alin.(1), (2) \u015fi (5) se acord\u0103 angajatorilor \u00een situa\u0163ia \u00een care tinerii NEET \u015fi persoanele din categoriile men\u0163ionate ( \u015fomeri peste 45 de ani) sunt \u00eenregistra\u0163i ca \u015fomeri \u00een eviden\u0163a agen\u0163iilor pentru ocuparea for\u0163ei de munc\u0103 jude\u0163ene, respectiv a municipiului Bucure\u015fti (art.85 alin.(8) din Legea nr.76\/2002, cu modific\u0103rile \u015fi complet\u0103rile ulterioare).<strong><\/strong><\/p>\n\n\n\n<p><strong><u>DOCUMENTE PENTRU \u00ceNCHEIEREA CONVEN\u0162IEI DIN ANEXA NR.19 DIN HOT\u0102R\u00c2REA GUVERNULUI NR.174\/2002<\/u><\/strong><\/p>\n\n\n\n<p>&nbsp; &nbsp; 1.&nbsp;&nbsp;&nbsp;&nbsp;&nbsp;declara\u0163ie pe propria r\u0103spundere, dat\u0103 prin reprezentantul legal, din care s\u0103 rezulte c\u0103 nu se afl\u0103 \u00een una din situa\u0163iile prev\u0103zute la art.85 alin.(6) din Legea nr.76\/2002 &#8211; <strong>document ata\u0219at mai jos;<\/strong><\/p>\n\n\n\n<p>&nbsp; &nbsp; 2.&nbsp;&nbsp;&nbsp;&nbsp;&nbsp;actul de identitate (copie);<\/p>\n\n\n\n<p>&nbsp; &nbsp; 3.&nbsp;&nbsp;&nbsp;&nbsp;&nbsp;actul \u00een baza c\u0103ruia au fost \u00eencadra\u0163i \u00een munc\u0103 (copie);<\/p>\n\n\n\n<p>&nbsp; &nbsp; 4.&nbsp;&nbsp;&nbsp;&nbsp;&nbsp;certificatul privind stagiul de cotizare \u00een sistemul asigur\u0103rilor sociale de stat realizat p\u00e2n\u0103 la data angaj\u0103rii;<\/p>\n\n\n\n<p>&nbsp; &nbsp; 5.&nbsp; &nbsp;&nbsp; actul eliberat de angajator cu privire la \u00eencadrarea locului de munc\u0103 \u00een condi\u0163ii deosebite sau speciale, dup\u0103 caz (copie);<\/p>\n\n\n\n<p>&nbsp; &nbsp; 6.&nbsp; &nbsp; <a href=\"\/upload\/3273\/model_Act_emis_de_angajator_art.85_cel_mult_5_ani_pana_la_pensie.doc\">actul emis de angajator<\/a>, din care s\u0103 reias\u0103 datele la care persoana \u00eendepline\u015fte condi\u0163iile pentru a solicita pensie anticipat\u0103 par\u0163ial\u0103 sau de acordare a pensiei pentru limit\u0103 de v\u00e2rst\u0103, precum \u015fi modul cum au fost calculate aceste date;<\/p>\n\n\n\n<p>&nbsp; &nbsp; 7.&nbsp;&nbsp;&nbsp;&nbsp;&nbsp;<a href=\"\/upload\/3273\/Conventie_Anexa_19_.docx\">Conven\u0163ie &#8211; anexa nr.19<\/a> din Hot\u0103r\u00e2rea Guvernului nr.174\/2002;<\/p>\n\n\n\n<p>&nbsp; &nbsp; 8.&nbsp;&nbsp;&nbsp;&nbsp;&nbsp;&nbsp;<a href=\"\/upload\/3273\/Anexa_la_conventie_.doc\">Anexa la conven\u0163ia nr.19<\/a> din Hot\u0103r\u00e2rea Guvernului nr.174\/2002.<\/p>\n\n\n\n<p>Documentele care se solicit\u0103 \u00een copie sunt certificate pentru conformitate cu originalul de c\u0103tre angajator conform art. 85 alin.(7) din Legea nr.76\/2002.<\/p>\n\n\n\n<p>Documentele se pot depune de angajator prin prezentare la sediul agen\u0163iei pentru ocuparea for\u0163ei de munc\u0103, respectiv a municipiului Bucure\u015fti, prin scrisoare recomandat\u0103 cu confirmare de primire sau prin mijloace electronice de transmitere la distan\u0163\u0103, conform prevederilor legale, ca urmare a de\u0163inerii unui certificat calificat, eliberat \u00een condi\u0163iile Legii nr.455\/2001&nbsp;privind semn\u0103tura electronic\u0103, republicat\u0103. (art.59 alin.(8) din Hot\u0103r\u00e2rea Guvernului nr.174\/2002, art.106 alin.( 2^1) din Hot\u0103r\u00e2rea Guvernului nr.377\/2002)<\/p>\n\n\n\n<p>\u00cen situa\u0163ia \u00een care documentele transmise \u00een termen nu sunt lizibile, agen\u0163ia pentru ocuparea for\u0163ei de munc\u0103 jude\u0163ean\u0103, respectiv a municipiului Bucure\u015fti, &nbsp;solicit\u0103 angajatorului redepunerea acestora \u00een termen de 5 zile de la data primirii solicit\u0103rii, iar documentele transmise ca urmare a acestei solicit\u0103ri sunt considerate a fi depuse \u00een termen. (art.59 alin.(9) din Hot\u0103r\u00e2rea Guvernului nr.174\/2002, art.105 alin.(3) din Hot\u0103r\u00e2rea Guvernului nr.377\/2002).<\/p>\n\n\n\n<p><strong><u>DOCUMENTE PENTRU PLATA SUBVEN\u0162IEI<\/u><\/strong><\/p>\n\n\n\n<p>&nbsp; &nbsp; &nbsp; 1.&nbsp;&nbsp;&nbsp;&nbsp;&nbsp;tabelul nominal \u00eentocmit conform modelului prev\u0103zut la <em><a href=\"\/upload\/3273\/Anexa_20.doc\">Anexa nr.20<\/a><\/em> din Hot\u0103r\u00e2rea Guvernului nr.174\/2002;<\/p>\n\n\n\n<p>&nbsp; &nbsp; &nbsp; 2.&nbsp;&nbsp;&nbsp;&nbsp;&nbsp;pontajul \u015fi statul de plat\u0103 pentru luna respectiv\u0103, extras, \u00een copie certificat\u0103 de angajator pentru conformitate cu originalul.<\/p>\n\n\n\n<ul class=\"wp-block-list\">\n<li>Angajatorii depun documentele pentru plata subven\u0163iei p\u00e2n\u0103 la data de 25 inclusiv a lunii urm\u0103toare lunii pentru care&nbsp; solicit\u0103 aceast\u0103 sum\u0103;<\/li>\n\n\n\n<li>Documentele se pot depune de angajator prin prezentare la sediul agen\u0163iei, prin scrisoare recomandat\u0103 cu confirmare de primire sau prin mijloace electronice de transmitere la distan\u0163\u0103, conform prevederilor legale, ca urmare a de\u0163inerii unui certificat calificat, eliberat \u00een condi\u0163iile Legii nr.455\/2001&nbsp;privind semn\u0103tura electronic\u0103, republicat\u0103. (art.60 alin.(8) din Hot\u0103r\u00e2rea Guvernului nr.174\/2002, art.106 alin.(2<strong><sup>^<\/sup><\/strong>1) din Hot\u0103r\u00e2rea Guvernului nr.377\/2002);<\/li>\n\n\n\n<li>&nbsp;\u00cen situa\u0163ia \u00een care documentele transmise \u00een termen nu sunt lizibile, agen\u0163ia pentru ocuparea for\u0163ei de munc\u0103 jude\u0163ean\u0103, respectiv a municipiului Bucure\u015fti, solicit\u0103 angajatorului redepunerea acestora p\u00e2n\u0103 \u00een ultima zi a lunii urm\u0103toare lunii pentru care solicit\u0103 acordarea m\u0103surii de stimulare. Termenul se \u00eempline\u015fte la ora 24,00 a ultimei zile din luna urm\u0103toare lunii pentru care solicit\u0103 acordarea m\u0103surii de stimulare. \u00cen situa\u0163ia \u00een care termenul se \u00eempline\u015fte \u00eentr-o zi nelucr\u0103toare, acesta se prelunge\u015fte p\u00e2n\u0103 la sf\u00e2r\u015fitul primei zile lucr\u0103toare care urmeaz\u0103, ora 24. (art.60 alin.(9) din Hot\u0103r\u00e2rea Guvernului nr.174\/2002, art.106 alin.( 2^2), (2^3),&nbsp; (2^4) din Hot\u0103r\u00e2rea Guvernului nr.377\/2002).<\/li>\n<\/ul>\n\n\n\n<p><strong><u>SUBVEN\u0162IA NU SE ACORD\u0102:<\/u><\/strong><\/p>\n\n\n\n<ul class=\"wp-block-list\">\n<li>pe perioadele \u00een care raporturile de munc\u0103 sau de serviciu sunt suspendate ale persoanelor \u00eencadrate \u00een baza conven\u0163iei. (art.107 alin.(7) din Hot\u0103r\u00e2rea Guvernului nr.377\/2002). Perioada de suspendare a raporturilor de munc\u0103 sau de serviciu nu face parte din perioada de acordare a m\u0103surilor de stimulare. (art.107 alin.(8) din Hot\u0103r\u00e2rea Guvernului nr.377\/2002)<\/li>\n\n\n\n<li>pentru luna pentru care angajatorii nu depun documentele pentru acordarea subven\u0163iei p\u00e2n\u0103 la data de 25 inclusiv a lunii urm\u0103toare lunii pentru care solicit\u0103 aceast\u0103 sum\u0103 sau le completeaz\u0103 altfel dec\u00e2t potrivit prevederilor legale ori cu date eronate (art.60 alin.(5), alin.(6) din Hot\u0103r\u00e2rea Guvernului nr.174\/2002, art.106 alin.(3), art.107 alin.(9) din Hot\u0103r\u00e2rea Guvernului nr.377\/2002). Aceast\u0103 perioad\u0103 face parte din perioada de acordare a subven\u0163iei (art.107 alin.(10) din Hot\u0103r\u00e2rea Guvernului nr.377\/2002).<\/li>\n<\/ul>\n\n\n\n<p>Prin excep\u0163ie, m\u0103surile de stimulare prev\u0103zute la art.85 din lege se acord\u0103 pentru luna pentru care documentele depuse sunt corectate \u015fi redepuse p\u00e2n\u0103 \u00een ultima zi a lunii urm\u0103toare lunii pentru care solicit\u0103 acordarea acestor m\u0103suri de stimulare.(art.60 alin.(6^1) din Hot\u0103r\u00e2rea Guvernului nr.174\/2002, art.107 alin.(9^1) Hot\u0103r\u00e2rea Guvernului nr.377\/2002).<\/p>\n\n\n\n<p>Subven\u0163ia se acord\u0103 propor\u0163ional cu timpul efectiv lucrat de persoanele subven\u0163ionate, precum \u015fi pentru perioada \u00een care persoana se afl\u0103 \u00een concediu de odihn\u0103. (art.85 alin.(7) din Legea nr.76\/2002, art.60 alin.(2) din Hot\u0103r\u00e2rea Guvernului nr.174\/2002, art.107 alin.(5), alin.(6) din Hot\u0103r\u00e2rea Guvernului nr.377\/2002).<\/p>\n\n\n\n<ul class=\"wp-block-list\">\n<li><a href=\"\/upload2\/ANOFM\/3273\/Declaratie_proprie_raspundere_angajator_art_85.docx\">Declaratie_proprie_raspundere_angajator_art_85.docx<\/a><\/li>\n<\/ul>\n","protected":false},"excerpt":{"rendered":"<p>\u015eomeri care \u00een termen de 5 ani de la data angaj\u0103rii \u00eendeplinesc, conform legii, condi\u0163iile pentru a solicita pensia anticipat\u0103 par\u0163ial\u0103&nbsp;au de acordare a pensiei pentru limit\u0103 de v\u00e2rst\u0103, dac\u0103<\/p>\n","protected":false},"author":1,"featured_media":0,"parent":0,"menu_order":890,"comment_status":"closed","ping_status":"closed","template":"template-parts\/content-with-sidebar.php","meta":{"footnotes":""},"class_list":["post-2329","page","type-page","status-publish","hentry"],"_links":{"self":[{"href":"https:\/\/www.anofm.ro\/bucuresti\/wp-json\/wp\/v2\/pages\/2329","targetHints":{"allow":["GET"]}}],"collection":[{"href":"https:\/\/www.anofm.ro\/bucuresti\/wp-json\/wp\/v2\/pages"}],"about":[{"href":"https:\/\/www.anofm.ro\/bucuresti\/wp-json\/wp\/v2\/types\/page"}],"author":[{"embeddable":true,"href":"https:\/\/www.anofm.ro\/bucuresti\/wp-json\/wp\/v2\/users\/1"}],"replies":[{"embeddable":true,"href":"https:\/\/www.anofm.ro\/bucuresti\/wp-json\/wp\/v2\/comments?post=2329"}],"version-history":[{"count":1,"href":"https:\/\/www.anofm.ro\/bucuresti\/wp-json\/wp\/v2\/pages\/2329\/revisions"}],"predecessor-version":[{"id":2834,"href":"https:\/\/www.anofm.ro\/bucuresti\/wp-json\/wp\/v2\/pages\/2329\/revisions\/2834"}],"wp:attachment":[{"href":"https:\/\/www.anofm.ro\/bucuresti\/wp-json\/wp\/v2\/media?parent=2329"}],"curies":[{"name":"wp","href":"https:\/\/api.w.org\/{rel}","templated":true}]}}