{"id":2325,"date":"2023-12-14T22:54:05","date_gmt":"2023-12-14T20:54:05","guid":{"rendered":"https:\/\/www.anofm.ro\/subventionarea-locurilor-de-munca-pentru-somerii-care-sunt-unici-sustinatori-ai-familiilor-monoparentale\/"},"modified":"2024-10-31T11:58:52","modified_gmt":"2024-10-31T09:58:52","slug":"subventionarea-locurilor-de-munca-pentru-somerii-care-sunt-unici-sustinatori-ai-familiilor-monoparentale","status":"publish","type":"page","link":"https:\/\/www.anofm.ro\/bucuresti\/subventionarea-locurilor-de-munca-pentru-somerii-care-sunt-unici-sustinatori-ai-familiilor-monoparentale\/","title":{"rendered":"Subven\u021bionarea locurilor de munc\u0103 pentru \u0219omerii care sunt unici sus\u021bin\u0103tori ai familiilor monoparentale"},"content":{"rendered":"\n<p><strong>M\u0103sura de stimulare a angajatorilor conform art.85 alin.(1)<\/strong> <strong>din Legea nr.76\/2002 privind sistemul asigur\u0103rilor pentru \u015fomaj \u015fi stimularea ocup\u0103rii for\u0163ei de munc\u0103, cu modific\u0103rile si complet\u0103rile ulterioare<\/strong><\/p>\n\n\n\n<h1 class=\"wp-block-heading\">\u015eomeri p\u0103rin\u0163i unici sus\u0163in\u0103tori ai familiilor monoparentale<\/h1>\n\n\n\n<p>Angajatorii care \u00eencadreaz\u0103 \u00een munc\u0103, pe perioad\u0103 nedeterminat\u0103, \u015fomeri care sunt p\u0103rin\u0163i unici sus\u0163in\u0103tori ai familiilor monoparentale primesc lunar, de la data \u00eencheierii conven\u0163iei, pe o perioad\u0103 de 12 luni, pentru fiecare persoan\u0103 angajat\u0103 din aceste categorie, o sum\u0103 \u00een cuantum de 2.250 lei, cu obliga\u0163ia men\u0163inerii raporturilor de munc\u0103 sau de serviciu cel pu\u0163in 18 luni de la data \u00eencadr\u0103rii \u00een munc\u0103. (art.85 alin.(1) din Legea nr.76\/2002, art.108 alin.(1) din Hot\u0103r\u00e2rea Guvernului nr.377\/2002)<\/p>\n\n\n\n<p>Aceast\u0103 sum\u0103 se acord\u0103 \u015fi \u00een situa\u0163ia \u00een care, \u00een perioada de acordare a subven\u0163iei,&nbsp; persoanele cu handicap subven\u0163ionate nu mai au statut de p\u0103rinte unic sus\u0163in\u0103tor a familiei monoparentale.(art.85 alin.(3) din Legea nr.76\/2002).<\/p>\n\n\n\n<p>Angajatorii care \u00eencadreaz\u0103 \u00een munc\u0103 persoanele prev\u0103zute la art. 85 alin. (1) din lege \u015fi care \u00eencheie conven\u0163ii cu agen\u0163iile pentru ocuparea for\u0163ei de munc\u0103 sunt obliga\u0163i s\u0103 men\u0163in\u0103 raporturile de munc\u0103 ale acestora cel pu\u0163in 18 luni de la data \u00eencadr\u0103rii \u00een munc\u0103.(art.108 alin.(2) din Hot\u0103r\u00e2rea Guvernului nr.377\/2002).<\/p>\n\n\n\n<p>Prin p\u0103rinte unic sus\u0163in\u0103tor al familiei monoparentale se \u00een\u0163elege persoana singur\u0103, definit\u0103 \u00een sensul Ordonan\u0163ei de urgen\u0163\u0103 a Guvernului nr.105\/2003 privind aloca\u0163ia familial\u0103 complementar\u0103 \u015fi aloca\u0163ia de sus\u0163inere pentru familia monoparental\u0103, aprobat\u0103 cu modific\u0103ri prin Legea nr.41\/2004. <a><\/a>(art.59 alin.(4) din Hot\u0103r\u00e2rea Guvernului nr.174\/2002)<\/p>\n\n\n\n<p>Pentru acordarea drepturilor prev\u0103zute la art.85 alin.(1) din lege (\u015fomeri p\u0103rin\u0163i unici sus\u0163in\u0103tori ai familiilor monoparentale), se impune ca angajatorii s\u0103 \u00eencheie cu agen\u0163ia pentru ocuparea for\u0163ei de munc\u0103 jude\u0163ean\u0103, respectiv a municipiului Bucure\u015fti, \u00een termen de 12 luni de la angaj\u0103rii persoanelor, o conven\u0163ie conform modelului prev\u0103zut \u00een anexa nr.19. (art.59 alin.(1) din Normele metodologice de aplicare a Legii nr.76\/2002, aprobate prin Hot\u0103r\u00e2rea Guvernului nr.174\/2002, cu modific\u0103rile \u015fi complet\u0103rile ulterioare)<\/p>\n\n\n\n<p>Nu beneficiaz\u0103 de subven\u0163ionare conform art.85 alin.(6):<\/p>\n\n\n\n<p>&nbsp; &nbsp; &nbsp; a)&nbsp;angajatorii care \u00een ultimii 2 ani au fost \u00een raporturi de munc\u0103 sau de serviciu cu persoanele angajate din categoriile prev\u0103zute la alin.(1), (2) \u015fi (5);<\/p>\n\n\n\n<p>&nbsp; &nbsp; &nbsp;b)&nbsp;angajatorii la care calitatea de administrator\/asociat este de\u0163inut\u0103 de una sau mai multe persoane fizice sau juridice care au calitatea de administrator\/asociat la al\u0163i angajatori care au beneficiat de cel pu\u0163in una dintre facilit\u0103\u0163ile prev\u0103zute la art.80 \u015fi la alin.(1), (2) \u015fi (5) pentru persoanele \u00een situa\u0163ia c\u0103rora raporturile de munc\u0103 cu angajatorul care a beneficiat de facilit\u0103\u0163i au \u00eencetat prin demisie sau ca urmare a acordului p\u0103r\u0163ilor, conform prevederilor legale, \u00een ultimii 2 ani;<\/p>\n\n\n\n<p>&nbsp; &nbsp; &nbsp; c)&nbsp;angajatorii care la data solicit\u0103rii acord\u0103rii facilita\u0163ii se afl\u0103 \u00een situa\u0163ia de insolven\u0163\u0103, \u00een procedur\u0103 de executare silit\u0103, reorganizare judiciar\u0103, faliment, dizolvare, lichidare ori administrare special\u0103, care au activit\u0103\u0163ile suspendate sau restric\u0163ii asupra acestora;<\/p>\n\n\n\n<p>&nbsp; &nbsp; &nbsp; &nbsp;d)&nbsp;angajatorii la care calitatea de administrator\/asociat este de\u0163inut\u0103 de una sau mai multe persoane fizice care sunt rude sau afini p\u00e2n\u0103 la gradul IV inclusiv cu persoanele care au calitatea de administrator\/asociat la al\u0163i angajatori care au beneficiat de cel pu\u0163in una dintre facilit\u0103\u0163ile prev\u0103zute la art.80 \u015fi la alin.(1), (2) \u015fi (5) pentru persoanele \u00een situa\u0163ia c\u0103rora raporturile de munc\u0103 cu angajatorul care a beneficiat de facilit\u0103\u0163i au \u00eencetat prin demisie sau ca urmare a acordului p\u0103r\u0163ilor, conform prevederilor legale, \u00een ultimii 2 ani.<\/p>\n\n\n\n<p>Angajatorii care beneficiaz\u0103 de subven\u0163ionarea locurilor de munc\u0103 \u00een condi\u0163iile art.80 sau art. 85 alin.(1) \u015fi (2) \u015fi care \u00eenceteaz\u0103 raporturile de munc\u0103 sau de serviciu ale persoanelor \u00eencadrate pe aceste locuri de munc\u0103, din motivele prev\u0103zute la art.83 alin.(2), anterior termenelor prev\u0103zute de lege, nu mai pot beneficia de o nou\u0103 subven\u0163ie din bugetul asigur\u0103rilor pentru \u015fomaj pe o perioad\u0103 de 2 ani de la data \u00eencet\u0103rii raporturilor de munc\u0103 sau de serviciu (art.85<sup>1<\/sup> din Legea nr.76\/2002, cu modific\u0103rile \u015fi complet\u0103rile ulterioare).<\/p>\n\n\n\n<p>Facilit\u0103\u0163ile prev\u0103zute la alin.(1), (2) \u015fi (5) se acord\u0103 angajatorilor \u00een situa\u0163ia \u00een care tinerii NEET \u015fi persoanele din categoriile men\u0163ionate (\u015fomeri p\u0103rin\u0163i unici sus\u0163in\u0103tori ai familiilor monoparentale) sunt \u00eenregistra\u0163i ca \u015fomeri \u00een eviden\u0163a agen\u0163iilor pentru ocuparea for\u0163ei de munc\u0103 jude\u0163ene, respectiv a municipiului Bucure\u015fti (art.85 alin.(8) din Legea nr.76\/2002, cu modific\u0103rile \u015fi complet\u0103rile ulterioare).<\/p>\n\n\n\n<p><strong><u>DOCUMENTE PENTRU \u00ceNCHEIEREA CONVEN\u0162IEI DIN ANEXA NR.19 DIN HOT\u0102R\u00c2REA GUVERNULUI NR.174\/2002<\/u><\/strong><\/p>\n\n\n\n<p>&nbsp; &nbsp; &nbsp; &nbsp;1.&nbsp;declara\u0163ie pe propria r\u0103spundere, dat\u0103 prin reprezentantul legal, din care s\u0103 rezulte c\u0103 nu se afl\u0103 \u00een una din situa\u0163iile prev\u0103zute la art.85 alin.(6) din Legea nr.76\/2002 &#8211; <strong>document ata\u015fat mai jos;<\/strong><\/p>\n\n\n\n<p>&nbsp; &nbsp; &nbsp; &nbsp;2.&nbsp;actul de identitate (copie);<\/p>\n\n\n\n<p>&nbsp; &nbsp; &nbsp; &nbsp;3.&nbsp;actul \u00een baza c\u0103ruia au fost \u00eencadra\u0163i \u00een munc\u0103 (copie);<\/p>\n\n\n\n<p>&nbsp; &nbsp; &nbsp; &nbsp;4.&nbsp;actele prev\u0103zute de lege \u00een cazul familiilor monoparentale, prin care se face dovada privind componen\u0163a familiei, filia\u0163ia copiilor \u015fi situa\u0163ia lor juridic\u0103 fa\u0163\u0103 de reprezentantul legal (copie);<\/p>\n\n\n\n<p>&nbsp; &nbsp; &nbsp; &nbsp;5.&nbsp;declara\u0163ia pe propria r\u0103spundere a p\u0103rintelui c\u0103 membrii familiei monoparentale locuiesc \u00eempreun\u0103;<\/p>\n\n\n\n<p>&nbsp; &nbsp; &nbsp; &nbsp;6.&nbsp;<em><a href=\"\/upload\/3275\/Conventie_Anexa_19_.docx\">C<\/a><\/em><em><a href=\"\/upload\/3275\/Conventie_Anexa_19_.docx\">onven\u0163ie &#8211; anexa nr.19 <\/a>din Hot\u0103r\u00e2rea Guvernului nr.<\/em><em>174\/2002<\/em>;<\/p>\n\n\n\n<p>&nbsp; &nbsp; &nbsp; &nbsp;7.&nbsp;<em><a href=\"\/upload\/3275\/Anexa_la_conventie_.doc\">Anexa la conven\u0163ia nr.19<\/a> din Hot\u0103r\u00e2rea Guvernului nr.<\/em><em>174\/2002<\/em>.<\/p>\n\n\n\n<p>Documentele care se solicit\u0103 \u00een copie sunt certificate pentru conformitate cu originalul de c\u0103tre angajator conform art. 85 alin. (7) din Legea nr.76\/2002.<\/p>\n\n\n\n<p>Documentele se pot depune de angajator prin prezentare la sediul agen\u0163iei pentru ocuparea for\u0163ei de munc\u0103, respectiv a municipiului Bucure\u015fti, prin scrisoare recomandat\u0103 cu confirmare de primire sau prin mijloace electronice de transmitere la distan\u0163\u0103, conform prevederilor legale, ca urmare a de\u0163inerii unui certificat calificat, eliberat \u00een condi\u0163iile <a><\/a>Legii nr.455\/2001&nbsp;privind semn\u0103tura electronic\u0103, republicat\u0103. (art.59 alin.(8) din Hot\u0103r\u00e2rea Guvernului nr.174\/2002, art.106 alin.( 2^1) din Hot\u0103r\u00e2rea Guvernului nr.377\/2002)<\/p>\n\n\n\n<p>\u00cen situa\u0163ia \u00een care documentele transmise \u00een termen nu sunt lizibile, agen\u0163ia pentru ocuparea for\u0163ei de munc\u0103 jude\u0163ean\u0103, respectiv a municipiului Bucure\u015fti, &nbsp;solicit\u0103 angajatorului redepunerea acestora \u00een termen de 5 zile de la data primirii solicit\u0103rii, iar documentele transmise ca urmare a acestei solicit\u0103ri sunt considerate a fi depuse \u00een termen. (art.59 alin.(9) din Hot\u0103r\u00e2rea Guvernului nr.174\/2002, art.105 alin.(3) din Hot\u0103r\u00e2rea Guvernului nr.377\/2002).<\/p>\n\n\n\n<ul class=\"wp-block-list\">\n<li>&nbsp;Angajatorii depun documentele pentru plata subven\u0163iei p\u00e2n\u0103 la data de 25 inclusiv a lunii urm\u0103toare lunii pentru care&nbsp; solicit\u0103 aceast\u0103 sum\u0103;<\/li>\n\n\n\n<li>&nbsp;Documentele se pot depune de angajator prin prezentare la sediul agen\u0163iei, prin scrisoare recomandat\u0103 cu confirmare de primire sau prin mijloace electronice de transmitere la distan\u0163\u0103, conform prevederilor legale, ca urmare a de\u0163inerii unui certificat calificat, eliberat \u00een condi\u0163iile Legii nr.455\/2001&nbsp;privind semn\u0103tura electronic\u0103, republicat\u0103. (art.60 alin.(8) din Hot\u0103r\u00e2rea Guvernului nr.174\/2002, art.106 alin.(2<sup>^<\/sup>1) din Hot\u0103r\u00e2rea Guvernului nr.377\/2002);<\/li>\n\n\n\n<li>&nbsp;\u00cen situa\u0163ia \u00een care documentele transmise \u00een termen nu sunt lizibile, agen\u0163ia pentru ocuparea for\u0163ei de munc\u0103 jude\u0163ean\u0103, respectiv a municipiului Bucure\u015fti, solicit\u0103 angajatorului redepunerea acestora p\u00e2n\u0103 \u00een ultima zi a lunii urm\u0103toare lunii pentru care solicit\u0103 acordarea m\u0103surii de stimulare. Termenul se \u00eempline\u015fte la ora 24,00 a ultimei zile din luna urm\u0103toare lunii pentru care solicit\u0103 acordarea m\u0103surii de stimulare. \u00cen situa\u0163ia \u00een care termenul se \u00eempline\u015fte \u00eentr-o zi nelucr\u0103toare, acesta se prelunge\u015fte p\u00e2n\u0103 la sf\u00e2r\u015fitul primei zile lucr\u0103toare care urmeaz\u0103, ora 24. (art.60 alin.(9) din Hot\u0103r\u00e2rea Guvernului nr.174\/2002, art.106 alin.( 2^2), (2^3),&nbsp; (2^4) din Hot\u0103r\u00e2rea Guvernului nr.377\/2002).<\/li>\n<\/ul>\n\n\n\n<p><strong><u>DOCUMENTE PENTRU PLATA SUBVEN\u0162IEI<\/u><\/strong><\/p>\n\n\n\n<p>&nbsp; &nbsp; &nbsp; 1.&nbsp;tabelul nominal \u00eentocmit conform modelului prev\u0103zut la <em><a href=\"\/upload\/3275\/Anexa_20.doc\">Anexa nr.20<\/a><\/em> din Hot\u0103r\u00e2rea Guvernului nr.174\/2002;<\/p>\n\n\n\n<p>&nbsp; &nbsp; &nbsp; 2.&nbsp;pontajul \u015fi statul de plat\u0103 pentru luna respectiv\u0103, extras, \u00een copie certificat\u0103 de angajator pentru conformitate cu originalul;&nbsp;<\/p>\n\n\n\n<p><strong>SUBVEN\u0162IA NU SE ACORD\u0102:<\/strong><\/p>\n\n\n\n<ul class=\"wp-block-list\">\n<li>pe perioadele \u00een care raporturile de munc\u0103 sau de serviciu sunt suspendate ale persoanelor \u00eencadrate \u00een baza conven\u0163iei. (art.107 alin.(7) din Hot\u0103r\u00e2rea Guvernului nr.377\/2002). Perioada de suspendare a raporturilor de munc\u0103 sau de serviciu nu face parte din perioada de acordare a m\u0103surilor de stimulare. (art.107 alin.(8) din Hot\u0103r\u00e2rea Guvernului nr.377\/2002);<\/li>\n\n\n\n<li>pentru luna pentru care angajatorii nu depun documentele pentru acordarea subven\u0163iei p\u00e2n\u0103 la data de 25 inclusiv a lunii urm\u0103toare lunii pentru care solicit\u0103 aceast\u0103 sum\u0103 sau le completeaz\u0103 altfel dec\u00e2t potrivit prevederilor legale ori cu date eronate (art.60 alin.(5), alin.(6) din Hot\u0103r\u00e2rea Guvernului nr.174\/2002, art.106 alin.(3), art.107 alin.(9) din Hot\u0103r\u00e2rea Guvernului nr.377\/2002). Aceast\u0103 perioad\u0103 face parte din perioada de acordare a subven\u0163iei (art.107 alin.(10) din Hot\u0103r\u00e2rea Guvernului nr.377\/2002).<\/li>\n<\/ul>\n\n\n\n<p>Prin excep\u0163ie, m\u0103surile de stimulare prev\u0103zute la art.85 din lege se acord\u0103 pentru luna pentru care documentele depuse sunt corectate \u015fi redepuse p\u00e2n\u0103 \u00een ultima zi a lunii urm\u0103toare lunii pentru care solicit\u0103 acordarea acestor m\u0103suri de stimulare.( art.60 alin.(6^1) din Hot\u0103r\u00e2rea Guvernului nr.174\/2002, art.107 alin.(9^1) Hot\u0103r\u00e2rea Guvernului nr.377\/2002).<\/p>\n\n\n\n<p>Subven\u0163ia se acord\u0103 propor\u0163ional cu timpul efectiv lucrat de persoanele subven\u0163ionate, precum \u015fi pentru perioada \u00een care persoana se afl\u0103 \u00een concediu de odihn\u0103. (art.85 alin.(7) din Legea nr.76\/2002, art.60 alin.(2) din Hot\u0103r\u00e2rea Guvernului nr.174\/2002, art.107 alin.(5), alin.(6) din Hot\u0103r\u00e2rea Guvernului nr.377\/2002).<\/p>\n\n\n\n<ul class=\"wp-block-list\">\n<li><a href=\"\/upload2\/ANOFM\/3275\/Declaratie_proprie_raspundere_angajator_art_85.docx\">Declaratie_proprie_raspundere_angajator_art_85.docx<\/a><\/li>\n<\/ul>\n","protected":false},"excerpt":{"rendered":"<p>M\u0103sura de stimulare a angajatorilor conform art.85 alin.(1) din Legea nr.76\/2002 privind sistemul asigur\u0103rilor pentru \u015fomaj \u015fi stimularea ocup\u0103rii for\u0163ei de munc\u0103, cu modific\u0103rile si complet\u0103rile ulterioare \u015eomeri p\u0103rin\u0163i unici<\/p>\n","protected":false},"author":1,"featured_media":0,"parent":0,"menu_order":870,"comment_status":"closed","ping_status":"closed","template":"template-parts\/content-with-sidebar.php","meta":{"footnotes":""},"class_list":["post-2325","page","type-page","status-publish","hentry"],"_links":{"self":[{"href":"https:\/\/www.anofm.ro\/bucuresti\/wp-json\/wp\/v2\/pages\/2325","targetHints":{"allow":["GET"]}}],"collection":[{"href":"https:\/\/www.anofm.ro\/bucuresti\/wp-json\/wp\/v2\/pages"}],"about":[{"href":"https:\/\/www.anofm.ro\/bucuresti\/wp-json\/wp\/v2\/types\/page"}],"author":[{"embeddable":true,"href":"https:\/\/www.anofm.ro\/bucuresti\/wp-json\/wp\/v2\/users\/1"}],"replies":[{"embeddable":true,"href":"https:\/\/www.anofm.ro\/bucuresti\/wp-json\/wp\/v2\/comments?post=2325"}],"version-history":[{"count":2,"href":"https:\/\/www.anofm.ro\/bucuresti\/wp-json\/wp\/v2\/pages\/2325\/revisions"}],"predecessor-version":[{"id":5558,"href":"https:\/\/www.anofm.ro\/bucuresti\/wp-json\/wp\/v2\/pages\/2325\/revisions\/5558"}],"wp:attachment":[{"href":"https:\/\/www.anofm.ro\/bucuresti\/wp-json\/wp\/v2\/media?parent=2325"}],"curies":[{"name":"wp","href":"https:\/\/api.w.org\/{rel}","templated":true}]}}