{"id":2315,"date":"2023-12-14T22:54:04","date_gmt":"2023-12-14T20:54:04","guid":{"rendered":"https:\/\/www.anofm.ro\/subventionarea-locurilor-de-munca-pentru-absolventii-de-invatamant\/"},"modified":"2023-12-16T00:41:34","modified_gmt":"2023-12-15T22:41:34","slug":"subventionarea-locurilor-de-munca-pentru-absolventii-de-invatamant","status":"publish","type":"page","link":"https:\/\/www.anofm.ro\/bucuresti\/subventionarea-locurilor-de-munca-pentru-absolventii-de-invatamant\/","title":{"rendered":"Subven\u021bionarea locurilor de munc\u0103 pentru absolven\u021bii de \u00eenv\u0103\u021b\u0103m\u00e2nt"},"content":{"rendered":"\n<p><strong>M\u0103sura de stimulare prev\u0103zut\u0103 la art.80 din Legea nr.76\/2002 privind sistemul asigur\u0103rilor pentru \u015fomaj \u015fi stimularea ocup\u0103rii for\u0163ei de munc\u0103, cu modific\u0103rile \u015fi complet\u0103rile ulterioare<\/strong><\/p>\n\n\n\n<p>Angajatorii care \u00eencadreaz\u0103 \u00een munc\u0103, pe durat\u0103 nedeterminat\u0103, absolven\u0163i ai unor institu\u0163ii de \u00eenv\u0103\u0163\u0103m\u00e2nt primesc lunar, pe o perioad\u0103 de 12 luni, pentru fiecare absolvent \u00eencadrat, o sum\u0103 \u00een cuantum de 2.250 lei. (art.80 alin.(1) din Legea nr.76\/2002)<\/p>\n\n\n\n<p>Angajatorii care \u00eencadreaz\u0103 \u00een munc\u0103 pe durat\u0103 nedeterminat\u0103 absolven\u0163i din r\u00e2ndul persoanelor cu handicap primesc lunar, pentru fiecare absolvent, o sum\u0103 \u00een cuantum de 2.250 lei pe o perioad\u0103 de 18 luni.(art.80 alin.(2) din Legea nr.76\/2002)<\/p>\n\n\n\n<p>Angajatorii care \u00eencadreaz\u0103 absolven\u0163i \u00een condi\u0163iile art. 80 sunt obliga\u0163i s\u0103 men\u0163in\u0103 raporturile de munc\u0103 sau de serviciu ale acestora cel pu\u0163in 18 luni de la data \u00eencheierii. (art.83 alin.(1) din Legea nr.76\/2002)<\/p>\n\n\n\n<p>Prin absolvent al unei institu\u0163ii de \u00eenv\u0103\u0163\u0103m\u00e2nt,&nbsp; \u00een sensul legii invocate,&nbsp; se \u00een\u0163elege persoana care a ob\u0163inut o diplom\u0103 sau un certificat de studii, \u00een condi\u0163iile legii, \u00een una dintre institu\u0163iile de \u00eenv\u0103\u0163\u0103m\u00e2nt gimnazial, profesional, special, liceal, postliceal sau superior, de stat ori particular, autorizat sau acreditat \u00een condi\u0163iile legii.(art.82 din Legea nr.76\/2002, cu modific\u0103rile \u015fi complet\u0103rile ulterioare)<\/p>\n\n\n\n<p>Prin sintagma form\u0103 de \u00eenv\u0103\u0163\u0103m\u00e2nt se \u00een\u0163elege unul dintre urm\u0103toarele niveluri din cadrul sistemului na\u0163ional de \u00eenv\u0103\u0163\u0103m\u00e2nt reglementat prin <a><\/a>Legea educa\u0163iei na\u0163ionale nr. 1\/2011, cu modific\u0103rile \u015fi complet\u0103rile ulterioare:<\/p>\n\n\n\n<p>\u2003\u2003a) \u00eenv\u0103\u0163\u0103m\u00e2nt secundar superior &#8211; ciclul inferior al liceului;<\/p>\n\n\n\n<p>\u2003\u2003b) \u00eenv\u0103\u0163\u0103m\u00e2nt secundar superior &#8211; ciclul superior al liceului sau \u00eenv\u0103\u0163\u0103m\u00e2nt profesional;<\/p>\n\n\n\n<p>\u2003\u2003c) \u00eenv\u0103\u0163\u0103m\u00e2nt ter\u0163iar nonuniversitar &#8211; \u00eenv\u0103\u0163\u0103m\u00e2nt postliceal;<\/p>\n\n\n\n<p>\u2003\u2003d) \u00eenv\u0103\u0163\u0103m\u00e2nt superior. (art.52 alin.(4) din Normele metodologice de aplicare a Legii nr.76\/2002, aprobate prin Hot\u0103r\u00e2rea Guvernului nr.174\/2002, cu modific\u0103rile \u015fi complet\u0103rile ulterioare)<\/p>\n\n\n\n<p>Pentru acordarea drepturilor prev\u0103zute la art.80 din lege, se impune ca angajatorii s\u0103 \u00eencheie cu agen\u0163ia pentru ocuparea for\u0163ei de munc\u0103 jude\u0163ean\u0103, respectiv a municipiului Bucure\u015fti, \u00een termen de 12 luni de la data absolvirii studiilor, o conven\u0163ie conform modelului prev\u0103zut \u00een anexa nr.15. (art.52 alin.(1) din Normele metodologice de aplicare a Legii nr.76\/2002, aprobate prin Hot\u0103r\u00e2rea Guvernului nr.174\/2002, cu modific\u0103rile \u015fi complet\u0103rile ulterioare)<\/p>\n\n\n\n<p>\u00cen sensul legii, data absolvirii studiilor este data de \u00eent\u00e2i a lunii urm\u0103toare celei \u00eenscrise \u00een diplom\u0103 sau, dup\u0103 caz, \u00een certificatul de studii eliberat de c\u0103tre institu\u0163ia de \u00eenv\u0103\u0163\u0103m\u00e2nt de stat sau particular, autorizat\u0103 ori acreditat\u0103 \u00een condi\u0163iile legii, dac\u0103 \u00een cuprinsul acestora nu se specific\u0103, \u00een mod expres, o anumit\u0103 dat\u0103 de absolvire. (art.52 alin.(3) din Normele metodologice de aplicare a Legii nr.76\/2002, aprobate prin Hot\u0103r\u00e2rea Guvernului nr.174\/2002, cu modific\u0103rile \u015fi complet\u0103rile ulterioare)<strong>Nu beneficiaz\u0103 de drepturile prev\u0103zute la art.80 alin. (1) \u015fi (2) din lege:<\/strong><\/p>\n\n\n\n<p>&nbsp; &nbsp; &nbsp;a) angajatorii care au obliga\u0163ia, potrivit legii, de a \u00eencadra \u00een munc\u0103 absolven\u0163i ai institu\u0163iilor de \u00eenv\u0103\u0163\u0103m\u00e2nt;<\/p>\n\n\n\n<p>&nbsp; &nbsp; b) angajatorii care \u00een ultimii 2 ani au fost \u00een raporturi de munc\u0103 cu absolven\u0163ii institu\u0163iilor de \u00eenv\u0103\u0163\u0103m\u00e2nt, cu excep\u0163ia situa\u0163iei \u00een care pentru persoanele respective au fost \u00eencheiate contracte individuale de munc\u0103 pe perioada vacan\u0163elor, \u00een condi\u0163iile <a><\/a>Legii nr. 72\/2007, cu modific\u0103rile ulterioare, indiferent dac\u0103 au beneficiat sau nu de stimulent financiar;&nbsp;<\/p>\n\n\n\n<p>&nbsp; &nbsp; c) angajatorii la care calitatea de administrator\/asociat este de\u0163inut\u0103 de una sau mai multe persoane fizice sau juridice care au calitatea de administrator\/asociat la al\u0163i angajatori care au beneficiat de cel pu\u0163in una dintre facilit\u0103\u0163ile prev\u0103zute la alin. (1) \u015fi (2), precum \u015fi la art. 85, pentru persoanele \u00een situa\u0163ia c\u0103rora raporturile de munc\u0103 cu angajatorul care a beneficiat de facilit\u0103\u0163i au \u00eencetat prin demisie sau ca urmare a acordului p\u0103r\u0163ilor, conform prevederilor legale, \u00een ultimii 2 ani;&nbsp;<\/p>\n\n\n\n<p>&nbsp;&nbsp; d) angajatorii care la data solicit\u0103rii acord\u0103rii m\u0103surii de stimulare a ocup\u0103rii for\u0163ei de munc\u0103 se afl\u0103 \u00een situa\u0163ia de insolven\u0163\u0103, \u00een procedur\u0103 de executare silit\u0103, reorganizare judiciar\u0103, faliment, dizolvare, lichidare ori administrare special\u0103, care au activit\u0103\u0163ile suspendate sau restric\u0163ii asupra acestora.(art.80 alin.(3) din Legea nr.76\/2002, cu modific\u0103rile \u015fi complet\u0103rile ulterioare)<\/p>\n\n\n\n<p>&nbsp; &nbsp; e) angajatorii care \u00eencadreaz\u0103 \u00een munc\u0103, pe durat\u0103 nedeterminat\u0103, absolven\u0163i de \u00eenv\u0103\u0163\u0103m\u00e2nt superior care nu au promovat examenul de licen\u0163\u0103 sau de diplom\u0103; (art.51<sup>1<\/sup> alin.(1) din Normele metodologice de aplicare a Legii nr.76\/2002, aprobate prin Hot\u0103r\u00e2rea Guvernului nr.174\/2002, cu modific\u0103rile \u015fi complet\u0103rile ulterioare.<\/p>\n\n\n\n<p>Angajatorii care beneficiaz\u0103 de subven\u0163ionarea locurilor de munc\u0103 \u00een condi\u0163iile art. 80 sau art.85 alin.(1) \u015fi (2) \u015fi care \u00eenceteaz\u0103 raporturile de munc\u0103 sau de serviciu ale persoanelor \u00eencadrate pe aceste locuri de munc\u0103, din motivele prev\u0103zute la art.83 alin.(2), anterior termenelor prev\u0103zute de lege, nu mai pot beneficia de o nou\u0103 subven\u0163ie din bugetul asigur\u0103rilor pentru \u015fomaj pe o perioad\u0103 de 2 ani de la data \u00eencet\u0103rii raporturilor de munc\u0103 sau de serviciu. (art.85<sup>1<\/sup> din Legea nr.76\/2002, cu modific\u0103rile \u015fi complet\u0103rile ulterioare)<br>\u2003<\/p>\n\n\n\n<p><strong><u>DOCUMENTE PENTRU \u00ceNCHEIEREA CONVEN\u0162IEI<\/u><\/strong><\/p>\n\n\n\n<p>1.&nbsp;&nbsp; <em><a href=\"\/upload\/3281\/Conventie_art.80_anexa_15_Word_Document.docx\">Conven\u0163ie &#8211; anexa nr. 15 la Normele metodologice de aplicare a Legii nr.76\/2002<\/a><\/em>, aprobate prin Hot\u0103r\u00e2rea Guvernului nr.174\/2002, cu modific\u0103rile \u015fi complet\u0103rile ulterioare;<\/p>\n\n\n\n<p>2.&nbsp;&nbsp; <em><a href=\"\/upload\/3281\/Tabel_nominal_cu_absolventii_incadrati_in_munca_Word_Document.docx\">Tabel nominal cu absolven\u0163ii institu\u0163iilor de \u00eenv\u0103\u0163\u0103m\u00e2nt \u00eencadra\u0163i \u00een munc\u0103<\/a><\/em>, conform prevederilor art. 80 din lege, conform modelului anexei la anexa nr. 15 la normele metodologice invocate;<\/p>\n\n\n\n<p>3.&nbsp;&nbsp; Certificate eliberate de organul competent potrivit dispozi\u0163iilor legale, care s\u0103 dovedeasc\u0103 handicapul pentru persoanele prev\u0103zute la art. 80 alin. (2) din lege, dup\u0103 caz;<\/p>\n\n\n\n<p>4.&nbsp;&nbsp; actul de identitate al absolventului, \u00een copie;<\/p>\n\n\n\n<p>5.&nbsp;&nbsp; actul \u00een baza c\u0103ruia au fost \u00eencadra\u0163i \u00een munc\u0103, \u00een copie;<\/p>\n\n\n\n<p>6.&nbsp;&nbsp; actul de absolvire a institu\u0163iei de \u00eenv\u0103\u0163\u0103m\u00e2nt, \u00een copie;<\/p>\n\n\n\n<p>7.&nbsp;&nbsp; Declara\u0163ie pe propria r\u0103spundere a absolventului c\u0103 la data absolvirii studiilor nu avea raporturi de munc\u0103 sau de serviciu (<a href=\"\/upload\/3281\/declaratie_angajat.docx\"><em>Model declara\u0163ie<\/em><\/a>) ;<\/p>\n\n\n\n<p>8.&nbsp;&nbsp; Declara\u0163ie pe propria r\u0103spundere a angajatorului, dat\u0103 prin reprezentantul legal, din care s\u0103 rezulte c\u0103 posturile pe care au fost \u00eencadra\u0163i absolven\u0163i \u00een condi\u0163iile art. 80 din lege nu sunt posturi de munc\u0103 re\u00eenfiin\u0163ate \u00een mai pu\u0163in de 6 luni de la desfiin\u0163area acestora \u015fi angajatorul nu se afl\u0103 \u00een una dintre situa\u0163iile prev\u0103zute la art. 80 alin. (3) din lege&nbsp;(<a href=\"\/upload\/3281\/declaratie_97_g_posturi_reinfiintate.doc\"><em>Model declara\u0163ie<\/em><\/a>);<\/p>\n\n\n\n<p>9.&nbsp;&nbsp; Declara\u0163ie pe propria r\u0103spundere a angajatorului, din care s\u0103 rezulte c\u0103 absolven\u0163ii \u00eencadra\u0163i \u00een condi\u0163iile art. 80 din lege nu efectueaz\u0103 reziden\u0163iatul \u015fi\/sau nu mai au obliga\u0163ia de a lucra \u00een unitatea sanitar\u0103 pe o perioad\u0103 egal\u0103 cu durata finan\u0163\u0103rii reziden\u0163iatului \u015fi\/sau angajatorul nu mai beneficiaz\u0103 pentru absolven\u0163ii respectivi de alte m\u0103suri de stimulare prev\u0103zute de lege sau de subven\u0163ii, indiferent de forma lor, de la bugetul general consolidat, Fondul na\u0163ional unic de asigur\u0103ri sociale de s\u0103n\u0103tate, bugetele locale, alte bugete \u015fi fonduri de stat sau locale, dup\u0103 caz.&nbsp; (Art.97 alin.(1) din Procedurile privind accesul la m\u0103surile pentru stimularea ocup\u0103rii for\u0163ei de munc\u0103, modalit\u0103\u0163ile de finan\u0163are \u015fi instruc\u0163iunile de implementare a acestora, aprobate prin Hot\u0103r\u00e2rea Guvernului nr.377\/2002, cu modific\u0103rile \u015fi complet\u0103rile ulterioare)<\/p>\n\n\n\n<p><a href=\"\/upload\/3281\/declaratie_97_h_rezidetiatul.doc\"><em>Model declara\u0163ie <\/em><\/a>potrivit prevederilor art. 97 lit. h)&nbsp;din HG nr.377\/2002<br><a href=\"\/upload\/3281\/declaratie_97_g_posturi_reinfiintate.doc\"><em>Model declaratie<\/em><\/a>&nbsp;potrivit&nbsp;prevederilor&nbsp;art. 97 lit. g)&nbsp;din HG&nbsp;nr.377\/2002<\/p>\n\n\n\n<p><a href=\"\/upload\/3281\/declaratie_80_3_c.doc\"><em>Model declara\u0163ie<\/em><\/a>&nbsp;potrivit&nbsp;prevederilor&nbsp;art. 80 lit. c) din Legea 76\/2002<\/p>\n\n\n\n<p><a href=\"\/upload\/3281\/declaratie_80_3_d.doc\"><em>Model declara\u0163ie<\/em><\/a>&nbsp;potrivit&nbsp;aprevederilor art. 80 lit. d)&nbsp;din Legea 76\/2002<\/p>\n\n\n\n<p>Documentele care se solicit\u0103 \u00een copie, sunt certificate pentru conformitate cu originalul de c\u0103tre angajator. (art.97 alin.(2) din procedurile invocate)<\/p>\n\n\n\n<p>Documentele anterior mentionate se pot depune de angajator prin prezentare la sediul agen\u0163iei pentru ocuparea for\u0163ei de munc\u0103 judetene sau a muncipiului Bucuresti, prin scrisoare recomandat\u0103 cu confirmare de primire sau prin mijloace electronice de transmitere la distan\u0163\u0103, conform prevederilor legale, ca urmare a de\u0163inerii unui certificat calificat, eliberat \u00een condi\u0163iile Legii nr. 455\/2001 privind semn\u0103tura electronic\u0103, republicat\u0103.<\/p>\n\n\n\n<p><strong><u>ACORDAREA SUMEI PREV\u0102ZUT\u0102 LA ART.80 DIN LEGEA NR.76\/2002, CU&nbsp; MODIFIC\u0102RILE \u015eI COMPLET\u0102RILE ULTERIOARE<\/u><\/strong><\/p>\n\n\n\n<p>Pentru verificarea \u015fi acordarea sumei lunare cuvenite potrivit art. 80 din lege, angajatorii depun p\u00e2n\u0103 la data de 25 inclusiv a lunii urm\u0103toare lunii pentru care solicit\u0103 aceast\u0103 sum\u0103, la agen\u0163ia pentru ocuparea for\u0163ei de munc\u0103 jude\u0163ean\u0103, respectiv a municipiului Bucure\u015fti, un tabel nominal,&nbsp; al c\u0103rui model este prev\u0103zut \u00een anexa nr.16, \u00eenso\u0163it de copia certificat\u0103 de angajator pentru conformitate cu originalul a extraselor din pontaj \u015fi din statul de plat\u0103 (art.54 alin.(4) din Normele metodologice de aplicare a Legii nr.76\/2002, aprobate prin Hot\u0103r\u00e2rea Guvernului nr.174\/2002, cu modific\u0103rile \u015fi complet\u0103rile ulterioare;<\/p>\n\n\n\n<p>Documentele anterior mentionate se pot depune de angajator prin prezentare la sediul agen\u0163iei, prin scrisoare recomandat\u0103 cu confirmare de primire sau prin mijloace electronice de transmitere la distan\u0163\u0103, conform prevederilor legale, ca urmare a de\u0163inerii unui certificat calificat, eliberat \u00een condi\u0163iile <a><\/a>Legii nr. 455\/2001 privind semn\u0103tura electronic\u0103, republicat\u0103 (art.54 alin.(7) din normele metodologice invocate).<\/p>\n\n\n\n<p><strong>&nbsp; Documente:<\/strong><\/p>\n\n\n\n<ul class=\"wp-block-list\">\n<li><em><a href=\"\/upload\/3281\/Tabel_anexa_16_Word_Document.docx\">Tabel nominal<\/a><\/em><em>&nbsp;(Anexa nr. 16&nbsp; din Normele metodologice de aplicare a Legii nr.76\/2002)<\/em>, aprobate prin Hot\u0103r\u00e2rea Guvernului nr.174\/2002, cu modific\u0103rile \u015fi complet\u0103rile ulterioare;<\/li>\n\n\n\n<li>&nbsp;Pontaj \u015fi stat de plat\u0103 pentru luna respectiv\u0103 \u00een <strong>copie certificat\u0103 de angajator pentru conformitate cu originalul.<\/strong><\/li>\n<\/ul>\n\n\n\n<p>&nbsp;&nbsp;&nbsp;&nbsp;&nbsp; M\u0103sura prev\u0103zut\u0103 la art.80 din Legea nr.76\/2002, cu modific\u0103rile \u015fi complet\u0103rile ulterioare, nu se acord\u0103:<\/p>\n\n\n\n<ul class=\"wp-block-list\">\n<li>pe perioadele \u00een care raporturile de munc\u0103 sau de serviciu sunt suspendate. (art.81 alin.(1) din Legea nr.76\/2002, cu modific\u0103rile \u015fi complet\u0103rile ulterioare). Perioada de suspendare a raporturilor de munc\u0103 sau de serviciu nu face parte din perioada de acordare a m\u0103surilor de stimulare. (art.98 alin.(6) din Procedurile privind accesul la m\u0103surile pentru stimularea ocup\u0103rii for\u0163ei de munc\u0103, modalit\u0103\u0163ile de finan\u0163are \u015fi instruc\u0163iunile de implementare a acestora, aprobate prin Hot\u0103r\u00e2rea Guvernului nr.377\/2002, cu modific\u0103rile \u015fi complet\u0103rile ulterioare)<\/li>\n\n\n\n<li>pentru luna pentru care angajatorii nu depun documentele prev\u0103zute de lege pentru verificarea \u015fi acordarea sumelor cuvenite pentru luna respectiv\u0103 \u00een termenul prev\u0103zut la art. 54 alin. (4) din norme, respectiv p\u00e2n\u0103 la data de 25 inclusiv a lunii urm\u0103toare lunii pentru care solicit\u0103 aceast\u0103 sum\u0103 sau le completeaz\u0103 altfel dec\u00e2t potrivit prevederilor legale ori cu date eronate.(art.98 alin.(7) din procedurile invocate). Aceast\u0103 perioad\u0103 face parte din perioada de acordare a subven\u0163iei. (art.99 alin. 31 din procedurile invocate). Prin excep\u0163ie, m\u0103surile de stimulare prev\u0103zute la art.80 din lege se acord\u0103 pentru luna pentru care documentele sunt corectate \u015fi depuse p\u00e2n\u0103 la \u00eemplinirea termenului prev\u0103zut la art.54 alin. (5<sup>1<\/sup>) din norme, respectiv p\u00e2n\u0103 \u00een ultima zi a lunii urm\u0103toare lunii pentru care solicit\u0103 acordarea acestei m\u0103suri de stimulare (art.98 alin.(7<sup>1<\/sup>) din procedurile invocate)<\/li>\n<\/ul>\n","protected":false},"excerpt":{"rendered":"<p>M\u0103sura de stimulare prev\u0103zut\u0103 la art.80 din Legea nr.76\/2002 privind sistemul asigur\u0103rilor pentru \u015fomaj \u015fi stimularea ocup\u0103rii for\u0163ei de munc\u0103, cu modific\u0103rile \u015fi complet\u0103rile ulterioare Angajatorii care \u00eencadreaz\u0103 \u00een munc\u0103,<\/p>\n","protected":false},"author":1,"featured_media":0,"parent":0,"menu_order":820,"comment_status":"closed","ping_status":"closed","template":"template-parts\/content-with-sidebar.php","meta":{"footnotes":""},"class_list":["post-2315","page","type-page","status-publish","hentry"],"_links":{"self":[{"href":"https:\/\/www.anofm.ro\/bucuresti\/wp-json\/wp\/v2\/pages\/2315","targetHints":{"allow":["GET"]}}],"collection":[{"href":"https:\/\/www.anofm.ro\/bucuresti\/wp-json\/wp\/v2\/pages"}],"about":[{"href":"https:\/\/www.anofm.ro\/bucuresti\/wp-json\/wp\/v2\/types\/page"}],"author":[{"embeddable":true,"href":"https:\/\/www.anofm.ro\/bucuresti\/wp-json\/wp\/v2\/users\/1"}],"replies":[{"embeddable":true,"href":"https:\/\/www.anofm.ro\/bucuresti\/wp-json\/wp\/v2\/comments?post=2315"}],"version-history":[{"count":1,"href":"https:\/\/www.anofm.ro\/bucuresti\/wp-json\/wp\/v2\/pages\/2315\/revisions"}],"predecessor-version":[{"id":2841,"href":"https:\/\/www.anofm.ro\/bucuresti\/wp-json\/wp\/v2\/pages\/2315\/revisions\/2841"}],"wp:attachment":[{"href":"https:\/\/www.anofm.ro\/bucuresti\/wp-json\/wp\/v2\/media?parent=2315"}],"curies":[{"name":"wp","href":"https:\/\/api.w.org\/{rel}","templated":true}]}}