{"id":2313,"date":"2023-12-14T22:54:04","date_gmt":"2023-12-14T20:54:04","guid":{"rendered":"https:\/\/www.anofm.ro\/stimulente-acordate-angajatorilor\/"},"modified":"2023-12-15T20:12:41","modified_gmt":"2023-12-15T18:12:41","slug":"stimulente-acordate-angajatorilor","status":"publish","type":"page","link":"https:\/\/www.anofm.ro\/bucuresti\/stimulente-acordate-angajatorilor\/","title":{"rendered":"Stimulente acordate angajatorilor"},"content":{"rendered":"\n<div class=\"wp-block-columns is-layout-flex wp-container-core-columns-is-layout-9d6595d7 wp-block-columns-is-layout-flex\">\n<div class=\"wp-block-column is-layout-flow wp-block-column-is-layout-flow\">\n<a class=\"fancybox\" href=\"\/bucuresti\/stimulente-acordate-angajatorilor\/subventionarea-locurilor-de-munca-pentru-absolventii-de-invatamant\/\" target=\"\" rel=\"noopener\"><div class=\"fancybox-bg\" style=\"background-image:url(https:\/\/www.anofm.ro\/wp-content\/uploads\/2023\/12\/bg-fancybox-subventionarea-locurilor-de-munca-pentru-absolventii-de-invatamant.png)\"><\/div><div class=\"fancybox-overlay\"><\/div><div class=\"fancybox-inner\"><div class=\"fancybox-heading-wrap\"><p class=\"h3\">Subven\u021bionarea locurilor de munc\u0103 pentru absolven\u021bii de \u00eenv\u0103\u021b\u0103m\u00e2nt<\/p><\/div><\/div><\/a>\n<\/div>\n\n\n\n<div class=\"wp-block-column is-layout-flow wp-block-column-is-layout-flow\">\n<a class=\"fancybox\" href=\"\/bucuresti\/stimulente-acordate-angajatorilor\/subventionarea-locurilor-de-munca-pentru-tinerii-neet\/\" target=\"\" rel=\"noopener\"><div class=\"fancybox-bg\" style=\"background-image:url(https:\/\/www.anofm.ro\/wp-content\/uploads\/2023\/12\/bg-fancybox-subventionarea-locurilor-de-munca-pentru-tinerii-neet.png)\"><\/div><div class=\"fancybox-overlay\"><\/div><div class=\"fancybox-inner\"><div class=\"fancybox-heading-wrap\"><p class=\"h3\">Subven\u021bionarea locurilor de munc\u0103 pentru tinerii NEET<\/p><\/div><\/div><\/a>\n<\/div>\n\n\n\n<div class=\"wp-block-column is-layout-flow wp-block-column-is-layout-flow\">\n<a class=\"fancybox\" href=\"\/bucuresti\/stimulente-acordate-angajatorilor\/subventii-acordate-pentru-incadrarea-tinerilor-in-risc-de-marginalizare-sociala\/\" target=\"\" rel=\"noopener\"><div class=\"fancybox-bg\" style=\"background-image:url(https:\/\/www.anofm.ro\/wp-content\/uploads\/2023\/12\/bg-fancybox-subventii-acordate-pentru-incadrarea-tinerilor-in-risc-de-marginalizare-sociala.png)\"><\/div><div class=\"fancybox-overlay\"><\/div><div class=\"fancybox-inner\"><div class=\"fancybox-heading-wrap\"><p class=\"h3\">Subven\u021bii acordate pentru \u00eencadrarea tinerilor \u00een risc de marginalizare social\u0103<\/p><\/div><\/div><\/a>\n<\/div>\n<\/div>\n\n\n\n<div class=\"wp-block-columns is-layout-flex wp-container-core-columns-is-layout-9d6595d7 wp-block-columns-is-layout-flex\">\n<div class=\"wp-block-column is-layout-flow wp-block-column-is-layout-flow\">\n<a class=\"fancybox\" href=\"\/bucuresti\/stimulente-acordate-angajatorilor\/subventionarea-locurilor-de-munca-pentru-somerii-de-lunga-durata\/\" target=\"\" rel=\"noopener\"><div class=\"fancybox-bg\" style=\"background-image:url(https:\/\/www.anofm.ro\/wp-content\/uploads\/2023\/12\/bg-fancybox-subventionarea-locurilor-de-munca-pentru-somerii-de-lunga-durata.png)\"><\/div><div class=\"fancybox-overlay\"><\/div><div class=\"fancybox-inner\"><div class=\"fancybox-heading-wrap\"><p class=\"h3\">Subven\u021bionarea locurilor de munc\u0103 pentru \u0219omerii de lung\u0103 durata<\/p><\/div><\/div><\/a>\n<\/div>\n\n\n\n<div class=\"wp-block-column is-layout-flow wp-block-column-is-layout-flow\">\n<a class=\"fancybox\" href=\"\/bucuresti\/stimulente-acordate-angajatorilor\/subventionarea-locurilor-de-munca-pentru-persoane-cu-handicap\/\" target=\"\" rel=\"noopener\"><div class=\"fancybox-bg\" style=\"background-image:url(https:\/\/www.anofm.ro\/wp-content\/uploads\/2023\/12\/bg-fancybox-subventionarea-locurilor-de-munca-pentru-persoane-cu-handicap.png)\"><\/div><div class=\"fancybox-overlay\"><\/div><div class=\"fancybox-inner\"><div class=\"fancybox-heading-wrap\"><p class=\"h3\">Subven\u021bionarea locurilor de munc\u0103 pentru persoane cu handicap<\/p><\/div><\/div><\/a>\n<\/div>\n\n\n\n<div class=\"wp-block-column is-layout-flow wp-block-column-is-layout-flow\">\n<a class=\"fancybox\" href=\"\/bucuresti\/stimulente-acordate-angajatorilor\/subventionarea-locurilor-de-munca-pentru-somerii-care-sunt-unici-sustinatori-ai-familiilor-monoparentale\/\" target=\"\" rel=\"noopener\"><div class=\"fancybox-bg\" style=\"background-image:url(https:\/\/www.anofm.ro\/wp-content\/uploads\/2023\/12\/bg-fancybox-subventionarea-locurilor-de-munca-pentru-somerii-care-sunt-unici-sustinatori-ai-familiilor-monoparentale.png)\"><\/div><div class=\"fancybox-overlay\"><\/div><div class=\"fancybox-inner\"><div class=\"fancybox-heading-wrap\"><p class=\"h3\">Subven\u021bionarea locurilor de munc\u0103 pentru \u0219omerii care sunt unici sus\u021b\u00een\u0103tori ai familiilor monoparentale<\/p><\/div><\/div><\/a>\n<\/div>\n<\/div>\n\n\n\n<div class=\"wp-block-columns is-layout-flex wp-container-core-columns-is-layout-9d6595d7 wp-block-columns-is-layout-flex\">\n<div class=\"wp-block-column is-layout-flow wp-block-column-is-layout-flow\">\n<a class=\"fancybox\" href=\"\/bucuresti\/stimulente-acordate-angajatorilor\/subventionarea-locurilor-de-munca-pentru-somerii-peste-45-de-ani\/\" target=\"\" rel=\"noopener\"><div class=\"fancybox-bg\" style=\"background-image:url(https:\/\/www.anofm.ro\/wp-content\/uploads\/2023\/12\/bg-fancybox-subventionarea-locurilor-de-munca-pentru-somerii-peste-45-de-ani.png)\"><\/div><div class=\"fancybox-overlay\"><\/div><div class=\"fancybox-inner\"><div class=\"fancybox-heading-wrap\"><p class=\"h3\">Subven\u021bionarea locurilor de munc\u0103 pentru \u0219omerii peste 45 de ani<\/p><\/div><\/div><\/a>\n<\/div>\n\n\n\n<div class=\"wp-block-column is-layout-flow wp-block-column-is-layout-flow\">\n<a class=\"fancybox\" href=\"\/bucuresti\/stimulente-acordate-angajatorilor\/subventionarea-locurilor-de-munca-pentru-somerii-care-in-termen-de-5-ani-de-la-data-angajarii-indeplinesc-conditiile-de-pensionare\/\" target=\"\" rel=\"noopener\"><div class=\"fancybox-bg\" style=\"background-image:url(https:\/\/www.anofm.ro\/wp-content\/uploads\/2023\/12\/bg-fancybox-subventionarea-locurilor-de-munca-pentru-somerii-care-in-termen-de-5-ani-de-la-data-angajarii.png)\"><\/div><div class=\"fancybox-overlay\"><\/div><div class=\"fancybox-inner\"><div class=\"fancybox-heading-wrap\"><p class=\"h3\">Subven\u021bionarea locurilor de munc\u0103 pentru \u0219omerii care, \u00een termen de 5 ani de la dat\u0103 angaj\u0103rii, \u00eendeplinesc condi\u021biile de pensionare<\/p><\/div><\/div><\/a>\n<\/div>\n\n\n\n<div class=\"wp-block-column is-layout-flow wp-block-column-is-layout-flow\">\n<a class=\"fancybox\" href=\"\/bucuresti\/stimulente-acordate-angajatorilor\/subventii-acordate-pentru-organizarea-de-programe-de-ucenicie\/\" target=\"\" rel=\"noopener\"><div class=\"fancybox-bg\" style=\"background-image:url(https:\/\/www.anofm.ro\/wp-content\/uploads\/2023\/12\/bg-fancybox-subventii-acordate-pentru-organizarea-de-programe-de-ucenicie.png)\"><\/div><div class=\"fancybox-overlay\"><\/div><div class=\"fancybox-inner\"><div class=\"fancybox-heading-wrap\"><p class=\"h3\">Subven\u021bii acordate pentru organizarea de programe de ucenicie<\/p><\/div><\/div><\/a>\n<\/div>\n<\/div>\n\n\n\n<div class=\"wp-block-columns is-layout-flex wp-container-core-columns-is-layout-9d6595d7 wp-block-columns-is-layout-flex\">\n<div class=\"wp-block-column is-layout-flow wp-block-column-is-layout-flow\">\n<a class=\"fancybox\" href=\"\/bucuresti\/stimulente-acordate-angajatorilor\/subventii-pentru-efectuarea-stagiului-pentru-absolventii-de-invatamant-superior\/\" target=\"\" rel=\"noopener\"><div class=\"fancybox-bg\" style=\"background-image:url(https:\/\/www.anofm.ro\/wp-content\/uploads\/2023\/12\/bg-fancybox-subventii-pentru-efectuarea-stagiului-pentru-absolventii-de-invatamant-superior.png)\"><\/div><div class=\"fancybox-overlay\"><\/div><div class=\"fancybox-inner\"><div class=\"fancybox-heading-wrap\"><p class=\"h3\">Subven\u021bii pentru efectuarea stagiului pentru absolven\u021bii de \u00eenv\u0103\u021b\u0103m\u00e2nt superior<\/p><\/div><\/div><\/a>\n<\/div>\n\n\n\n<div class=\"wp-block-column is-layout-flow wp-block-column-is-layout-flow\">\n<a class=\"fancybox\" href=\"\/bucuresti\/stimulente-acordate-angajatorilor\/subventii-pentru-incadrarea-elevilor-si-studentilor-pe-perioada-vacantelor\/\" target=\"\" rel=\"noopener\"><div class=\"fancybox-bg\" style=\"background-image:url(https:\/\/www.anofm.ro\/wp-content\/uploads\/2023\/12\/bg-fancybox-subventii-pentru-incadrarea-elevilor-si-studentilor-pe-perioada-vacantelor.png)\"><\/div><div class=\"fancybox-overlay\"><\/div><div class=\"fancybox-inner\"><div class=\"fancybox-heading-wrap\"><p class=\"h3\">Subven\u021bii pentru \u00eencadrarea elevilor \u0219i studen\u021bilor pe perioada vacan\u021belor<\/p><\/div><\/div><\/a>\n<\/div>\n\n\n\n<div class=\"wp-block-column is-layout-flow wp-block-column-is-layout-flow\">\n<a class=\"fancybox\" href=\"\/bucuresti\/stimulente-acordate-angajatorilor\/ajutor-financiar-acordat-angajatorilor-portivit-art-841\/\" target=\"\" rel=\"noopener\"><div class=\"fancybox-bg\" style=\"background-image:url(https:\/\/www.anofm.ro\/wp-content\/uploads\/2023\/12\/bg-fancybox-ajutor-financiar-acordat-angajatorilor-portivit-art-84-1.png)\"><\/div><div class=\"fancybox-overlay\"><\/div><div class=\"fancybox-inner\"><div class=\"fancybox-heading-wrap\"><p class=\"h3\">Ajutor financiar acordat angajatorilor portivit Art. 84^1<\/p><\/div><\/div><\/a>\n<\/div>\n<\/div>\n","protected":false},"excerpt":{"rendered":"","protected":false},"author":1,"featured_media":0,"parent":0,"menu_order":810,"comment_status":"closed","ping_status":"closed","template":"","meta":{"footnotes":""},"class_list":["post-2313","page","type-page","status-publish","hentry"],"_links":{"self":[{"href":"https:\/\/www.anofm.ro\/bucuresti\/wp-json\/wp\/v2\/pages\/2313","targetHints":{"allow":["GET"]}}],"collection":[{"href":"https:\/\/www.anofm.ro\/bucuresti\/wp-json\/wp\/v2\/pages"}],"about":[{"href":"https:\/\/www.anofm.ro\/bucuresti\/wp-json\/wp\/v2\/types\/page"}],"author":[{"embeddable":true,"href":"https:\/\/www.anofm.ro\/bucuresti\/wp-json\/wp\/v2\/users\/1"}],"replies":[{"embeddable":true,"href":"https:\/\/www.anofm.ro\/bucuresti\/wp-json\/wp\/v2\/comments?post=2313"}],"version-history":[{"count":1,"href":"https:\/\/www.anofm.ro\/bucuresti\/wp-json\/wp\/v2\/pages\/2313\/revisions"}],"predecessor-version":[{"id":2692,"href":"https:\/\/www.anofm.ro\/bucuresti\/wp-json\/wp\/v2\/pages\/2313\/revisions\/2692"}],"wp:attachment":[{"href":"https:\/\/www.anofm.ro\/bucuresti\/wp-json\/wp\/v2\/media?parent=2313"}],"curies":[{"name":"wp","href":"https:\/\/api.w.org\/{rel}","templated":true}]}}