{"id":2307,"date":"2023-12-14T22:54:04","date_gmt":"2023-12-14T20:54:04","guid":{"rendered":"https:\/\/www.anofm.ro\/declarare-locuri-de-munca-vacante\/"},"modified":"2023-12-16T00:42:16","modified_gmt":"2023-12-15T22:42:16","slug":"declarare-locuri-de-munca-vacante","status":"publish","type":"page","link":"https:\/\/www.anofm.ro\/bucuresti\/declarare-locuri-de-munca-vacante\/","title":{"rendered":"Declarare locuri de munc\u0103 vacante"},"content":{"rendered":"\n<p>S\u0103 comunice agen\u0163iei jude\u0163ene pentru ocuparea for\u0163ei de munc\u0103, toate locurile de munc\u0103 vacante, <strong>\u00een termen de 5 zile<\/strong> lucr\u0103toare de la vacantarea acestora, prin completarea \u015fi transmiterea <em><a href=\"\/upload\/3265\/anexa_1a.doc\">Anexei 1A<\/a><\/em> din Normele metodologice pentru aplicarea Legii nr. 76\/2002 privind sistemul asigur\u0103rilor pentru \u015fomaj \u015fi stimularea ocup\u0103rii for\u0163ei de munc\u0103.<\/p>\n\n\n\n<p>De asemenea, au obliga\u0163ia s\u0103 comunice \u015fi ocuparea locurilor de munc\u0103 vacante care au fost comunicate, <strong>\u00een termen de o zi<\/strong> de la data ocup\u0103rii acestora, \u00een condi\u0163iile legii, prin completarea \u015fi transmiterea&nbsp;<em><a href=\"\/upload\/3265\/anexa_1b.doc\">Anexei 1B<\/a><\/em> din Normele metodologice pentru aplicarea&nbsp;Legii nr. 76\/2002 privind sistemul asigur\u0103rilor pentru \u015fomaj \u015fi stimularea ocup\u0103rii for\u0163ei de munc\u0103.<\/p>\n\n\n\n<p>Prin locuri de munc\u0103 vacante, potrivit Legii nr. 76\/2002, sunt locurile de munc\u0103 devenite disponibile ca urmare a \u00eencet\u0103rii raportuluilor de munc\u0103 sau de serviciu, precum \u015fi locurile de munc\u0103 nou-create.<\/p>\n\n\n\n<p>Angajatorii care au \u00eencadrat \u00een munc\u0103, conform legii, persoane din r\u00e2ndul beneficiarilor de indemniza\u0163ie de \u015fomaj au obliga\u0163ia de a anun\u0163a <strong>\u00een termen de<\/strong> <strong>3 zile<\/strong> agen\u0163iile pentru ocuparea for\u0163ei de munc\u0103 la care ace\u015ftia au fost \u00eenregistra\u0163i.<\/p>\n","protected":false},"excerpt":{"rendered":"<p>S\u0103 comunice agen\u0163iei jude\u0163ene pentru ocuparea for\u0163ei de munc\u0103, toate locurile de munc\u0103 vacante, \u00een termen de 5 zile lucr\u0103toare de la vacantarea acestora, prin completarea \u015fi transmiterea Anexei 1A<\/p>\n","protected":false},"author":1,"featured_media":0,"parent":0,"menu_order":780,"comment_status":"closed","ping_status":"closed","template":"template-parts\/content-with-sidebar.php","meta":{"footnotes":""},"class_list":["post-2307","page","type-page","status-publish","hentry"],"_links":{"self":[{"href":"https:\/\/www.anofm.ro\/bucuresti\/wp-json\/wp\/v2\/pages\/2307","targetHints":{"allow":["GET"]}}],"collection":[{"href":"https:\/\/www.anofm.ro\/bucuresti\/wp-json\/wp\/v2\/pages"}],"about":[{"href":"https:\/\/www.anofm.ro\/bucuresti\/wp-json\/wp\/v2\/types\/page"}],"author":[{"embeddable":true,"href":"https:\/\/www.anofm.ro\/bucuresti\/wp-json\/wp\/v2\/users\/1"}],"replies":[{"embeddable":true,"href":"https:\/\/www.anofm.ro\/bucuresti\/wp-json\/wp\/v2\/comments?post=2307"}],"version-history":[{"count":1,"href":"https:\/\/www.anofm.ro\/bucuresti\/wp-json\/wp\/v2\/pages\/2307\/revisions"}],"predecessor-version":[{"id":2844,"href":"https:\/\/www.anofm.ro\/bucuresti\/wp-json\/wp\/v2\/pages\/2307\/revisions\/2844"}],"wp:attachment":[{"href":"https:\/\/www.anofm.ro\/bucuresti\/wp-json\/wp\/v2\/media?parent=2307"}],"curies":[{"name":"wp","href":"https:\/\/api.w.org\/{rel}","templated":true}]}}