{"id":2301,"date":"2023-12-14T23:54:04","date_gmt":"2023-12-14T20:54:04","guid":{"rendered":"https:\/\/www.anofm.ro\/cv-europass\/"},"modified":"2024-09-11T22:07:22","modified_gmt":"2024-09-11T19:07:22","slug":"cv-europass","status":"publish","type":"page","link":"https:\/\/www.anofm.ro\/bucuresti\/cv-europass\/","title":{"rendered":"CV EUROPASS"},"content":{"rendered":"\n<p>Curriculum vitae, \u00eentocmit conform modelului comun aprobat prin Hot\u0103r\u00e2rea Guvernului nr.1021\/2004 pentru aprobarea modelului comun european de curriculum vitae poate fi descarcat<strong><a href=\"https:\/\/www.anofm.ro\/wp-content\/uploads\/2024\/09\/CV_in_format_european-1.doc\"> aici<\/a><\/strong><\/p>\n\n\n\n<p><\/p>\n","protected":false},"excerpt":{"rendered":"<p>Curriculum vitae, \u00eentocmit conform modelului comun aprobat prin Hot\u0103r\u00e2rea Guvernului nr.1021\/2004 pentru aprobarea modelului comun european de curriculum vitae poate fi descarcat aici<\/p>\n","protected":false},"author":1,"featured_media":0,"parent":0,"menu_order":750,"comment_status":"closed","ping_status":"closed","template":"template-parts\/content-with-sidebar.php","meta":{"footnotes":""},"class_list":["post-2301","page","type-page","status-publish","hentry"],"_links":{"self":[{"href":"https:\/\/www.anofm.ro\/bucuresti\/wp-json\/wp\/v2\/pages\/2301","targetHints":{"allow":["GET"]}}],"collection":[{"href":"https:\/\/www.anofm.ro\/bucuresti\/wp-json\/wp\/v2\/pages"}],"about":[{"href":"https:\/\/www.anofm.ro\/bucuresti\/wp-json\/wp\/v2\/types\/page"}],"author":[{"embeddable":true,"href":"https:\/\/www.anofm.ro\/bucuresti\/wp-json\/wp\/v2\/users\/1"}],"replies":[{"embeddable":true,"href":"https:\/\/www.anofm.ro\/bucuresti\/wp-json\/wp\/v2\/comments?post=2301"}],"version-history":[{"count":1,"href":"https:\/\/www.anofm.ro\/bucuresti\/wp-json\/wp\/v2\/pages\/2301\/revisions"}],"predecessor-version":[{"id":5178,"href":"https:\/\/www.anofm.ro\/bucuresti\/wp-json\/wp\/v2\/pages\/2301\/revisions\/5178"}],"wp:attachment":[{"href":"https:\/\/www.anofm.ro\/bucuresti\/wp-json\/wp\/v2\/media?parent=2301"}],"curies":[{"name":"wp","href":"https:\/\/api.w.org\/{rel}","templated":true}]}}