{"id":2293,"date":"2023-12-14T22:54:04","date_gmt":"2023-12-14T20:54:04","guid":{"rendered":"https:\/\/www.anofm.ro\/stimulente-de-start-up\/"},"modified":"2023-12-15T20:12:41","modified_gmt":"2023-12-15T18:12:41","slug":"stimulente-de-start-up","status":"publish","type":"page","link":"https:\/\/www.anofm.ro\/bucuresti\/stimulente-de-start-up\/","title":{"rendered":"Stimulente de start-up"},"content":{"rendered":"\n<div class=\"wp-block-columns is-layout-flex wp-container-core-columns-is-layout-9d6595d7 wp-block-columns-is-layout-flex\">\n<div class=\"wp-block-column is-layout-flow wp-block-column-is-layout-flow\">\n<a class=\"fancybox\" href=\"\/bucuresti\/consultanta-si-asistenta-pentru-inceperea-unei-activitati-independente-sau-initierea-unei-afaceri\/\" target=\"\" rel=\"noopener\"><div class=\"fancybox-bg\" style=\"background-image:url(https:\/\/www.anofm.ro\/wp-content\/uploads\/2023\/12\/bg-fancybox-consultanta-si-asistenta-pentru-inceperea-unei-activitati-independente.png)\"><\/div><div class=\"fancybox-overlay\"><\/div><div class=\"fancybox-inner\"><div class=\"fancybox-heading-wrap\"><p class=\"h3\">Consultan\u021b\u0103 \u0219i asisten\u021b\u0103 pentru \u00eenceperea unei activit\u0103\u021bi independente sau ini\u021bierea unei afaceri<\/p><\/div><\/div><\/a>\n<\/div>\n\n\n\n<div class=\"wp-block-column is-layout-flow wp-block-column-is-layout-flow\">\n<a class=\"fancybox\" href=\"\/bucuresti\/credite-in-conditii-avantajoase-pentru-somerii-care-creeaza-locuri-de-munca-pentru-someri\/\" target=\"\" rel=\"noopener\"><div class=\"fancybox-bg\" style=\"background-image:url(https:\/\/www.anofm.ro\/wp-content\/uploads\/2023\/12\/bg-fancybox-credite-in-conditii-avantajoase-pentru-somerii-care-creeaza-locuri-de-munca-pentru-someri.png)\"><\/div><div class=\"fancybox-overlay\"><\/div><div class=\"fancybox-inner\"><div class=\"fancybox-heading-wrap\"><p class=\"h3\">Credite \u00een condi\u021bii avantajoase pentru \u0219omerii care creeaz\u0103 locuri de munc\u0103 pentru \u0219omeri<\/p><\/div><\/div><\/a>\n<\/div>\n\n\n\n<div class=\"wp-block-column is-layout-flow wp-block-column-is-layout-flow\">\n<a class=\"fancybox\" href=\"\/bucuresti\/credite-in-conditii-avantajoase-pentru-alte-persoane-care-creeaza-locuri-de-munca-pentru-someri\/\" target=\"\" rel=\"noopener\"><div class=\"fancybox-bg\" style=\"background-image:url(https:\/\/www.anofm.ro\/wp-content\/uploads\/2023\/12\/bg-fancybox-credite-in-conditii-avantajoase-pentru-alte-persoane-care-creeaza-locuri-de-munca-pentru-someri.png)\"><\/div><div class=\"fancybox-overlay\"><\/div><div class=\"fancybox-inner\"><div class=\"fancybox-heading-wrap\"><p class=\"h3\">Credite \u00een condi\u021bii avantajoase pentru alte persoane care creeaz\u0103 locuri de munc\u0103 pentru \u0219omeri<\/p><\/div><\/div><\/a>\n<\/div>\n<\/div>\n","protected":false},"excerpt":{"rendered":"","protected":false},"author":1,"featured_media":0,"parent":0,"menu_order":710,"comment_status":"closed","ping_status":"closed","template":"","meta":{"footnotes":""},"class_list":["post-2293","page","type-page","status-publish","hentry"],"_links":{"self":[{"href":"https:\/\/www.anofm.ro\/bucuresti\/wp-json\/wp\/v2\/pages\/2293","targetHints":{"allow":["GET"]}}],"collection":[{"href":"https:\/\/www.anofm.ro\/bucuresti\/wp-json\/wp\/v2\/pages"}],"about":[{"href":"https:\/\/www.anofm.ro\/bucuresti\/wp-json\/wp\/v2\/types\/page"}],"author":[{"embeddable":true,"href":"https:\/\/www.anofm.ro\/bucuresti\/wp-json\/wp\/v2\/users\/1"}],"replies":[{"embeddable":true,"href":"https:\/\/www.anofm.ro\/bucuresti\/wp-json\/wp\/v2\/comments?post=2293"}],"version-history":[{"count":1,"href":"https:\/\/www.anofm.ro\/bucuresti\/wp-json\/wp\/v2\/pages\/2293\/revisions"}],"predecessor-version":[{"id":2689,"href":"https:\/\/www.anofm.ro\/bucuresti\/wp-json\/wp\/v2\/pages\/2293\/revisions\/2689"}],"wp:attachment":[{"href":"https:\/\/www.anofm.ro\/bucuresti\/wp-json\/wp\/v2\/media?parent=2293"}],"curies":[{"name":"wp","href":"https:\/\/api.w.org\/{rel}","templated":true}]}}