{"id":2289,"date":"2023-12-14T23:54:04","date_gmt":"2023-12-14T20:54:04","guid":{"rendered":"https:\/\/www.anofm.ro\/evaluare-si-certificare-competente-dobandite-pe-alte-cai-decat-cele-formale\/"},"modified":"2024-09-13T10:01:14","modified_gmt":"2024-09-13T07:01:14","slug":"evaluare-si-certificare-competente-dobandite-pe-alte-cai-decat-cele-formale","status":"publish","type":"page","link":"https:\/\/www.anofm.ro\/bucuresti\/evaluare-si-certificare-competente-dobandite-pe-alte-cai-decat-cele-formale\/","title":{"rendered":"Evaluare \u015fi certificare competen\u0163e dob\u00e2ndite pe alte c\u0103i dec\u00e2t cele formale"},"content":{"rendered":"\n<p><strong>Persoanele aflate \u00een c\u0103utarea unui loc de munc\u0103 \u00eenregistrate la ANOFM care \u00eendeplinesc condi\u0163iile legale, pot beneficia, \u00een mod gratuit, de servicii de evaluare \u015fi certificare a competen\u0163elor profesionale dob\u00e2ndite pe alte c\u0103i dec\u00e2t cele formale.<\/strong><\/p>\n\n\n\n<p>Art. 70^1&nbsp; Legea nr. 76\/2002&nbsp; privind sistemul asigur\u0103rilor pentru \u015fomaj \u015fi stimularea ocup\u0103rii for\u0163ei de munc\u0103, cu modific\u0103rile \u015fi complet\u0103rile ulterioare precizeaz\u0103 c\u0103:<\/p>\n\n\n\n<p>(1) \u00cen vederea certific\u0103rii competen\u0163elor profesionale ob\u0163inute pe alte c\u0103i dec\u00e2t cele formale, persoanele prev\u0103zute la art. 66 alin. (1), \u00eenregistrate la agen\u0163iile pentru ocuparea for\u0163ei de munc\u0103, pot beneficia, \u00een mod gratuit, de servicii de evaluare \u015fi certificare a competen\u0163elor profesionale dob\u00e2ndite pe alte c\u0103i dec\u00e2t cele formale, a c\u0103ror finan\u0163are se asigur\u0103 din bugetul asigur\u0103rilor pentru \u015fomaj, o singur\u0103 dat\u0103, pentru fiecare perioad\u0103 \u00een care se afl\u0103 \u00een c\u0103utarea unui loc de munc\u0103.<\/p>\n\n\n\n<p>(2) Accesul la serviciile gratuite de evaluare \u015fi certificare a competen\u0163elor profesionale dob\u00e2ndite pe alte c\u0103i dec\u00e2t cele formale, acordate de agen\u0163iile pentru ocuparea for\u0163ei de munc\u0103, se face \u00een urma activit\u0103\u0163ii de informare \u015fi consiliere profesional\u0103 sau de mediere, \u00een situa\u0163ia \u00een care, \u00een cadrul acestor activit\u0103\u0163i, se constat\u0103 c\u0103 persoanele nu de\u0163in certificat de competen\u0163e profesionale, calificare sau absolvire pentru unit\u0103\u0163ile de competen\u0163e, ocupa\u0163ia ori calificarea pentru care se asigur\u0103 gratuit evaluarea competen\u0163elor profesionale \u015fi nu au eventuale restric\u0163ii medicale cu privire la acestea.<\/p>\n\n\n\n<p>(3) Pot intra, \u00een mod gratuit, \u00een procesul de evaluare \u015fi certificare a competen\u0163elor profesionale dob\u00e2ndite pe alte c\u0103i dec\u00e2t cele formale propriu-zis numai persoanele care ob\u0163in recomandarea evaluatorului de competen\u0163e profesionale.<\/p>\n\n\n\n<p>(4) Persoanele care nu ob\u0163in recomandarea prev\u0103zut\u0103 la alin. (3) \u015fi decid s\u0103 intre \u00een procesul de evaluare propriu-zis pentru unit\u0103\u0163ile de competen\u0163\u0103 pentru care nu au ob\u0163inut aceast\u0103 recomandare suport\u0103 contravaloarea acestuia.<\/p>\n\n\n\n<p>(5) Persoanele care nu ob\u0163in recomandarea prev\u0103zut\u0103 la alin. (3) beneficiaz\u0103 gratuit de servicii de evaluare \u015fi certificare a competen\u0163elor profesionale dob\u00e2ndite pe alte c\u0103i dec\u00e2t cele formale, a c\u0103ror finan\u0163are se asigur\u0103 din bugetul asigur\u0103rilor pentru \u015fomaj, p\u00e2n\u0103 \u00een ziua urm\u0103toare datei \u00eentocmirii de c\u0103tre evaluator a recomand\u0103rii de a nu intra \u00een procesul de evaluare propriu-zis.<\/p>\n\n\n\n<p><a href=\"\/upload\/3252\/Punctul_9_-_Anexa_14_HG_nr.377_din_2002_.pdf\">Cerere pentru a beneficia de servicii de evaluare si certificare competente profesionale<\/a><\/p>\n\n\n\n<p><a href=\"\/upload\/3252\/Punctul_9_-_Anexa_13_HG_nr.377_din_2002.pdf\">Decizia directorului executiv AJOFM pentru numirea responsabilului privind organizarea evaluarii si certificarii competentelor profesionale<\/a><\/p>\n","protected":false},"excerpt":{"rendered":"<p>Persoanele aflate \u00een c\u0103utarea unui loc de munc\u0103 \u00eenregistrate la ANOFM care \u00eendeplinesc condi\u0163iile legale, pot beneficia, \u00een mod gratuit, de servicii de evaluare \u015fi certificare a competen\u0163elor profesionale dob\u00e2ndite<\/p>\n","protected":false},"author":1,"featured_media":0,"parent":0,"menu_order":690,"comment_status":"closed","ping_status":"closed","template":"template-parts\/content-with-sidebar.php","meta":{"footnotes":""},"class_list":["post-2289","page","type-page","status-publish","hentry"],"_links":{"self":[{"href":"https:\/\/www.anofm.ro\/bucuresti\/wp-json\/wp\/v2\/pages\/2289","targetHints":{"allow":["GET"]}}],"collection":[{"href":"https:\/\/www.anofm.ro\/bucuresti\/wp-json\/wp\/v2\/pages"}],"about":[{"href":"https:\/\/www.anofm.ro\/bucuresti\/wp-json\/wp\/v2\/types\/page"}],"author":[{"embeddable":true,"href":"https:\/\/www.anofm.ro\/bucuresti\/wp-json\/wp\/v2\/users\/1"}],"replies":[{"embeddable":true,"href":"https:\/\/www.anofm.ro\/bucuresti\/wp-json\/wp\/v2\/comments?post=2289"}],"version-history":[{"count":3,"href":"https:\/\/www.anofm.ro\/bucuresti\/wp-json\/wp\/v2\/pages\/2289\/revisions"}],"predecessor-version":[{"id":5215,"href":"https:\/\/www.anofm.ro\/bucuresti\/wp-json\/wp\/v2\/pages\/2289\/revisions\/5215"}],"wp:attachment":[{"href":"https:\/\/www.anofm.ro\/bucuresti\/wp-json\/wp\/v2\/media?parent=2289"}],"curies":[{"name":"wp","href":"https:\/\/api.w.org\/{rel}","templated":true}]}}