{"id":2281,"date":"2023-12-14T22:54:03","date_gmt":"2023-12-14T20:54:03","guid":{"rendered":"https:\/\/www.anofm.ro\/formare-profesionala-evaluare-si-certificare-competente-ucenicie-si-stagiu\/"},"modified":"2023-12-15T20:12:41","modified_gmt":"2023-12-15T18:12:41","slug":"formare-profesionala-evaluare-si-certificare-competente-ucenicie-si-stagiu","status":"publish","type":"page","link":"https:\/\/www.anofm.ro\/bucuresti\/formare-profesionala-evaluare-si-certificare-competente-ucenicie-si-stagiu\/","title":{"rendered":"Formare profesional\u0103, evaluare \u0219i certificare competen\u021be, ucenicie \u0219i stagiu"},"content":{"rendered":"\n<div class=\"wp-block-columns is-layout-flex wp-container-core-columns-is-layout-9d6595d7 wp-block-columns-is-layout-flex\">\n<div class=\"wp-block-column is-layout-flow wp-block-column-is-layout-flow\">\n<a class=\"fancybox\" href=\"\/bucuresti\/ucenicia-la-locul-de-munca\/\" target=\"\" rel=\"noopener\"><div class=\"fancybox-bg\" style=\"background-image:url(https:\/\/www.anofm.ro\/wp-content\/uploads\/2023\/12\/bg-fancybox-ucenicia-la-locul-de-munca.png)\"><\/div><div class=\"fancybox-overlay\"><\/div><div class=\"fancybox-inner\"><div class=\"fancybox-heading-wrap\"><p class=\"h3\">Ucenicia la locul de munc\u0103<\/p><\/div><\/div><\/a>\n<\/div>\n\n\n\n<div class=\"wp-block-column is-layout-flow wp-block-column-is-layout-flow\">\n<a class=\"fancybox\" href=\"\/bucuresti\/stagiu-profesional-pentru-absolventii-de-invatamant-superior\/\" target=\"\" rel=\"noopener\"><div class=\"fancybox-bg\" style=\"background-image:url(https:\/\/www.anofm.ro\/wp-content\/uploads\/2023\/12\/bg-fancybox-stagiu-profesional-pentru-absolventii-de-invatamant-superior.png)\"><\/div><div class=\"fancybox-overlay\"><\/div><div class=\"fancybox-inner\"><div class=\"fancybox-heading-wrap\"><p class=\"h3\">Stagiu profesional pentru absolven\u021bii de \u00eenv\u0103\u021b\u0103m\u00e2nt superior<\/p><\/div><\/div><\/a>\n<\/div>\n\n\n\n<div class=\"wp-block-column is-layout-flow wp-block-column-is-layout-flow\">\n<a class=\"fancybox\" href=\"\/bucuresti\/programe-de-formare-profesionala-pentru-persoanele-aflate-in-cautarea-unui-loc-de-munca\/\" target=\"\" rel=\"noopener\"><div class=\"fancybox-bg\" style=\"background-image:url(https:\/\/www.anofm.ro\/wp-content\/uploads\/2023\/12\/bg-fancybox-programe-de-formare-profesionala-pentru-persoanele-aflate-in-cautarea-unui-loc-de-munca.png)\"><\/div><div class=\"fancybox-overlay\"><\/div><div class=\"fancybox-inner\"><div class=\"fancybox-heading-wrap\"><p class=\"h3\">Programe de formare profesional\u0103 pentru persoanele aflate \u00een c\u0103utarea unui loc de munc\u0103<\/p><\/div><\/div><\/a>\n<\/div>\n<\/div>\n\n\n\n<div class=\"wp-block-columns is-layout-flex wp-container-core-columns-is-layout-9d6595d7 wp-block-columns-is-layout-flex\">\n<div class=\"wp-block-column is-layout-flow wp-block-column-is-layout-flow\">\n<a class=\"fancybox\" href=\"\/bucuresti\/evaluare-si-certificare-competente-dobandite-pe-alte-cai-decat-cele-formale\/\" target=\"\" rel=\"noopener\"><div class=\"fancybox-bg\" style=\"background-image:url(https:\/\/www.anofm.ro\/wp-content\/uploads\/2023\/12\/bg-fancybox-evaluare-si-certificare-competente-dobandite-pe-alte-cai-decat-cele-formale.png)\"><\/div><div class=\"fancybox-overlay\"><\/div><div class=\"fancybox-inner\"><div class=\"fancybox-heading-wrap\"><p class=\"h3\">Evaluare \u0219i certificare competen\u021be dob\u00e2ndite pe alte cai dec\u00e2t cele formale<\/p><\/div><\/div><\/a>\n<\/div>\n\n\n\n<div class=\"wp-block-column is-layout-flow wp-block-column-is-layout-flow\">\n<a class=\"fancybox\" href=\"\/bucuresti\/programe-de-formare-profesionala-pentru-persoanele-aflate-in-detentie\/\" target=\"\" rel=\"noopener\"><div class=\"fancybox-bg\" style=\"background-image:url(https:\/\/www.anofm.ro\/wp-content\/uploads\/2023\/12\/bg-fancybox-programe-de-formare-profesionala-pentru-persoanele-aflate-in-detentie.png)\"><\/div><div class=\"fancybox-overlay\"><\/div><div class=\"fancybox-inner\"><div class=\"fancybox-heading-wrap\"><p class=\"h3\">Programe de formare profesional\u0103 pentru persoanele aflate \u00een deten\u021bie<\/p><\/div><\/div><\/a>\n<\/div>\n\n\n\n<div class=\"wp-block-column is-layout-flow wp-block-column-is-layout-flow\"><\/div>\n<\/div>\n","protected":false},"excerpt":{"rendered":"","protected":false},"author":1,"featured_media":0,"parent":0,"menu_order":650,"comment_status":"closed","ping_status":"closed","template":"","meta":{"footnotes":""},"class_list":["post-2281","page","type-page","status-publish","hentry"],"_links":{"self":[{"href":"https:\/\/www.anofm.ro\/bucuresti\/wp-json\/wp\/v2\/pages\/2281","targetHints":{"allow":["GET"]}}],"collection":[{"href":"https:\/\/www.anofm.ro\/bucuresti\/wp-json\/wp\/v2\/pages"}],"about":[{"href":"https:\/\/www.anofm.ro\/bucuresti\/wp-json\/wp\/v2\/types\/page"}],"author":[{"embeddable":true,"href":"https:\/\/www.anofm.ro\/bucuresti\/wp-json\/wp\/v2\/users\/1"}],"replies":[{"embeddable":true,"href":"https:\/\/www.anofm.ro\/bucuresti\/wp-json\/wp\/v2\/comments?post=2281"}],"version-history":[{"count":1,"href":"https:\/\/www.anofm.ro\/bucuresti\/wp-json\/wp\/v2\/pages\/2281\/revisions"}],"predecessor-version":[{"id":2688,"href":"https:\/\/www.anofm.ro\/bucuresti\/wp-json\/wp\/v2\/pages\/2281\/revisions\/2688"}],"wp:attachment":[{"href":"https:\/\/www.anofm.ro\/bucuresti\/wp-json\/wp\/v2\/media?parent=2281"}],"curies":[{"name":"wp","href":"https:\/\/api.w.org\/{rel}","templated":true}]}}