{"id":2267,"date":"2023-12-14T22:54:03","date_gmt":"2023-12-14T20:54:03","guid":{"rendered":"https:\/\/www.anofm.ro\/stimulente-pentru-ocupare-acordate-persoanelor-inregistrate-in-evidentele-anofm\/"},"modified":"2023-12-15T20:12:41","modified_gmt":"2023-12-15T18:12:41","slug":"stimulente-pentru-ocupare-acordate-persoanelor-inregistrate-in-evidentele-anofm","status":"publish","type":"page","link":"https:\/\/www.anofm.ro\/bucuresti\/stimulente-pentru-ocupare-acordate-persoanelor-inregistrate-in-evidentele-anofm\/","title":{"rendered":"Stimulente pentru ocupare acordate persoanelor \u00eenregistrate \u00een eviden\u021bele ANOFM"},"content":{"rendered":"\n<div class=\"wp-block-columns is-layout-flex wp-container-core-columns-is-layout-9d6595d7 wp-block-columns-is-layout-flex\">\n<div class=\"wp-block-column is-layout-flow wp-block-column-is-layout-flow\">\n<a class=\"fancybox\" href=\"\/bucuresti\/completarea-veniturilor-salariale-ale-angajatilor-care-se-incadreaza-inainte-de-expirarea-perioadei-de-somaj\/\" target=\"\" rel=\"noopener\"><div class=\"fancybox-bg\" style=\"background-image:url(https:\/\/www.anofm.ro\/wp-content\/uploads\/2023\/12\/bg-fancybox-completarea-veniturilor-salariale-ale-angajatilor-care-se-incadreaza.png)\"><\/div><div class=\"fancybox-overlay\"><\/div><div class=\"fancybox-inner\"><div class=\"fancybox-heading-wrap\"><p class=\"h3\">Completarea veniturilor salariale ale angaja\u021bilor care se \u00eencadreaz\u0103 \u00eenainte de expirarea perioadei de \u0219omaj<\/p><\/div><\/div><\/a>\n<\/div>\n\n\n\n<div class=\"wp-block-column is-layout-flow wp-block-column-is-layout-flow\">\n<a class=\"fancybox\" href=\"\/bucuresti\/prima-de-insertie-absolventi\/\" target=\"\" rel=\"noopener\"><div class=\"fancybox-bg\" style=\"background-image:url(https:\/\/www.anofm.ro\/wp-content\/uploads\/2023\/12\/bg-fancybox-prima-de-insertie-absolventi.png)\"><\/div><div class=\"fancybox-overlay\"><\/div><div class=\"fancybox-inner\"><div class=\"fancybox-heading-wrap\"><p class=\"h3\">Prim\u0103 de inser\u021bie (absolven\u021bi)<\/p><\/div><\/div><\/a>\n<\/div>\n\n\n\n<div class=\"wp-block-column is-layout-flow wp-block-column-is-layout-flow\">\n<a class=\"fancybox\" href=\"\/bucuresti\/prima-de-activare\/\" target=\"\" rel=\"noopener\"><div class=\"fancybox-bg\" style=\"background-image:url(https:\/\/www.anofm.ro\/wp-content\/uploads\/2023\/12\/bg-fancybox-prima-de-activare.png)\"><\/div><div class=\"fancybox-overlay\"><\/div><div class=\"fancybox-inner\"><div class=\"fancybox-heading-wrap\"><p class=\"h3\"> Prim\u0103 de activare<\/p><\/div><\/div><\/a>\n<\/div>\n<\/div>\n\n\n\n<div class=\"wp-block-columns is-layout-flex wp-container-core-columns-is-layout-9d6595d7 wp-block-columns-is-layout-flex\">\n<div class=\"wp-block-column is-layout-flow wp-block-column-is-layout-flow\">\n<a class=\"fancybox\" href=\"\/bucuresti\/stimularea-mobilitatii-prima-de-instalare\/\" target=\"\" rel=\"noopener\"><div class=\"fancybox-bg\" style=\"background-image:url(https:\/\/www.anofm.ro\/wp-content\/uploads\/2023\/12\/bg-fancybox-stimularea-mobilitatii_-prima-de-instalare.png)\"><\/div><div class=\"fancybox-overlay\"><\/div><div class=\"fancybox-inner\"><div class=\"fancybox-heading-wrap\"><p class=\"h3\">Stimularea mobilit\u0103\u021bii: Prim\u0103 de instalare<\/p><\/div><\/div><\/a>\n<\/div>\n\n\n\n<div class=\"wp-block-column is-layout-flow wp-block-column-is-layout-flow\">\n<a class=\"fancybox\" href=\"\/bucuresti\/stimularea-mobilitatii-prima-de-incadrare\/\" target=\"\" rel=\"noopener\"><div class=\"fancybox-bg\" style=\"background-image:url(https:\/\/www.anofm.ro\/wp-content\/uploads\/2023\/12\/bg-fancybox-stimularea-mobilitatii_-prima-de-incadrare.png)\"><\/div><div class=\"fancybox-overlay\"><\/div><div class=\"fancybox-inner\"><div class=\"fancybox-heading-wrap\"><p class=\"h3\">Stimularea mobilit\u0103\u021bii: Prim\u0103 de \u00eencadrare<\/p><\/div><\/div><\/a>\n<\/div>\n\n\n\n<div class=\"wp-block-column is-layout-flow wp-block-column-is-layout-flow\">\n<a class=\"fancybox\" href=\"\/bucuresti\/stimularea-mobilitatii-prima-de-relocare\/\" target=\"\" rel=\"noopener\"><div class=\"fancybox-bg\" style=\"background-image:url(https:\/\/www.anofm.ro\/wp-content\/uploads\/2023\/12\/bg-fancybox-stimularea-mobilitatii_-prima-de-relocare.png)\"><\/div><div class=\"fancybox-overlay\"><\/div><div class=\"fancybox-inner\"><div class=\"fancybox-heading-wrap\"><p class=\"h3\">Stimularea mobilit\u0103\u021bii: Prim\u0103 de relocare<\/p><\/div><\/div><\/a>\n<\/div>\n<\/div>\n","protected":false},"excerpt":{"rendered":"","protected":false},"author":1,"featured_media":0,"parent":0,"menu_order":580,"comment_status":"closed","ping_status":"closed","template":"","meta":{"footnotes":""},"class_list":["post-2267","page","type-page","status-publish","hentry"],"_links":{"self":[{"href":"https:\/\/www.anofm.ro\/bucuresti\/wp-json\/wp\/v2\/pages\/2267","targetHints":{"allow":["GET"]}}],"collection":[{"href":"https:\/\/www.anofm.ro\/bucuresti\/wp-json\/wp\/v2\/pages"}],"about":[{"href":"https:\/\/www.anofm.ro\/bucuresti\/wp-json\/wp\/v2\/types\/page"}],"author":[{"embeddable":true,"href":"https:\/\/www.anofm.ro\/bucuresti\/wp-json\/wp\/v2\/users\/1"}],"replies":[{"embeddable":true,"href":"https:\/\/www.anofm.ro\/bucuresti\/wp-json\/wp\/v2\/comments?post=2267"}],"version-history":[{"count":1,"href":"https:\/\/www.anofm.ro\/bucuresti\/wp-json\/wp\/v2\/pages\/2267\/revisions"}],"predecessor-version":[{"id":2687,"href":"https:\/\/www.anofm.ro\/bucuresti\/wp-json\/wp\/v2\/pages\/2267\/revisions\/2687"}],"wp:attachment":[{"href":"https:\/\/www.anofm.ro\/bucuresti\/wp-json\/wp\/v2\/media?parent=2267"}],"curies":[{"name":"wp","href":"https:\/\/api.w.org\/{rel}","templated":true}]}}