{"id":2261,"date":"2023-12-14T22:54:03","date_gmt":"2023-12-14T20:54:03","guid":{"rendered":"https:\/\/www.anofm.ro\/indemnizatie-de-somaj-pentru-absolventii-institutiilor-de-invatamant\/"},"modified":"2023-12-16T00:47:12","modified_gmt":"2023-12-15T22:47:12","slug":"indemnizatie-de-somaj-pentru-absolventii-institutiilor-de-invatamant","status":"publish","type":"page","link":"https:\/\/www.anofm.ro\/bucuresti\/indemnizatie-de-somaj-pentru-absolventii-institutiilor-de-invatamant\/","title":{"rendered":"Indemniza\u021bie de \u0219omaj pentru absolven\u021bii institu\u021biilor de \u00eenv\u0103\u021b\u0103m\u00e2nt"},"content":{"rendered":"\n<p>Absolven\u021bii institu\u021biilor de \u00eenv\u0103\u021b\u0103m\u00e2nt beneficiaz\u0103 de indemniza\u021bie de \u0219omaj dac\u0103 \u00eendeplinesc urm\u0103toarele condi\u021bii:&nbsp;<\/p>\n\n\n\n<p>a)sunt absolven\u021bi ai institu\u021biilor de \u00eenv\u0103\u021b\u0103m\u00e2nt, \u00een v\u00e2rst\u0103 de minimum 16 ani, care \u00eentr-o perioad\u0103 de 60 de zile de la absolvire nu au reu\u0219it s\u0103 se \u00eencadreze \u00een munc\u0103 potrivit preg\u0103tirii profesionale;<\/p>\n\n\n\n<p>b)sunt absolven\u021bi ai \u0219colilor speciale pentru persoane cu handicap \u00een v\u00e2rst\u0103 de minimum 16 ani, care nu au reu\u0219it s\u0103 se \u00eencadreze \u00een munc\u0103 potrivit preg\u0103tirii profesionale;<\/p>\n\n\n\n<p>Pentru a beneficia de indemniza\u021bie de \u0219omaj, absolven\u021bii prev\u0103zu\u021bi la lit.a) trebuie s\u0103 se \u00eenregistreze, \u00een termen de 60 de zile de la data absolvirii, \u00een eviden\u021bele AJOFM sau a unui furnizor acreditat, pentru c\u0103utarea unui loc de munc\u0103.<\/p>\n\n\n\n<p><strong>Actele necesare \u00eenregistr\u0103rii \u00een eviden\u0163ele AJOFM:<\/strong><\/p>\n\n\n\n<p>-actul de identitate<\/p>\n\n\n\n<p>-actele de studii \u0219i de calificare \u00een original<\/p>\n\n\n\n<p>-curriculum vitae, \u00eentocmit conform modelului comun aprobat prin Hot\u0103r\u00e2rea Guvernului nr.1021\/2004 pentru aprobarea modelului comun european de curriculum vitae<\/p>\n\n\n\n<p>-declara\u021bie pe proprie r\u0103spundere, sub sanc\u021biunile aplicate faptei de fals \u00een declara\u021bii, c\u0103 persoana nu are restric\u0163ii medicale care o \u00eempiedic\u0103 s\u0103 presteze munc\u0103 sau c\u0103 are eventuale restric\u0163ii medicale care o \u00eempiedic\u0103 s\u0103 presteze o anumit\u0103 munc\u0103, conform modelului prev\u0103zut \u00een Anexa nr. 1<sup>1<\/sup> din Ordinul pre\u015fedintelui Agen\u0163iei Na\u0163ionale pentru Ocuparea For\u0163ei de Munc\u0103 cu nr. 286\/17.02.2020 privind modificarea \u015fi completarea Procedurii de primire \u015fi de solu\u0163ionare a cererilor de loc de munc\u0103 sau indemniza\u0163ie de \u015fomaj, aprobat\u0103 prin Ordinul pre\u015fedintelui Agen\u0163iei Na\u0163ionale pentru Ocuparea For\u0163ei de Munc\u0103 nr. 85\/2002. Documentul este pus la dispozi\u021bie de agen\u021bia pentru ocuparea for\u021bei de munc\u0103 sau poate fi accesat aici : <em><a href=\"\/upload\/3250\/Anexa_1_Declaratie_stare_de_s%C4%83n%C4%83tate.docx\">Model declara\u021bie (format editabil)<\/a>, <a href=\"\/upload\/3250\/Anexa_1_Declaratie_stare_de_s%C4%83n%C4%83tate.pdf\">Model declaratie (pdf)<\/a><\/em><br><\/p>\n\n\n\n<p>Indemniza\u021bia de \u0219omaj se acord\u0103 la cerere, de la data expir\u0103rii perioadei de 60 de zile, dac\u0103 cererea este \u00eenregistrat\u0103 \u00een termen de 10 zile de la acesta data, dar nu mai t\u00e2rziu de 12 luni. Dac\u0103 cererea este \u00eenregistrat\u0103 dup\u0103 expirarea termenului de 10 zile, dar nu mai t\u00e2rziu de 12 luni, indemniza\u021bia este acordat\u0103 de la data \u00eenregistr\u0103rii cererii. (<em><a href=\"\/upload\/3250\/ANEXA_3_-_Cerere_acordare_indemnizatie_de_somaj.docx\">Cerere \u00een format editabil<\/a><\/em>)<\/p>\n\n\n\n<p>Pentru absolven\u021bii \u0219colilor speciale, indemniza\u021bia de \u0219omaj se acord\u0103 de la data absolvirii, dac\u0103 cererea este \u00eenregistrat\u0103 \u00een termen de 10 zile de la aceast\u0103 dat\u0103. Dac\u0103 cererea este \u00eenregistrat\u0103 dup\u0103 expirarea termenului de 10 zile, dar nu mai t\u00e2rziu de 12 luni, indemniza\u021bia este acordat\u0103 de la data inregistr\u0103rii cererii.<\/p>\n\n\n\n<p><strong>&nbsp;Actele necesare acord\u0103rii indemniza\u0163iei de \u015fomaj:<\/strong><\/p>\n\n\n\n<p>&nbsp;-actul de identitate;<\/p>\n\n\n\n<p>&nbsp;-actele de studii \u0219i de calificare, \u00een original;<\/p>\n\n\n\n<p>&nbsp;-declara\u021bie pe proprie r\u0103spundere, sub sanc\u021biunile aplicate faptei de fals \u00een declara\u021bii, c\u0103 persoana nu are restric\u0163ii medicale care o \u00eempiedic\u0103 s\u0103 presteze munc\u0103 sau c\u0103 are eventuale restric\u0163ii medicale care o \u00eempiedic\u0103 s\u0103 presteze o anumit\u0103 munc\u0103, conform modelului prev\u0103zut \u00een Anexa nr. 1<sup>1<\/sup> din Ordinul pre\u015fedintelui Agen\u0163iei Na\u0163ionale pentru Ocuparea For\u0163ei de Munc\u0103 cu nr. 286\/17.02.2020 privind modificarea \u015fi completarea Procedurii de primire \u015fi de solu\u0163ionare a cererilor de loc de munc\u0103 sau indemniza\u0163ie de \u015fomaj, aprobat\u0103 prin Ordinul pre\u015fedintelui Agen\u0163iei Na\u0163ionale pentru Ocuparea For\u0163ei de Munc\u0103 nr. 85\/2002. Documentul este pus la dispozi\u021bie de agen\u021bia pentru ocuparea for\u021bei de munc\u0103 sau poate fi accesat aici : <em><a href=\"\/upload\/3250\/Anexa_1_Declaratie_stare_de_s%C4%83n%C4%83tate.docx\">Model declara\u021bie (format editabil)<\/a>, <a href=\"\/upload\/3250\/Anexa_1_Declaratie_stare_de_s%C4%83n%C4%83tate.pdf\">Model declaratie (pdf)<\/a><\/em><\/p>\n\n\n\n<p>&nbsp;-declara\u021bie pe propria r\u0103spundere a absolven\u021bilor c\u0103, la data solicit\u0103rii dreptului, nu au fost admi\u015fi sau nu urmeaz\u0103 cursurile unei forme de \u00eenv\u0103\u0163\u0103m\u00e2nt, organizate \u015fi\/sau acreditate, dup\u0103 caz, \u00een condi\u0163iile legii ;<\/p>\n\n\n\n<p>&nbsp;-adeverin\u021b\u0103 eliberat\u0103 de furnizorul de servicii specializate pentru stimularea ocup\u0103rii for\u021bei de munc\u0103, prin care se certific\u0103 data \u00eenregistr\u0103rii persoanei \u00een eviden\u021bele proprii, \u00een cazul \u00een care persoana s-a \u00eenregistrat \u00een vederea medierii pentru \u00eencadrare \u00een munc\u0103 la un furnizor de servicii specializate pentru stimularea ocup\u0103rii for\u021bei de munc\u0103, acreditat conform legii;<\/p>\n\n\n\n<p>Perioada de acordare a indemniza\u021biei de \u0219omaj pentru absolven\u021bi este de 6 luni, iar cuantumul este de 50% din valoarea indicatorului social de referin\u021b\u0103 (ISR).<\/p>\n\n\n\n<p><strong>Nu beneficiaz\u0103 de indemniza\u021bie de \u0219omaj, absolven\u021bii care:<\/strong><\/p>\n\n\n\n<p>-la data solicit\u0103rii dreptului, au fost admi\u015fi sau urmeaz\u0103 cursurile unei forme de \u00eenv\u0103\u0163\u0103m\u00e2nt, organizate \u015fi\/sau acreditate, dup\u0103 caz, \u00een condi\u0163iile legii<\/p>\n\n\n\n<p>-realizeaz\u0103 venituri mai mari dec\u00e2t indicatorul social de referin\u0163\u0103<\/p>\n\n\n\n<p>-\u00eendeplinesc condi\u021bii de pensionare<\/p>\n\n\n\n<p>-la data absolvirii aveau loc de munc\u0103<\/p>\n\n\n\n<p>-refuz\u0103 un loc de munc\u0103 potrivit preg\u0103tirii sau nivelului studiilor sau refuz\u0103 participarea la servicii pentru stimularea ocup\u0103rii \u015fi de formare profesional\u0103 oferite de agen\u0163iile pentru ocuparea for\u0163ei de munc\u0103<\/p>\n\n\n\n<p>Nu beneficiaz\u0103 de indemniza\u0163ie de \u015fomaj absolven\u0163ii licen\u0163ia\u0163i ai facult\u0103\u0163ilor de medicin\u0103, medicin\u0103 dentar\u0103 \u015fi farmacie care, la data solicit\u0103rii dreptului, au promovat concursul na\u0163ional de reziden\u0163iat pe locuri sau pe posturi, \u00een condi\u0163iile legi.<\/p>\n","protected":false},"excerpt":{"rendered":"<p>Absolven\u021bii institu\u021biilor de \u00eenv\u0103\u021b\u0103m\u00e2nt beneficiaz\u0103 de indemniza\u021bie de \u0219omaj dac\u0103 \u00eendeplinesc urm\u0103toarele condi\u021bii:&nbsp; a)sunt absolven\u021bi ai institu\u021biilor de \u00eenv\u0103\u021b\u0103m\u00e2nt, \u00een v\u00e2rst\u0103 de minimum 16 ani, care \u00eentr-o perioad\u0103 de 60<\/p>\n","protected":false},"author":1,"featured_media":0,"parent":0,"menu_order":550,"comment_status":"closed","ping_status":"closed","template":"template-parts\/content-with-sidebar.php","meta":{"footnotes":""},"class_list":["post-2261","page","type-page","status-publish","hentry"],"_links":{"self":[{"href":"https:\/\/www.anofm.ro\/bucuresti\/wp-json\/wp\/v2\/pages\/2261","targetHints":{"allow":["GET"]}}],"collection":[{"href":"https:\/\/www.anofm.ro\/bucuresti\/wp-json\/wp\/v2\/pages"}],"about":[{"href":"https:\/\/www.anofm.ro\/bucuresti\/wp-json\/wp\/v2\/types\/page"}],"author":[{"embeddable":true,"href":"https:\/\/www.anofm.ro\/bucuresti\/wp-json\/wp\/v2\/users\/1"}],"replies":[{"embeddable":true,"href":"https:\/\/www.anofm.ro\/bucuresti\/wp-json\/wp\/v2\/comments?post=2261"}],"version-history":[{"count":1,"href":"https:\/\/www.anofm.ro\/bucuresti\/wp-json\/wp\/v2\/pages\/2261\/revisions"}],"predecessor-version":[{"id":2860,"href":"https:\/\/www.anofm.ro\/bucuresti\/wp-json\/wp\/v2\/pages\/2261\/revisions\/2860"}],"wp:attachment":[{"href":"https:\/\/www.anofm.ro\/bucuresti\/wp-json\/wp\/v2\/media?parent=2261"}],"curies":[{"name":"wp","href":"https:\/\/api.w.org\/{rel}","templated":true}]}}