{"id":2259,"date":"2023-12-14T22:54:03","date_gmt":"2023-12-14T20:54:03","guid":{"rendered":"https:\/\/www.anofm.ro\/indemnizatii-de-somaj-si-venituri-de-completare\/"},"modified":"2023-12-15T20:12:41","modified_gmt":"2023-12-15T18:12:41","slug":"indemnizatii-de-somaj-si-venituri-de-completare","status":"publish","type":"page","link":"https:\/\/www.anofm.ro\/bucuresti\/indemnizatii-de-somaj-si-venituri-de-completare\/","title":{"rendered":"Indemniza\u021bii de \u0219omaj \u0219i venituri de completare"},"content":{"rendered":"\n<div class=\"wp-block-columns is-layout-flex wp-container-core-columns-is-layout-9d6595d7 wp-block-columns-is-layout-flex\">\n<div class=\"wp-block-column is-layout-flow wp-block-column-is-layout-flow\">\n<a class=\"fancybox\" href=\"\/bucuresti\/indemnizatie-de-somaj-pentru-absolventii-institutiilor-de-invatamant\/\" target=\"\" rel=\"noopener\"><div class=\"fancybox-bg\" style=\"background-image:url(https:\/\/www.anofm.ro\/wp-content\/uploads\/2023\/12\/bg-fancybox-indemnizatie-de-somaj-pentru-absolventii-institutiilor-de-invatamant.png)\"><\/div><div class=\"fancybox-overlay\"><\/div><div class=\"fancybox-inner\"><div class=\"fancybox-heading-wrap\"><p class=\"h3\">Indemniza\u021bie de \u0219omaj pentru absolven\u021bii institu\u021biilor de \u00eenv\u0103\u021b\u0103m\u00e2nt<\/p><\/div><\/div><\/a>\n<\/div>\n\n\n\n<div class=\"wp-block-column is-layout-flow wp-block-column-is-layout-flow\">\n<a class=\"fancybox\" href=\"\/bucuresti\/indemnizatie-de-somaj-pentru-persoanele-cu-experienta-in-munca\/\" target=\"\" rel=\"noopener\"><div class=\"fancybox-bg\" style=\"background-image:url(https:\/\/www.anofm.ro\/wp-content\/uploads\/2023\/12\/bg-fancybox-indemnizatie-de-somaj-pentru-persoanele-cu-experienta-in-munca.png)\"><\/div><div class=\"fancybox-overlay\"><\/div><div class=\"fancybox-inner\"><div class=\"fancybox-heading-wrap\"><p class=\"h3\">Indemniza\u021bie de \u0219omaj pentru persoanele cu experien\u021b\u0103 \u00een munc\u0103<\/p><\/div><\/div><\/a>\n<\/div>\n\n\n\n<div class=\"wp-block-column is-layout-flow wp-block-column-is-layout-flow\">\n<a class=\"fancybox\" href=\"\/bucuresti\/venitul-lunar-de-completare\/\" target=\"\" rel=\"noopener\"><div class=\"fancybox-bg\" style=\"background-image:url(https:\/\/www.anofm.ro\/wp-content\/uploads\/2023\/12\/bg-fancybox-indemnizatii-de-somaj-si-venituri-de-completare.png)\"><\/div><div class=\"fancybox-overlay\"><\/div><div class=\"fancybox-inner\"><div class=\"fancybox-heading-wrap\"><p class=\"h3\">Venitul lunar de completare<\/p><\/div><\/div><\/a>\n<\/div>\n<\/div>\n","protected":false},"excerpt":{"rendered":"","protected":false},"author":1,"featured_media":0,"parent":0,"menu_order":540,"comment_status":"closed","ping_status":"closed","template":"","meta":{"footnotes":""},"class_list":["post-2259","page","type-page","status-publish","hentry"],"_links":{"self":[{"href":"https:\/\/www.anofm.ro\/bucuresti\/wp-json\/wp\/v2\/pages\/2259","targetHints":{"allow":["GET"]}}],"collection":[{"href":"https:\/\/www.anofm.ro\/bucuresti\/wp-json\/wp\/v2\/pages"}],"about":[{"href":"https:\/\/www.anofm.ro\/bucuresti\/wp-json\/wp\/v2\/types\/page"}],"author":[{"embeddable":true,"href":"https:\/\/www.anofm.ro\/bucuresti\/wp-json\/wp\/v2\/users\/1"}],"replies":[{"embeddable":true,"href":"https:\/\/www.anofm.ro\/bucuresti\/wp-json\/wp\/v2\/comments?post=2259"}],"version-history":[{"count":1,"href":"https:\/\/www.anofm.ro\/bucuresti\/wp-json\/wp\/v2\/pages\/2259\/revisions"}],"predecessor-version":[{"id":2686,"href":"https:\/\/www.anofm.ro\/bucuresti\/wp-json\/wp\/v2\/pages\/2259\/revisions\/2686"}],"wp:attachment":[{"href":"https:\/\/www.anofm.ro\/bucuresti\/wp-json\/wp\/v2\/media?parent=2259"}],"curies":[{"name":"wp","href":"https:\/\/api.w.org\/{rel}","templated":true}]}}