{"id":2257,"date":"2023-12-14T22:54:03","date_gmt":"2023-12-14T20:54:03","guid":{"rendered":"https:\/\/www.anofm.ro\/acompaniament-personalizat-pentru-tinerii-cu-risc-de-marginalizare-sociala\/"},"modified":"2023-12-16T00:47:24","modified_gmt":"2023-12-15T22:47:24","slug":"acompaniament-personalizat-pentru-tinerii-cu-risc-de-marginalizare-sociala","status":"publish","type":"page","link":"https:\/\/www.anofm.ro\/bucuresti\/acompaniament-personalizat-pentru-tinerii-cu-risc-de-marginalizare-sociala\/","title":{"rendered":"Acompaniament personalizat pentru tinerii cu risc de marginalizare social\u0103"},"content":{"rendered":"\n<p>Potrivit Art. 5&nbsp;&nbsp;art. 5 pct. IV^3&nbsp; din Legea 76\/2002 privind sistemul asigur\u0103rilor pentru \u0219omaj \u0219in stimularea ocup\u0103rii for\u021bei de munc\u0103, <strong>t<\/strong><strong>\u00e2n\u0103r cu risc de marginalizare social\u0103 <\/strong>este persoana cu v\u00e2rsta cuprins\u0103 \u00eentre 16-26 de ani, care \u00eendepline\u015fte condi\u0163iile prev\u0103zute la punctul IV, se \u00eenregistreaz\u0103 la agen\u0163ia pentru ocuparea for\u0163ei de munc\u0103 \u00een a c\u0103rei raz\u0103 teritorial\u0103 \u00ee\u015fi are domiciliul sau, dup\u0103 caz, re\u015fedin\u0163a \u015fi se \u00eencadreaz\u0103 \u00een una dintre urm\u0103toarele categorii:&nbsp;<\/p>\n\n\n\n<p>\u2003\u2003a) se afl\u0103 \u00een sistemul de protec\u0163ie a copilului sau provine din acest sistem;<br>\u2003\u2003b) are dizabilit\u0103\u0163i;<br>\u2003\u2003c) nu are familie sau a c\u0103rui familie nu \u00eei poate asigura \u00eentre\u0163inerea;<br>\u2003\u2003d) are copii \u00een \u00eentre\u0163inere;<br>\u2003\u2003e) a executat una sau mai multe pedepse privative de libertate;<br>\u2003\u2003f) este victim\u0103 a traficului de persoane.&nbsp;<\/p>\n\n\n\n<p>Promovarea particip\u0103rii pe pia\u0163a muncii a tinerilor cu risc de marginalizare social\u0103 se realizeaz\u0103 de c\u0103tre Agen\u0163ia Na\u0163ional\u0103 pentru Ocuparea For\u0163ei de Munc\u0103 prin:&nbsp;<br>\u2003\u2003a) acompaniament social personalizat;<br>\u2003\u2003b) activit\u0103\u0163i de informare \u015fi promovare a intereselor tinerilor cu risc de marginalizare social\u0103 \u00een r\u00e2ndul angajatorilor;<br>&nbsp; &nbsp; &nbsp; c) subven\u0163ionarea locului de munc\u0103.<br><br>Acompaniamentul social personalizat se realizeaz\u0103 de c\u0103tre Agen\u0163ia Na\u0163ional\u0103 pentru Ocuparea For\u0163ei de Munc\u0103 prin intermediul agen\u0163iilor pentru ocuparea for\u0163ei de munc\u0103 teritoriale, \u00een baza unui <a href=\"\/upload\/3264\/ANEXA_NR_27.docx\">contract de solidaritate<\/a>, \u015fi constituie un ansamblu de servicii care se acord\u0103 \u00een mod gratuit tinerilor cu risc de marginalizare social\u0103 \u015fi constau \u00een:&nbsp;<br>\u2003\u2003a) informare \u015fi consiliere profesional\u0103;<br>\u2003\u2003b) mediere a muncii;<br>\u2003\u2003c) plasare \u00een munc\u0103 la un angajator a c\u0103rui ofert\u0103 de loc de munc\u0103 a fost selectat\u0103 ca fiind corespunz\u0103toare preg\u0103tirii profesionale \u015fi altor condi\u0163ii cuprinse \u00een dosarul \u00eentocmit la \u00eenregistrarea ca persoan\u0103 \u00een c\u0103utarea unui loc de munc\u0103, \u00een eviden\u0163a agen\u0163iei pentru ocuparea for\u0163ei de munc\u0103.<\/p>\n\n\n\n<p><a href=\"\/upload\/3264\/ANEXA_NR_27.docx\">Contractul de solidaritate<\/a> prev\u0103zut se \u00eencheie \u00eentre agen\u0163ia pentru ocuparea for\u0163ei de munc\u0103 teritorial\u0103 \u015fi t\u00e2n\u0103r pe o durat\u0103 de p\u00e2n\u0103 la 3 ani, dar nu mai pu\u0163in de un an, \u00een condi\u0163iile \u00een care, la data \u00eencheierii contractului de solidaritate, t\u00e2n\u0103rul nu a \u00eemplinit v\u00e2rsta de 26 de ani.&nbsp;Durata contractului de solidaritate, cu excep\u0163ia situa\u0163iei \u00een care t\u00e2n\u0103rul a \u00eemplinit v\u00e2rsta de 25 de ani, nu poate dep\u0103\u015fi data la care t\u00e2n\u0103rul \u00eempline\u015fte v\u00e2rsta de 26 de ani. \u00cen situa\u0163ia tinerilor care au \u00eemplinit v\u00e2rsta de 25 de ani, dar nu au \u00eemplinit v\u00e2rsta de 26 de ani, contractul de solidaritate se \u00eencheie pe o perioad\u0103 de un an.<\/p>\n\n\n\n<p><br>(1) \u00cen vederea \u00eencheierii contractului de solidaritate tinerii cu risc de marginalizare social\u0103, \u00eenregistra\u0163i \u00een eviden\u0163a agen\u0163iei pentru ocuparea for\u0163ei de munc\u0103 jude\u0163ene sau a municipiului Bucure\u015fti, depun urm\u0103toarele documente:<\/p>\n\n\n\n<p>\u2003\u2003a) adeverin\u0163\u0103 de venit eliberat\u0103 de organele fiscale teritoriale subordonate Ministerului Finan\u0163elor Publice;<\/p>\n\n\n\n<p>&nbsp; &nbsp; &nbsp; &nbsp;b) documente din care s\u0103 rezulte c\u0103 se \u00eencadreaz\u0103 \u00een categoria tinerilor cu risc de marginalizare social\u0103 . Acestea pot fi, dup\u0103 caz, urm\u0103toarele:<\/p>\n\n\n\n<ul class=\"wp-block-list\">\n<li>pentru tinerii care se afl\u0103 \u00een sistemul de protec\u0163ie a copilului sau provin din acest sistem, documentul care s\u0103 ateste c\u0103 se afl\u0103 \u00een sistemul de protec\u0163ie a copilului sau provin din acest sistem;<\/li>\n\n\n\n<li>pentru tinerii cu dizabilit\u0103\u0163i, certificatul de \u00eencadrare \u00een grad de handicap emis \u00een condi\u0163iile legii;<\/li>\n\n\n\n<li>pentru tinerii care nu au familie, certificatul de na\u015ftere \u015fi declara\u0163ie pe propria r\u0103spundere c\u0103 nu au familie sau, dup\u0103 caz, certificatele de deces ale p\u0103rin\u0163ilor; pentru tinerii a c\u0103ror familie nu le poate asigura \u00eentre\u0163inerea, certificatul&nbsp; &nbsp; &nbsp; &nbsp;de na\u015ftere \u015fi declara\u0163ie pe propria r\u0103spundere a membrilor familiei \u00een a c\u0103rei \u00eentre\u0163inere se afl\u0103 t\u00e2n\u0103rul, conform legii, c\u0103 ace\u015ftia nu \u00eei pot asigura \u00eentre\u0163inerea sau copia dispozi\u0163iei de acordare a ajutorului social \u00een condi\u0163iile&nbsp;<a><\/a>Legii nr. 416\/2001&nbsp;privind venitul minim garantat, cu modific\u0103rile \u015fi complet\u0103rile ulterioare, ori a dispozi\u0163iei de acordare a aloca\u0163iei pentru sus\u0163inerea familiei \u00een condi\u0163iile&nbsp;<a><\/a>Legii nr. 277\/2010&nbsp;privind aloca\u0163ia pentru sus\u0163inerea familiei, republicat\u0103, cu modific\u0103rile ulterioare;<\/li>\n\n\n\n<li>pentru tinerii care au copii \u00een \u00eentre\u0163inere, certificatele de na\u015ftere ale copiilor sau documentele care atest\u0103 situa\u0163ia juridic\u0103 a copiilor fa\u0163\u0103 de reprezentantul legal, precum \u015fi, dup\u0103 caz, certificatul de c\u0103s\u0103torie; \u00een situa\u0163ia \u00een care tinerii care au copii \u00een \u00eentre\u0163inere sunt beneficiari ai aloca\u0163iei pentru sus\u0163inerea familiei \u00een condi\u0163iile&nbsp;<a><\/a>Legii nr. 277\/2010, republicat\u0103, cu modific\u0103rile ulterioare, se va prezenta numai copia dispozi\u0163iei primarului de acordare a acestui drept;<\/li>\n\n\n\n<li>pentru tinerii care au executat una sau mai multe pedepse privative de libertate, dovada din care s\u0103 rezulte c\u0103 au executat pedepse privative de libertate;<\/li>\n\n\n\n<li>pentru tinerii care sunt victime ale traficului de persoane, documentul emis de autoritatea competent\u0103.<\/li>\n<\/ul>\n\n\n\n<p>Documentele prev\u0103zute se prezint\u0103 \u00een original pentru certificare de func\u0163ionarul public al agen\u0163iei pentru ocuparea for\u0163ei de munc\u0103 jude\u0163ene sau a municipiului Bucure\u015fti, iar copiile certificate se p\u0103streaz\u0103 de c\u0103tre agen\u0163ia pentru ocuparea for\u0163ei de munc\u0103 jude\u0163ean\u0103 sau a municipiului Bucure\u015fti.Certificarea se face prin \u00eenscrierea pe copie a men\u0163iunii \u00abconform cu originalul\u00bb, urmat\u0103 de numele, prenumele \u015fi semn\u0103tura persoanei care a f\u0103cut men\u0163iunea \u015fi de data la care s-a f\u0103cut men\u0163iunea.Pentru \u00eencadrarea \u00een categoria de tineri definit\u0103 la art. 5 pct. IV^3 lit. c) din lege, <strong>prin t\u00e2n\u0103r care nu are familie sau a c\u0103rui familie nu \u00eei poate asigura \u00eentre\u0163inerea<\/strong> se \u00een\u0163elege persoana \u00een v\u00e2rst\u0103 de peste 16 ani ai c\u0103rei p\u0103rin\u0163i au decedat sau provine dintr-o familie beneficiar\u0103 de ajutor social acordat \u00een baza&nbsp;<a><\/a>Legii nr. 416\/2001, cu modific\u0103rile \u015fi complet\u0103rile ulterioare, ori de aloca\u0163ie pentru sus\u0163inerea familiei acordat\u0103 \u00een baza&nbsp;<a><\/a>Legii nr. 277\/2010, republicat\u0103, cu modific\u0103rile \u015fi complet\u0103rile ulterioare.<\/p>\n\n\n\n<p>Pentru \u00eencadrarea \u00een categoria de tineri definit\u0103 la art. 5 pct. IV^3 lit. d) din lege, <strong>prin t\u00e2n\u0103r care are copii \u00een \u00eentre\u0163inere<\/strong> se \u00een\u0163elege persoana \u00een v\u00e2rst\u0103 de peste 16 ani care, potrivit prevederilor&nbsp;<a><\/a>Legii nr. 287\/2009privind Codul civil, republicat\u0103, cu modific\u0103rile ulterioare, are drepturile \u015fi \u00eendatoririle p\u0103rinte\u015fti cu privire la persoana copilului, nu are venituri sau, pentru copiii pe care \u00eei are \u00een \u00eentre\u0163inere, are stabilit un drept de aloca\u0163ie pentru sus\u0163inerea familiei acordat\u0103 \u00een baza&nbsp;<a><\/a>Legii nr. 277\/2010, republicat\u0103, cu modific\u0103rile \u015fi complet\u0103rile ulterioare.<\/p>\n","protected":false},"excerpt":{"rendered":"<p>Potrivit Art. 5&nbsp;&nbsp;art. 5 pct. IV^3&nbsp; din Legea 76\/2002 privind sistemul asigur\u0103rilor pentru \u0219omaj \u0219in stimularea ocup\u0103rii for\u021bei de munc\u0103, t\u00e2n\u0103r cu risc de marginalizare social\u0103 este persoana cu v\u00e2rsta<\/p>\n","protected":false},"author":1,"featured_media":0,"parent":0,"menu_order":530,"comment_status":"closed","ping_status":"closed","template":"template-parts\/content-with-sidebar.php","meta":{"footnotes":""},"class_list":["post-2257","page","type-page","status-publish","hentry"],"_links":{"self":[{"href":"https:\/\/www.anofm.ro\/bucuresti\/wp-json\/wp\/v2\/pages\/2257","targetHints":{"allow":["GET"]}}],"collection":[{"href":"https:\/\/www.anofm.ro\/bucuresti\/wp-json\/wp\/v2\/pages"}],"about":[{"href":"https:\/\/www.anofm.ro\/bucuresti\/wp-json\/wp\/v2\/types\/page"}],"author":[{"embeddable":true,"href":"https:\/\/www.anofm.ro\/bucuresti\/wp-json\/wp\/v2\/users\/1"}],"replies":[{"embeddable":true,"href":"https:\/\/www.anofm.ro\/bucuresti\/wp-json\/wp\/v2\/comments?post=2257"}],"version-history":[{"count":1,"href":"https:\/\/www.anofm.ro\/bucuresti\/wp-json\/wp\/v2\/pages\/2257\/revisions"}],"predecessor-version":[{"id":2861,"href":"https:\/\/www.anofm.ro\/bucuresti\/wp-json\/wp\/v2\/pages\/2257\/revisions\/2861"}],"wp:attachment":[{"href":"https:\/\/www.anofm.ro\/bucuresti\/wp-json\/wp\/v2\/media?parent=2257"}],"curies":[{"name":"wp","href":"https:\/\/api.w.org\/{rel}","templated":true}]}}