{"id":2253,"date":"2023-12-14T23:54:03","date_gmt":"2023-12-14T20:54:03","guid":{"rendered":"https:\/\/www.anofm.ro\/medierea-muncii\/"},"modified":"2024-09-11T21:00:08","modified_gmt":"2024-09-11T18:00:08","slug":"medierea-muncii","status":"publish","type":"page","link":"https:\/\/www.anofm.ro\/bucuresti\/medierea-muncii\/","title":{"rendered":"Medierea muncii"},"content":{"rendered":"\n<p><strong>Medierea muncii<\/strong> este activitatea prin care se realizeaz\u0103 punerea \u00een leg\u0103tur\u0103 a angajatorilor cu persoanele \u00een c\u0103utarea unui loc de munc\u0103, \u00een vederea stabilirii de raporturi de munc\u0103 sau de serviciu.<\/p>\n\n\n\n<p>Agen\u0163iile pentru ocuparea for\u0163ei de munc\u0103 au obliga\u0163ia de a identifica locurile de munc\u0103 vacante la angajatori \u015fi a le face cunoscute persoanelor \u00een c\u0103utarea unui loc de munc\u0103.<\/p>\n\n\n\n<p>Serviciile de mediere pentru persoanele \u00een c\u0103utarea unui loc de munc\u0103 se acord\u0103 gratuit de c\u0103tre agen\u0163iile pentru ocuparea for\u0163ei de munc\u0103 \u015fi constau \u00een:<\/p>\n\n\n\n<p>a) informa\u0163ii privind locurile de munc\u0103 vacante \u015fi condi\u0163iile de ocupare a acestora prin publicarea, afi\u015farea, organizarea de burse ale locurilor de munc\u0103;<\/p>\n\n\n\n<p>b) mediere electronic\u0103 av\u00e2nd ca scop punerea automat\u0103 \u00een coresponden\u0163\u0103 a cererilor \u015fi ofertelor de locuri de munc\u0103 prin intermediul tehnicii de calcul;<\/p>\n\n\n\n<p>c) preselec\u0163ia candida\u0163ilor corespunz\u0103tor cerin\u0163elor locurilor de munc\u0103 oferite \u015fi \u00een concordan\u0163\u0103 cu preg\u0103tirea, aptitudinile, experien\u0163a \u015fi cu interesele acestora.<\/p>\n\n\n\n<p>\u00cen vederea realiz\u0103rii m\u0103surilor pentru stimularea ocup\u0103rii for\u0163ei de munc\u0103, agen\u0163iile pentru ocuparea for\u0163ei de munc\u0103 au obliga\u0163ia de a \u00eentocmi, pentru fiecare persoan\u0103 \u00een c\u0103utarea unui loc de munc\u0103, planul individual de mediere.<\/p>\n\n\n\n<p>Pentru <strong>\u015fomerii care beneficiaz\u0103 de indemniza\u0163ii de \u015fomaj<\/strong>, \u00een condi\u0163iile prev\u0103zute de prezenta lege, participarea la serviciile de mediere, la solicitarea agen\u0163iilor pentru ocuparea for\u0163ei de munc\u0103 la care sunt \u00eenregistra\u0163i, este obligatorie.<\/p>\n\n\n\n<p><strong>\u015eomerii care nu beneficiaz\u0103 de indemniza\u0163ii de \u015fomaj<\/strong> trebuie s\u0103 depun\u0103 o cerere la agen\u0163iile pentru ocuparea for\u0163ei de munc\u0103 pentru a fi lua\u0163i \u00een evidenta \u00een vederea medierii \u015fi, \u00een cazul ne\u00eencadr\u0103rii \u00een munc\u0103, s\u0103 re\u00eennoiasc\u0103 cererea la 6 luni.<\/p>\n\n\n\n<p>De servicii de mediere gratuite beneficiaz\u0103, la cerere, \u015fi persoanele prev\u0103zute la art. 16 lit. c)-f) din Legea 76\/2002 privnd sistemul asigur\u0103rilor pentru \u015fomaj \u015fi stimularea ocup\u0103rii for\u0163ei de munc\u0103.<\/p>\n\n\n\n<p>Medierea muncii se poate realiza \u015fi contra cost de c\u0103tre furnizori de servicii specializate, din sectorul public sau privat, acredita\u0163i de Agen\u0163ia Na\u0163ional\u0103 pentru Ocuparea For\u0163ei de Munc\u0103.<\/p>\n\n\n\n<p><a href=\"\/upload\/3267\/ANEXA_8_la_norme_-medierea-2.docx\">&nbsp;Cerere pentru inscrierea in evidenta in vederea medierii editabil<\/a><\/p>\n\n\n\n<p><a href=\"\/upload\/3267\/anexa_9_HG_nr._174_din_2002_actualizata.docx\">Cerere acordarea serviciilor de mediere editabil<\/a><\/p>\n\n\n\n<p><br><\/p>\n","protected":false},"excerpt":{"rendered":"<p>Medierea muncii este activitatea prin care se realizeaz\u0103 punerea \u00een leg\u0103tur\u0103 a angajatorilor cu persoanele \u00een c\u0103utarea unui loc de munc\u0103, \u00een vederea stabilirii de raporturi de munc\u0103 sau de<\/p>\n","protected":false},"author":1,"featured_media":0,"parent":0,"menu_order":510,"comment_status":"closed","ping_status":"closed","template":"template-parts\/content-with-sidebar.php","meta":{"footnotes":""},"class_list":["post-2253","page","type-page","status-publish","hentry"],"_links":{"self":[{"href":"https:\/\/www.anofm.ro\/bucuresti\/wp-json\/wp\/v2\/pages\/2253","targetHints":{"allow":["GET"]}}],"collection":[{"href":"https:\/\/www.anofm.ro\/bucuresti\/wp-json\/wp\/v2\/pages"}],"about":[{"href":"https:\/\/www.anofm.ro\/bucuresti\/wp-json\/wp\/v2\/types\/page"}],"author":[{"embeddable":true,"href":"https:\/\/www.anofm.ro\/bucuresti\/wp-json\/wp\/v2\/users\/1"}],"replies":[{"embeddable":true,"href":"https:\/\/www.anofm.ro\/bucuresti\/wp-json\/wp\/v2\/comments?post=2253"}],"version-history":[{"count":2,"href":"https:\/\/www.anofm.ro\/bucuresti\/wp-json\/wp\/v2\/pages\/2253\/revisions"}],"predecessor-version":[{"id":5166,"href":"https:\/\/www.anofm.ro\/bucuresti\/wp-json\/wp\/v2\/pages\/2253\/revisions\/5166"}],"wp:attachment":[{"href":"https:\/\/www.anofm.ro\/bucuresti\/wp-json\/wp\/v2\/media?parent=2253"}],"curies":[{"name":"wp","href":"https:\/\/api.w.org\/{rel}","templated":true}]}}