{"id":2247,"date":"2023-12-14T22:54:03","date_gmt":"2023-12-14T20:54:03","guid":{"rendered":"https:\/\/www.anofm.ro\/alte-servicii\/"},"modified":"2023-12-16T00:48:23","modified_gmt":"2023-12-15T22:48:23","slug":"alte-servicii","status":"publish","type":"page","link":"https:\/\/www.anofm.ro\/bucuresti\/alte-servicii\/","title":{"rendered":"Alte servicii"},"content":{"rendered":"\n<p><strong>Asigurarea facultativ\u0103 \u00een sistemul asigur\u0103rilor pentru \u015fomaj<\/strong><\/p>\n\n\n\n<p>\u00cen sistemul asigur\u0103rilor pentru \u015fomaj se pot asigura facultativ urm\u0103toarele categorii de persoane:<\/p>\n\n\n\n<p>a) asociat unic, asocia\u021bi;<\/p>\n\n\n\n<p>b) administratori care au \u00eencheiat contracte potrivit legii;<\/p>\n\n\n\n<p>c) persoane fizice autorizate, \u00eentreprinz\u0103tori persoane fizice, titulari ai \u00eentreprinderilor individuale, precum \u015fi membrii \u00eentreprinderilor familiale;<\/p>\n\n\n\n<p>d) cet\u0103\u021beni rom\u00e2ni care lucreaz\u0103 \u00een str\u0103in\u0103tate, conform legii;<\/p>\n\n\n\n<p>e) alte persoane care realizeaz\u0103 venituri din activit\u0103\u021bi desf\u0103\u015furate potrivit legii \u015fi care nu se reg\u0103sesc \u00een una dintre situa\u021biile prev\u0103zute la lit. a)-d).<\/p>\n","protected":false},"excerpt":{"rendered":"<p>Asigurarea facultativ\u0103 \u00een sistemul asigur\u0103rilor pentru \u015fomaj \u00cen sistemul asigur\u0103rilor pentru \u015fomaj se pot asigura facultativ urm\u0103toarele categorii de persoane: a) asociat unic, asocia\u021bi; b) administratori care au \u00eencheiat contracte<\/p>\n","protected":false},"author":1,"featured_media":0,"parent":0,"menu_order":480,"comment_status":"closed","ping_status":"closed","template":"template-parts\/content-with-sidebar.php","meta":{"footnotes":""},"class_list":["post-2247","page","type-page","status-publish","hentry"],"_links":{"self":[{"href":"https:\/\/www.anofm.ro\/bucuresti\/wp-json\/wp\/v2\/pages\/2247","targetHints":{"allow":["GET"]}}],"collection":[{"href":"https:\/\/www.anofm.ro\/bucuresti\/wp-json\/wp\/v2\/pages"}],"about":[{"href":"https:\/\/www.anofm.ro\/bucuresti\/wp-json\/wp\/v2\/types\/page"}],"author":[{"embeddable":true,"href":"https:\/\/www.anofm.ro\/bucuresti\/wp-json\/wp\/v2\/users\/1"}],"replies":[{"embeddable":true,"href":"https:\/\/www.anofm.ro\/bucuresti\/wp-json\/wp\/v2\/comments?post=2247"}],"version-history":[{"count":1,"href":"https:\/\/www.anofm.ro\/bucuresti\/wp-json\/wp\/v2\/pages\/2247\/revisions"}],"predecessor-version":[{"id":2865,"href":"https:\/\/www.anofm.ro\/bucuresti\/wp-json\/wp\/v2\/pages\/2247\/revisions\/2865"}],"wp:attachment":[{"href":"https:\/\/www.anofm.ro\/bucuresti\/wp-json\/wp\/v2\/media?parent=2247"}],"curies":[{"name":"wp","href":"https:\/\/api.w.org\/{rel}","templated":true}]}}