{"id":2243,"date":"2023-12-14T23:54:03","date_gmt":"2023-12-14T20:54:03","guid":{"rendered":"https:\/\/www.anofm.ro\/inregistrarea-somerilor\/"},"modified":"2024-09-11T20:06:35","modified_gmt":"2024-09-11T17:06:35","slug":"inregistrarea-somerilor","status":"publish","type":"page","link":"https:\/\/www.anofm.ro\/bucuresti\/inregistrarea-somerilor\/","title":{"rendered":"\u00cenregistrarea \u0219omerilor"},"content":{"rendered":"\n<p><strong>Categoriile de beneficiari<\/strong> ai Legii nr.76\/2002, privind sistemul asigur\u0103rilor pentru \u015fomaj \u015fi stimularea ocup\u0103rii for\u0163ei de munc\u0103, cu modific\u0103rile \u015fi complet\u0103rile ulterioare<\/p>\n\n\n\n<p>\u00cen temeiul art.16 din Legea nr.76\/2002, cu modific\u0103rile \u015fi complet\u0103rile ulterioare, beneficiari ai prevederilor acestei legi sunt persoanele \u00een c\u0103utarea unui loc de munc\u0103, aflate \u00een una dintre urm\u0103toarele situa\u0163ii:<\/p>\n\n\n\n<p>a) au devenit \u015fomeri \u00een sensul prevederilor art.5 pct.IV lit c), respectiv nu au loc de munc\u0103, nu realizeaz\u0103 venituri sau realizeaz\u0103, din activit\u0103\u021bi autorizate potrivit legii, venituri mai mici dec\u00e2t valoarea indicatorului social de referin\u021b\u0103 al asigur\u0103rilor pentru \u0219omaj \u0219i stimul\u0103rii ocup\u0103rii for\u021bei de munc\u0103, \u00een vigoare;<\/p>\n\n\n\n<p>b) nu au putut ocupa loc de munc\u0103 dup\u0103 absolvirea unei institu\u0163ii de \u00eenv\u0103\u0163\u0103m\u00e2nt;<\/p>\n\n\n\n<p>c) ocup\u0103 un loc de munc\u0103 \u015fi, din diferite motive, doresc schimbarea acestuia;<\/p>\n\n\n\n<p>d) au ob\u0163inut statutul de refugiat sau beneficiaz\u0103 de alt\u0103 form\u0103 de protec\u0163ie interna\u0163ional\u0103, conform legii, sau se afl\u0103 \u00een procedur\u0103 de solu\u0163ionare a cererii de azil \u015fi au acces pe pia\u0163a muncii, \u00een condi\u0163iile prev\u0103zute de lege.<\/p>\n\n\n\n<p>e) sunt cet\u0103\u0163eni str\u0103ini sau apatrizi care au fost \u00eencadra\u0163i \u00een munc\u0103 sau au realizat venituri \u00een Rom\u00e2nia sau care au drept de munc\u0103 pe teritoriul Rom\u00e2niei, conform legii;<\/p>\n\n\n\n<p>f) nu au putut ocupa loc de munc\u0103 dup\u0103 repatriere sau dup\u0103 eliberarea din deten\u0163ie.<\/p>\n\n\n\n<p><strong>\u015eomer &#8211; <\/strong>persoana care \u00eendepline\u015fte cumulativ urm\u0103toarele condi\u0163ii:<\/p>\n\n\n\n<p>-este \u00een c\u0103utarea unui loc de munc\u0103 de la v\u00e2rsta de minimum 16 ani \u015fi p\u00e2n\u0103 la \u00eendeplinirea condi\u0163iilor de pensionare;<\/p>\n\n\n\n<p>-starea de s\u0103n\u0103tate \u015fi capacit\u0103\u0163ile fizice \u015fi psihice o fac apt\u0103 pentru prestarea unei munci;<\/p>\n\n\n\n<p>&#8211; nu are loc de munc\u0103, nu realizeaz\u0103 venituri sau realizeaz\u0103, din activit\u0103\u0163i autorizate potrivit legii, venituri mai mici dec\u00e2t valoarea indicatorului social de referin\u0163\u0103 al asigur\u0103rilor pentru \u015fomaj \u015fi stimul\u0103rii ocup\u0103rii for\u0163ei de munc\u0103, \u00een vigoare;<\/p>\n\n\n\n<p>&#8211; este disponibil\u0103 s\u0103 \u00eenceap\u0103 lucrul \u00een perioada imediat urm\u0103toare, dac\u0103 s-ar g\u0103si un loc de munc\u0103.<\/p>\n\n\n\n<p><strong>\u015eomer \u00eenregistrat &#8211; <\/strong>persoana care \u00eendepline\u015fte cumulativ condi\u021biile pentru a fi \u015fomer:<\/p>\n\n\n\n<p>-este \u00een c\u0103utarea unui loc de munc\u0103 de la v\u00e2rsta de minimum 16 ani \u015fi p\u00e2n\u0103 la \u00eendeplinirea condi\u021biilor de pensionare;<\/p>\n\n\n\n<p>-starea de s\u0103n\u0103tate \u015fi capacit\u0103\u021bile fizice \u015fi psihice o fac apt\u0103 pentru prestarea unei munci;<\/p>\n\n\n\n<p>-nu are loc de munc\u0103, nu realizeaz\u0103 venituri sau realizeaz\u0103, din activit\u0103\u021bi autorizate potrivit legii, venituri mai mici dec\u00e2t valoarea indicatorului social de referin\u021b\u0103 al asigur\u0103rilor pentru \u015fomaj \u015fi stimul\u0103rii ocup\u0103rii for\u021bei de munc\u0103, \u00een vigoare;<\/p>\n\n\n\n<p>-este disponibil\u0103 s\u0103 \u00eenceap\u0103 lucrul \u00een perioada imediat urm\u0103toare, dac\u0103 s-ar g\u0103si un loc de munc\u0103.<\/p>\n\n\n\n<p>Totodat\u0103 persoana se \u00eenregistreaz\u0103 la agen\u021bia pentru ocuparea for\u021bei de munc\u0103 \u00een a c\u0103rei raz\u0103 teritorial\u0103 \u00ee\u015fi are domiciliul sau, dup\u0103 caz, re\u015fedin\u021ba ori la alt furnizor de servicii de ocupare, care func\u021bioneaz\u0103 \u00een condi\u021biile prev\u0103zute de lege, \u00een vederea ob\u021binerii unui loc de munc\u0103.<\/p>\n\n\n\n<p><strong>\u015eomer de lung\u0103 durat\u0103 &#8211; <\/strong>persoana care este \u015fomer pe o perioad\u0103 mai mare de 12 luni, \u00een cazul persoanelor cu v\u00e2rsta de minimum 25 de ani \u015fi pe o perioad\u0103 de 6 luni, \u00een cazul persoanelor cu v\u00e2rsta cuprins\u0103 \u00eentre 16 ani \u015fi p\u00e2n\u0103 la \u00eemplinirea v\u00e2rstei de 25 de ani.<\/p>\n\n\n\n<p><strong>T\u00e2n\u0103r cu risc de marginalizare social\u0103<\/strong> &#8211; persoana cu v\u00e2rsta cuprins\u0103 \u00eentre 16-26 de ani, care \u00eendepline\u015fte condi\u0163iile men\u0163ionate, se \u00eenregistreaz\u0103 la agen\u0163ia pentru ocuparea for\u0163ei de munc\u0103 \u00een a c\u0103rei raz\u0103 teritorial\u0103 \u00eesi are domiciliul sau, dup\u0103 caz, re\u015fedin\u0163a \u015fi se \u00eencadreaz\u0103 \u00een una dintre urm\u0103toarele categorii:<\/p>\n\n\n\n<p>&nbsp;&nbsp;&nbsp; a) se afl\u0103 \u00een sistemul de protec\u0163ie a copilului sau provine din acest sistem;<\/p>\n\n\n\n<p>&nbsp;&nbsp;&nbsp; b) are dizabilit\u0103\u0163i;<\/p>\n\n\n\n<p>&nbsp;&nbsp;&nbsp; c) nu are familie sau a c\u0103rui familie nu \u00eei poate asigura \u00eentre\u0163inerea;<\/p>\n\n\n\n<p>&nbsp;&nbsp;&nbsp; d) are copii \u00een \u00eentre\u0163inere;<\/p>\n\n\n\n<p>&nbsp;&nbsp;&nbsp; e) a executat una sau mai multe pedepse privative de libertate;<\/p>\n\n\n\n<p>&nbsp;&nbsp;&nbsp; f) este victim\u0103 a traficului de persoane.<\/p>\n\n\n\n<p><strong>T\u00e2n\u0103r NEET &#8211; <\/strong><strong>persoana cu v\u00e2rsta cuprins\u0103 \u00eentre 16 ani \u015fi p\u00e2n\u0103 la \u00eemplinirea v\u00e2rstei de 30 de ani,<\/strong> care nu are loc de munc\u0103, nu urmeaz\u0103 o form\u0103 de \u00eenv\u0103\u0163\u0103m\u00e2nt \u015fi nu particip\u0103 la activit\u0103\u0163i de formare profesional\u0103.<\/p>\n\n\n\n<p><strong>Documente necesare pentru \u00eenregistrarea ca persoan\u0103 aflat\u0103 \u00een c\u0103utarea unui loc de munc\u0103<\/strong><\/p>\n\n\n\n<p>1. Actul de identitate, \u00een original;&nbsp;&nbsp;&nbsp;&nbsp;&nbsp;&nbsp;&nbsp;&nbsp;<\/p>\n\n\n\n<p>2. Actele de studii \u0219i de calificare, \u00een original;&nbsp;<\/p>\n\n\n\n<p>3. Declara\u021bie pe proprie r\u0103spundere, sub sanc\u021biunile aplicate faptei de fals \u00een declara\u021bii, c\u0103 persoana nu are restric\u0163ii medicale care o \u00eempiedic\u0103 s\u0103 presteze munc\u0103 sau c\u0103 are eventuale restric\u0163ii medicale care o \u00eempiedic\u0103 s\u0103 presteze o anumit\u0103 munc\u0103, conform modelului prev\u0103zut \u00een Anexa nr. 11 din Ordinul pre\u015fedintelui Agen\u0163iei Na\u0163ionale pentru Ocuparea For\u0163ei de Munc\u0103 cu nr. 286\/17.02.2020 privind modificarea \u015fi completarea Procedurii de primire \u015fi de solu\u0163ionare a cererilor de loc de munc\u0103 sau indemniza\u0163ie de \u015fomaj, aprobat\u0103 prin Ordinul pre\u015fedintelui Agen\u0163iei Na\u0163ionale pentru Ocuparea For\u0163ei de Munc\u0103 nr. 85\/2002. Documentul este pus la dispozi\u021bie de catre agen\u021bia pentru ocuparea for\u021bei de munc\u0103 sau se poate descarca aici : <a href=\"https:\/\/www.anofm.ro\/wp-content\/uploads\/2024\/09\/Anexa_1_Declaratie_stare_de_sanatate.docx\">format editabil<\/a>,<\/p>\n\n\n\n<p>4. Curriculum vitae, \u00eentocmit conform modelului comun aprobat prin Hot\u0103r\u00e2rea Guvernului nr.1021\/2004 pentru aprobarea modelului comun european de curriculum vitae &#8211; <a href=\"https:\/\/www.anofm.ro\/wp-content\/uploads\/2024\/09\/CV_in_format_european-1.doc\">model editabil aici<\/a>;<\/p>\n","protected":false},"excerpt":{"rendered":"<p>Categoriile de beneficiari ai Legii nr.76\/2002, privind sistemul asigur\u0103rilor pentru \u015fomaj \u015fi stimularea ocup\u0103rii for\u0163ei de munc\u0103, cu modific\u0103rile \u015fi complet\u0103rile ulterioare \u00cen temeiul art.16 din Legea nr.76\/2002, cu modific\u0103rile<\/p>\n","protected":false},"author":1,"featured_media":0,"parent":0,"menu_order":460,"comment_status":"closed","ping_status":"closed","template":"template-parts\/content-with-sidebar.php","meta":{"footnotes":""},"class_list":["post-2243","page","type-page","status-publish","hentry"],"_links":{"self":[{"href":"https:\/\/www.anofm.ro\/bucuresti\/wp-json\/wp\/v2\/pages\/2243","targetHints":{"allow":["GET"]}}],"collection":[{"href":"https:\/\/www.anofm.ro\/bucuresti\/wp-json\/wp\/v2\/pages"}],"about":[{"href":"https:\/\/www.anofm.ro\/bucuresti\/wp-json\/wp\/v2\/types\/page"}],"author":[{"embeddable":true,"href":"https:\/\/www.anofm.ro\/bucuresti\/wp-json\/wp\/v2\/users\/1"}],"replies":[{"embeddable":true,"href":"https:\/\/www.anofm.ro\/bucuresti\/wp-json\/wp\/v2\/comments?post=2243"}],"version-history":[{"count":2,"href":"https:\/\/www.anofm.ro\/bucuresti\/wp-json\/wp\/v2\/pages\/2243\/revisions"}],"predecessor-version":[{"id":5155,"href":"https:\/\/www.anofm.ro\/bucuresti\/wp-json\/wp\/v2\/pages\/2243\/revisions\/5155"}],"wp:attachment":[{"href":"https:\/\/www.anofm.ro\/bucuresti\/wp-json\/wp\/v2\/media?parent=2243"}],"curies":[{"name":"wp","href":"https:\/\/api.w.org\/{rel}","templated":true}]}}