{"id":2241,"date":"2023-12-14T22:54:03","date_gmt":"2023-12-14T20:54:03","guid":{"rendered":"https:\/\/www.anofm.ro\/servicii-de-inregistrare\/"},"modified":"2023-12-15T20:12:41","modified_gmt":"2023-12-15T18:12:41","slug":"servicii-de-inregistrare","status":"publish","type":"page","link":"https:\/\/www.anofm.ro\/bucuresti\/servicii-de-inregistrare\/","title":{"rendered":"Servicii de \u00eenregistrare"},"content":{"rendered":"\n<div class=\"wp-block-columns is-layout-flex wp-container-core-columns-is-layout-9d6595d7 wp-block-columns-is-layout-flex\">\n<div class=\"wp-block-column is-layout-flow wp-block-column-is-layout-flow\">\n<a class=\"fancybox\" href=\"\/bucuresti\/inregistrarea-somerilor\/\" target=\"\" rel=\"noopener\"><div class=\"fancybox-bg\" style=\"background-image:url(https:\/\/www.anofm.ro\/wp-content\/uploads\/2023\/12\/bg-fancybox-servicii-de-inregistrare.png)\"><\/div><div class=\"fancybox-overlay\"><\/div><div class=\"fancybox-inner\"><div class=\"fancybox-heading-wrap\"><p class=\"h3\">\u00cenregistrarea \u0219omerilor<\/p><\/div><\/div><\/a>\n<\/div>\n\n\n\n<div class=\"wp-block-column is-layout-flow wp-block-column-is-layout-flow\">\n<a class=\"fancybox\" href=\"\/bucuresti\/inregistrarea-in-baza-de-date-a-altor-persoane-aflate-in-cautarea-unui-loc-de-munca-altele-decat-somerii\/\" target=\"\" rel=\"noopener\"><div class=\"fancybox-bg\" style=\"background-image:url(https:\/\/www.anofm.ro\/wp-content\/uploads\/2023\/12\/bg-fancybox-inregistrarea-in-baza-de-date-a-altor-persoane-aflate-in-cautarea-unui-loc-de-munca-altele-decat-somerii.png)\"><\/div><div class=\"fancybox-overlay\"><\/div><div class=\"fancybox-inner\"><div class=\"fancybox-heading-wrap\"><p class=\"h3\">\u00cenregistrarea \u00een baza de date a altor persoane aflate \u00een c\u0103utarea unui loc de munc\u0103, altele dec\u00e2t \u015fomerii<\/p><\/div><\/div><\/a>\n<\/div>\n\n\n\n<div class=\"wp-block-column is-layout-flow wp-block-column-is-layout-flow\">\n<a class=\"fancybox\" href=\"\/bucuresti\/alte-servicii\/\" target=\"\" rel=\"noopener\"><div class=\"fancybox-bg\" style=\"background-image:url(https:\/\/www.anofm.ro\/wp-content\/uploads\/2023\/12\/bg-fancybox-alte-servicii.png)\"><\/div><div class=\"fancybox-overlay\"><\/div><div class=\"fancybox-inner\"><div class=\"fancybox-heading-wrap\"><p class=\"h3\">Alte servicii<\/p><\/div><\/div><\/a>\n<\/div>\n<\/div>\n","protected":false},"excerpt":{"rendered":"","protected":false},"author":1,"featured_media":0,"parent":0,"menu_order":450,"comment_status":"closed","ping_status":"closed","template":"","meta":{"footnotes":""},"class_list":["post-2241","page","type-page","status-publish","hentry"],"_links":{"self":[{"href":"https:\/\/www.anofm.ro\/bucuresti\/wp-json\/wp\/v2\/pages\/2241","targetHints":{"allow":["GET"]}}],"collection":[{"href":"https:\/\/www.anofm.ro\/bucuresti\/wp-json\/wp\/v2\/pages"}],"about":[{"href":"https:\/\/www.anofm.ro\/bucuresti\/wp-json\/wp\/v2\/types\/page"}],"author":[{"embeddable":true,"href":"https:\/\/www.anofm.ro\/bucuresti\/wp-json\/wp\/v2\/users\/1"}],"replies":[{"embeddable":true,"href":"https:\/\/www.anofm.ro\/bucuresti\/wp-json\/wp\/v2\/comments?post=2241"}],"version-history":[{"count":1,"href":"https:\/\/www.anofm.ro\/bucuresti\/wp-json\/wp\/v2\/pages\/2241\/revisions"}],"predecessor-version":[{"id":2684,"href":"https:\/\/www.anofm.ro\/bucuresti\/wp-json\/wp\/v2\/pages\/2241\/revisions\/2684"}],"wp:attachment":[{"href":"https:\/\/www.anofm.ro\/bucuresti\/wp-json\/wp\/v2\/media?parent=2241"}],"curies":[{"name":"wp","href":"https:\/\/api.w.org\/{rel}","templated":true}]}}