{"id":2239,"date":"2023-12-14T23:54:02","date_gmt":"2023-12-14T20:54:02","guid":{"rendered":"https:\/\/www.anofm.ro\/locuri-de-munca-vacante\/"},"modified":"2024-09-11T11:25:04","modified_gmt":"2024-09-11T08:25:04","slug":"locuri-de-munca-vacante","status":"publish","type":"page","link":"https:\/\/www.anofm.ro\/bucuresti\/locuri-de-munca-vacante\/","title":{"rendered":"Locuri de munc\u0103 vacante"},"content":{"rendered":"\n<p>G\u0103si\u0163i aici locurile de munc\u0103 vacante comunicate de angajatori, actualizate \u00een timp real.<br>Locurile de munc\u0103 disponibile pot fi vizualizate la nivel na\u021bional \u015fi jude\u021bean. <\/p>\n\n\n\n<p>Pentru a facilita c\u0103utarea, ave\u0163i posibilitatea de a filtra ofertele angajatorilor \u00een func\u021bie de: ocupa\u0163ie, domeniul de activitate, ID ofert\u0103, salariu, destinatari (ucenici, stagiari, persoane \u00een c\u0103utarea unui loc de munc\u0103 &#8211; PCLM, absolven\u0163i), tip contract (pe perioad\u0103 determinat\u0103 sau nedeterminat\u0103) etc.<\/p>\n\n\n\n<p>Totodat\u0103, \u00een oferta angajatorului pute\u0163i vizualiza \u015fi alte detalii despre condi\u0163iile de ocupare a<br>postului sau beneficii oferite (nivelul de studii necesar pentru ocuparea postului, salariu \u015fi<br>beneficii, loca\u0163ia, valabilitatea ofertei etc).<\/p>\n\n\n\n<a class=\"btn\" href=\"https:\/\/mediere.anofm.ro\/app\/module\/mediere\/jobs\" target=\"_blank\" rel=\"noopener\">Vezi locuri de munca vacante<\/a>\n\n\n\n<p><\/p>\n","protected":false},"excerpt":{"rendered":"<p>G\u0103si\u0163i aici locurile de munc\u0103 vacante comunicate de angajatori, actualizate \u00een timp real.Locurile de munc\u0103 disponibile pot fi vizualizate la nivel na\u021bional \u015fi jude\u021bean. Pentru a facilita c\u0103utarea, ave\u0163i posibilitatea<\/p>\n","protected":false},"author":1,"featured_media":0,"parent":0,"menu_order":440,"comment_status":"closed","ping_status":"closed","template":"template-parts\/content-with-sidebar.php","meta":{"footnotes":""},"class_list":["post-2239","page","type-page","status-publish","hentry"],"_links":{"self":[{"href":"https:\/\/www.anofm.ro\/bucuresti\/wp-json\/wp\/v2\/pages\/2239","targetHints":{"allow":["GET"]}}],"collection":[{"href":"https:\/\/www.anofm.ro\/bucuresti\/wp-json\/wp\/v2\/pages"}],"about":[{"href":"https:\/\/www.anofm.ro\/bucuresti\/wp-json\/wp\/v2\/types\/page"}],"author":[{"embeddable":true,"href":"https:\/\/www.anofm.ro\/bucuresti\/wp-json\/wp\/v2\/users\/1"}],"replies":[{"embeddable":true,"href":"https:\/\/www.anofm.ro\/bucuresti\/wp-json\/wp\/v2\/comments?post=2239"}],"version-history":[{"count":2,"href":"https:\/\/www.anofm.ro\/bucuresti\/wp-json\/wp\/v2\/pages\/2239\/revisions"}],"predecessor-version":[{"id":5131,"href":"https:\/\/www.anofm.ro\/bucuresti\/wp-json\/wp\/v2\/pages\/2239\/revisions\/5131"}],"wp:attachment":[{"href":"https:\/\/www.anofm.ro\/bucuresti\/wp-json\/wp\/v2\/media?parent=2239"}],"curies":[{"name":"wp","href":"https:\/\/api.w.org\/{rel}","templated":true}]}}