{"id":2235,"date":"2023-12-14T22:54:02","date_gmt":"2023-12-14T20:54:02","guid":{"rendered":"https:\/\/www.anofm.ro\/ghid-privind-aplicarea-legii-270-2017\/"},"modified":"2023-12-16T00:49:22","modified_gmt":"2023-12-15T22:49:22","slug":"ghid-privind-aplicarea-legii-270-2017","status":"publish","type":"page","link":"https:\/\/www.anofm.ro\/bucuresti\/ghid-privind-aplicarea-legii-270-2017\/","title":{"rendered":"Ghid privind aplicarea Legii 270\/2017"},"content":{"rendered":"\n<p><a href=\"\/upload\/1991\/Ghid_privind_aplicarea_Legii_nr.270_din_2017_a_prevenirii_.pdf\">Ghid privind aplicarea Legii nr. 270\/2017 a prevenirii de c\u0103tre structurile de control din cadrul Agen\u021biei Na\u021bionale pentru Ocuparea For\u021bei de Munc\u0103 \u0219i agen\u0163iilor jude\u0163ene\/municipal\u0103 pentru ocuparea for\u0163ei de munc\u0103<\/a><\/p>\n\n\n\n<p><a href=\"\/upload\/1991\/LEGEA_nr._270_din_22_decembrie_2017_prevenirii.pdf\">Legea prevenirii nr. 270\/2017<\/a><\/p>\n\n\n\n<p><a href=\"\/upload\/1991\/HOT%C4%82R%C3%82RE_nr._33_din_25_ianuarie_2018_privind_stabilirea_contraven%C5%A3iilor_care_intr%C4%83_sub_inciden%C5%A3a_Legii_prevenirii_nr._270_din_2017_precum_%C5%9Fi_a_modelului_planului_de_remediere.pdf\">Hot\u0103r\u00e2rea nr. 33\/2018 privind stabilirea contraven\u021biilor care intr\u0103 sub inciden\u021ba Legii prevenirii nr. 270\/2017, precum \u0219i a modelului planului de remediere<\/a><\/p>\n","protected":false},"excerpt":{"rendered":"<p>Ghid privind aplicarea Legii nr. 270\/2017 a prevenirii de c\u0103tre structurile de control din cadrul Agen\u021biei Na\u021bionale pentru Ocuparea For\u021bei de Munc\u0103 \u0219i agen\u0163iilor jude\u0163ene\/municipal\u0103 pentru ocuparea for\u0163ei de munc\u0103<\/p>\n","protected":false},"author":1,"featured_media":0,"parent":0,"menu_order":420,"comment_status":"closed","ping_status":"closed","template":"template-parts\/content-with-sidebar.php","meta":{"footnotes":""},"class_list":["post-2235","page","type-page","status-publish","hentry"],"_links":{"self":[{"href":"https:\/\/www.anofm.ro\/bucuresti\/wp-json\/wp\/v2\/pages\/2235","targetHints":{"allow":["GET"]}}],"collection":[{"href":"https:\/\/www.anofm.ro\/bucuresti\/wp-json\/wp\/v2\/pages"}],"about":[{"href":"https:\/\/www.anofm.ro\/bucuresti\/wp-json\/wp\/v2\/types\/page"}],"author":[{"embeddable":true,"href":"https:\/\/www.anofm.ro\/bucuresti\/wp-json\/wp\/v2\/users\/1"}],"replies":[{"embeddable":true,"href":"https:\/\/www.anofm.ro\/bucuresti\/wp-json\/wp\/v2\/comments?post=2235"}],"version-history":[{"count":1,"href":"https:\/\/www.anofm.ro\/bucuresti\/wp-json\/wp\/v2\/pages\/2235\/revisions"}],"predecessor-version":[{"id":2868,"href":"https:\/\/www.anofm.ro\/bucuresti\/wp-json\/wp\/v2\/pages\/2235\/revisions\/2868"}],"wp:attachment":[{"href":"https:\/\/www.anofm.ro\/bucuresti\/wp-json\/wp\/v2\/media?parent=2235"}],"curies":[{"name":"wp","href":"https:\/\/api.w.org\/{rel}","templated":true}]}}