{"id":2231,"date":"2023-12-14T22:54:02","date_gmt":"2023-12-14T20:54:02","guid":{"rendered":"https:\/\/www.anofm.ro\/lista-privind-bunurile-primite-cu-titlu-gratuit\/"},"modified":"2026-01-27T11:57:11","modified_gmt":"2026-01-27T09:57:11","slug":"lista-privind-bunurile-primite-cu-titlu-gratuit","status":"publish","type":"page","link":"https:\/\/www.anofm.ro\/bucuresti\/lista-privind-bunurile-primite-cu-titlu-gratuit\/","title":{"rendered":"Lista privind bunurile primite cu titlu gratuit"},"content":{"rendered":"\n<p>\u00cen conformitate cu m\u0103surile de transparen\u021b\u0103 institu\u021bional\u0103 \u015fi de prevenire a corup\u021biei prev\u0103zute \u00een Strategia Na\u021bional\u0103 Anticorup\u021bie 2016-2020 \u015fi cu Regulamentul de punere \u00een aplicare a Legii nr. 251\/2004&nbsp;privind unele m\u0103suri referitoare la bunurile primite cu titlu gratuit cu prilejul unor ac\u0163iuni de protocol \u00een exercitarea mandatului sau a func\u0163iei, la nivelul A.M.O.F.M. Bucure\u015fti a fost constituit\u0103 \u00een cursul anului 2014 ,,Comisia de evaluare \u015fi inventariere a bunurile primite cu titlu gratuit cu prilejul unor ac\u0163iuni de protocol \u00een exercitarea mandatului sau a func\u0163iei.<\/p>\n\n\n\n<p>Art. 3 al Legii nr. 251\/2004&nbsp; prevede c\u0103: <em>,, La sf\u00e2r\u015fitul fiec\u0103rui an, autorit\u0103\u0163ile, institu\u0163iile publice sau persoanele juridice public\u0103 lista cuprinz\u00e2nd bunurile depuse potrivit prezentei legi \u015fi destina\u0163ia acestora, pe pagina de Internet a persoanei juridice respective ori \u00een Monitorul Oficial al Rom\u00e2niei, Partea a III-a.\u2019\u2019<br><\/em><\/p>\n\n\n\n<div class=\"file-list-wrap\"><p class=\"h4\">Documente desc\u0103rcabile<\/p><ul class=\"file-list\">\n<li><a href=\"\/upload\/4473\/PROCES_VERBAL_BUNURI_2020.pdf\" download>Proces Verbal Bunuri 2020<\/a><\/li>\n\n\n\n<li><a href=\"\/upload2\/Bucure\u0219ti\/4473\/Proces_verbal_bunuri_2021.pdf\" download>Proces Verbal Bunuri 2021<\/a><\/li>\n\n\n\n<li><a href=\"\/upload2\/Bucure\u0219ti\/4473\/Proces_verbal_bunuri_2022.pdf\" download>Proces Verbal Bunuri 2022<\/a><\/li>\n\n\n\n<li><a href=\"https:\/\/www.anofm.ro\/bucuresti\/wp-content\/uploads\/sites\/11\/2025\/04\/PV-DE-INVENTARIERE-A-BUNURILOR-PRIMITE-CU-TITLU-GRATUIT_2023.pdf\" download>PV-DE-INVENTARIERE-A-BUNURILOR-PRIMITE-CU-TITLU-GRATUIT_2023.pdf<\/a><\/li>\n\n\n\n<li><a href=\"https:\/\/www.anofm.ro\/bucuresti\/wp-content\/uploads\/sites\/11\/2025\/04\/PV-INVENTARIEREA-BUNURILOR-PRIMITE-CU-TITLU-GRATUIT_2024.pdf\" download>PV-INVENTARIEREA-BUNURILOR-PRIMITE-CU-TITLU-GRATUIT_2024.pdf<\/a><\/li>\n\n\n\n<li><a href=\"https:\/\/www.anofm.ro\/bucuresti\/wp-content\/uploads\/sites\/11\/2026\/01\/PV_inventariere_a_bunurilor_primite_cu_titlu_gratuit_2025.pdf\" download>PV_inventariere_a_bunurilor_primite_cu_titlu_gratuit_2025.pdf<\/a><\/li>\n<\/ul><\/div>\n","protected":false},"excerpt":{"rendered":"<p>\u00cen conformitate cu m\u0103surile de transparen\u021b\u0103 institu\u021bional\u0103 \u015fi de prevenire a corup\u021biei prev\u0103zute \u00een Strategia Na\u021bional\u0103 Anticorup\u021bie 2016-2020 \u015fi cu Regulamentul de punere \u00een aplicare a Legii nr. 251\/2004&nbsp;privind unele<\/p>\n","protected":false},"author":1,"featured_media":0,"parent":0,"menu_order":400,"comment_status":"closed","ping_status":"closed","template":"template-parts\/content-with-sidebar.php","meta":{"footnotes":""},"class_list":["post-2231","page","type-page","status-publish","hentry"],"_links":{"self":[{"href":"https:\/\/www.anofm.ro\/bucuresti\/wp-json\/wp\/v2\/pages\/2231","targetHints":{"allow":["GET"]}}],"collection":[{"href":"https:\/\/www.anofm.ro\/bucuresti\/wp-json\/wp\/v2\/pages"}],"about":[{"href":"https:\/\/www.anofm.ro\/bucuresti\/wp-json\/wp\/v2\/types\/page"}],"author":[{"embeddable":true,"href":"https:\/\/www.anofm.ro\/bucuresti\/wp-json\/wp\/v2\/users\/1"}],"replies":[{"embeddable":true,"href":"https:\/\/www.anofm.ro\/bucuresti\/wp-json\/wp\/v2\/comments?post=2231"}],"version-history":[{"count":5,"href":"https:\/\/www.anofm.ro\/bucuresti\/wp-json\/wp\/v2\/pages\/2231\/revisions"}],"predecessor-version":[{"id":7095,"href":"https:\/\/www.anofm.ro\/bucuresti\/wp-json\/wp\/v2\/pages\/2231\/revisions\/7095"}],"wp:attachment":[{"href":"https:\/\/www.anofm.ro\/bucuresti\/wp-json\/wp\/v2\/media?parent=2231"}],"curies":[{"name":"wp","href":"https:\/\/api.w.org\/{rel}","templated":true}]}}