{"id":2199,"date":"2023-12-14T22:54:02","date_gmt":"2023-12-14T20:54:02","guid":{"rendered":"https:\/\/www.anofm.ro\/legislatie-2\/"},"modified":"2024-09-23T14:36:39","modified_gmt":"2024-09-23T11:36:39","slug":"legislatie-legea-544-2001","status":"publish","type":"page","link":"https:\/\/www.anofm.ro\/bucuresti\/legislatie-legea-544-2001\/","title":{"rendered":"Legisla\u021bie &#8211; Legea 544\/2001"},"content":{"rendered":"\n<p><strong>ART. 1&nbsp;din Legea nr. 544\/2001<\/strong> prevede:<\/p>\n\n\n\n<p>Accesul liber \u015fi ne\u00eengr\u0103dit al persoanei la orice informa\u0163ii de interes public,&nbsp;definite astfel prin prezenta lege, constituie unul dintre principiile fundamentale&nbsp;ale rela\u0163iilor dintre persoane \u015fi autorit\u0103\u0163ile publice, \u00een conformitate cu&nbsp;Constitu\u0163ia Rom\u00e2niei \u015fi cu documentele interna\u0163ionale ratificate de Parlamentul&nbsp;Rom\u00e2niei.<\/p>\n\n\n\n<div class=\"file-list-wrap\"><ul class=\"file-list\">\n<li><a href=\"https:\/\/www.anofm.ro\/bucuresti\/wp-content\/uploads\/sites\/11\/2024\/09\/LEGE-nr.-544-din-12-octombrie-2001-privind-liberul-acces-la-informatiile-de-interes-public-cu-modificarile-si-completarile-ulterioare.pdf\" download>LEGE-nr.-544-din-12-octombrie-2001-privind-liberul-acces-la-informatiile-de-interes-public-cu-modificarile-si-completarile-ulterioare.pdf<\/a><\/li>\n\n\n\n<li><a href=\"https:\/\/www.anofm.ro\/bucuresti\/wp-content\/uploads\/sites\/11\/2024\/09\/HG-nr.-123-din-2002-pentru-aprobarea-Normelor-metodologice-de-aplicare-a-Legii-nr.-5442001-privind-liberul-acces-la-informatiile-de-interes-public.pdf\" download>HG-nr.-123-din-2002-pentru-aprobarea-Normelor-metodologice-de-aplicare-a-Legii-nr.-5442001-privind-liberul-acces-la-informatiile-de-interes-public.pdf<\/a><\/li>\n\n\n\n<li><a href=\"https:\/\/www.anofm.ro\/bucuresti\/wp-content\/uploads\/sites\/11\/2024\/09\/LEGE-nr.-109-din-25-aprilie-2007-actualizata-privind-reutilizarea-informatiilor-din-institutiile-publice-actualizata-la-data-de-6-decembrie-2015.pdf\" download>LEGE-nr.-109-din-25-aprilie-2007-actualizata-privind-reutilizarea-informatiilor-din-institutiile-publice.pdf<\/a><\/li>\n<\/ul><\/div>\n\n\n\n<p><strong>ART. 6 din Legea nr. 544\/2001<\/strong> prevede:<\/p>\n\n\n\n<p>(1) Orice persoan\u0103 are dreptul s\u0103 solicite \u015fi s\u0103 ob\u0163in\u0103 de la autorit\u0103\u0163ile \u015fi institu\u0163iile publice, \u00een condi\u0163iile prezentei legi, informa\u0163iile de interes public.<br>(2) Autorit\u0103\u0163ile \u015fi institu\u0163iile publice sunt obligate s\u0103 asigure persoanelor, la cererea acestora, informa\u0163iile de interes public solicitate \u00een scris sau verbal.<br>(3) Solicitarea \u00een scris a informa\u0163iilor de interes public cuprinde urm\u0103toarele elemente:<br>&nbsp; &nbsp; &nbsp;a) autoritatea sau institu\u0163ia public\u0103 la care se adreseaz\u0103 cererea;<br>&nbsp; &nbsp; &nbsp;b) informa\u0163ia solicitat\u0103, astfel \u00eenc\u00e2t s\u0103 permit\u0103 autorit\u0103\u0163ii sau institu\u0163iei publice identificarea informa\u0163iei de interes public;<br>&nbsp; &nbsp; &nbsp;c) numele, prenumele \u015fi semn\u0103tura solicitantului, precum \u015fi adresa la care se solicit\u0103 primirea r\u0103spunsului.<\/p>\n\n\n\n<p><\/p>\n","protected":false},"excerpt":{"rendered":"<p>ART. 1&nbsp;din Legea nr. 544\/2001 prevede: Accesul liber \u015fi ne\u00eengr\u0103dit al persoanei la orice informa\u0163ii de interes public,&nbsp;definite astfel prin prezenta lege, constituie unul dintre principiile fundamentale&nbsp;ale rela\u0163iilor dintre persoane<\/p>\n","protected":false},"author":1,"featured_media":0,"parent":0,"menu_order":240,"comment_status":"closed","ping_status":"closed","template":"template-parts\/content-with-sidebar.php","meta":{"footnotes":""},"class_list":["post-2199","page","type-page","status-publish","hentry"],"_links":{"self":[{"href":"https:\/\/www.anofm.ro\/bucuresti\/wp-json\/wp\/v2\/pages\/2199","targetHints":{"allow":["GET"]}}],"collection":[{"href":"https:\/\/www.anofm.ro\/bucuresti\/wp-json\/wp\/v2\/pages"}],"about":[{"href":"https:\/\/www.anofm.ro\/bucuresti\/wp-json\/wp\/v2\/types\/page"}],"author":[{"embeddable":true,"href":"https:\/\/www.anofm.ro\/bucuresti\/wp-json\/wp\/v2\/users\/1"}],"replies":[{"embeddable":true,"href":"https:\/\/www.anofm.ro\/bucuresti\/wp-json\/wp\/v2\/comments?post=2199"}],"version-history":[{"count":7,"href":"https:\/\/www.anofm.ro\/bucuresti\/wp-json\/wp\/v2\/pages\/2199\/revisions"}],"predecessor-version":[{"id":5318,"href":"https:\/\/www.anofm.ro\/bucuresti\/wp-json\/wp\/v2\/pages\/2199\/revisions\/5318"}],"wp:attachment":[{"href":"https:\/\/www.anofm.ro\/bucuresti\/wp-json\/wp\/v2\/media?parent=2199"}],"curies":[{"name":"wp","href":"https:\/\/api.w.org\/{rel}","templated":true}]}}