{"id":2191,"date":"2023-12-14T22:54:02","date_gmt":"2023-12-14T20:54:02","guid":{"rendered":"https:\/\/www.anofm.ro\/protectia-datelor-cu-caracter-personal\/"},"modified":"2025-09-30T11:22:36","modified_gmt":"2025-09-30T08:22:36","slug":"protectia-datelor-cu-caracter-personal","status":"publish","type":"page","link":"https:\/\/www.anofm.ro\/bucuresti\/protectia-datelor-cu-caracter-personal\/","title":{"rendered":"Protec\u021bia datelor cu caracter personal"},"content":{"rendered":"\n<p>Incep\u00e2nd cu 25 Mai 2018, sunt aplicabile prevederile <a href=\"http:\/\/eur-lex.europa.eu\/legal-content\/RO\/TXT\/PDF\/?uri=CELEX:32016R0679&amp;from=ro%20\">Regulamentului (UE) 2016\/679<\/a> privind protec\u021bia persoanelor fizice \u00een ceea ce prive\u0219te prelucrarea datelor cu caracter personal \u0219i libera circula\u021bie a acestor date&nbsp; \u0219i de abrogare a Directivei 95\/46\/CE&nbsp;<\/p>\n\n\n\n<p>ANOFM\/AMOFM\/AJOFM\/CNFPPP\/CRFPA a stabilit m\u0103suri tehnice \u0219i procedurale, pentru a proteja \u0219i pentru a asigura confiden\u021bialitatea, integritatea \u0219i accesibilitatea datelor dumneavoastr\u0103 cu caracter personal. Vom preveni utilizarea sau accesul neautorizat \u015fi \u00eenc\u0103lcarea securit\u0103\u021bii datelor cu caracter personal, \u00een conformitate cu legisla\u0163ia \u00een vigoare, iar \u00een raportul de colaborare cu institu\u0163ia noastr\u0103, dumneavoastr\u0103 ave\u0163i obliga\u0163ia de a respecta prevederile Regulamentului (UE) 2016\/679.<\/p>\n\n\n\n<p>\u00cen acest sens, v\u0103 inform\u0103m c\u0103:<\/p>\n\n\n\n<h5 class=\"wp-block-heading\"><strong>1. Regulamentul:<\/strong><\/h5>\n\n\n\n<p>&#8211; este direct aplicabil \u00een toate statele membre UE;<\/p>\n\n\n\n<p>&#8211; protejeaz\u0103 drepturile tuturor persoanelor fizice aflate pe teritoriul UE, indiferent de situarea geografic\u0103 a operatorului de date;<\/p>\n\n\n\n<p>&#8211; extinde sfera de aplicare \u015fi asupra operatorilor de date stabili\u0163i \u00een afara UE, \u00een m\u0103sura \u00een care bunurile \u015fi\/sau serviciile acestora sunt adresate (\u015fi) persoanelor aflate pe teritoriul UE (ace\u0219ti operatori de date vor trebui s\u0103 respecte regulile \u0219i principiile stabilite de Regulament).<\/p>\n\n\n\n<p>Regulamentul stabile\u015fte un set unic de reguli, destinat protej\u0103rii vie\u0163ii private a persoanelor fizice de pe teritoriul Uniunii Europene.<\/p>\n\n\n\n<h5 class=\"wp-block-heading\">2. Drepturile persoanelor vizate:<\/h5>\n\n\n\n<p>Dreptul de acces la date: orice persoan\u0103 vizat\u0103 are dreptul de a ob\u021bine de la ANOFM\/AMOFM\/AJOFM\/CRFPA\/CNFPPP, la cerere (\u00een mod gratuit, pentru o solicitare pe an), confirmarea faptului c\u0103 datele sale personale sunt sau nu sunt prelucrate de acesta, precum \u0219i urm\u0103toarele informa\u021bii:-&nbsp;&nbsp;&nbsp; informa\u021bii referitoare la scopurile prelucr\u0103rii, categoriile de date avute \u00een vedere \u0219i destinatarii sau categoriile de destinatari c\u0103rora le sunt dezv\u0103luite datele;<br>&#8211;&nbsp;&nbsp;&nbsp; comunicarea \u00eentr-o form\u0103 inteligibil\u0103 a datelor care fac obiectul prelucr\u0103rii, precum \u0219i a oric\u0103rei informa\u021bii disponibile cu privire la originea datelor;<br>&#8211;&nbsp;&nbsp;&nbsp; informa\u021bii asupra principiilor de func\u021bionare a mecanismului prin care se efectueaz\u0103 orice prelucrare automat\u0103 a datelor care vizeaz\u0103 persoana respectiv\u0103;<br>&#8211;&nbsp;&nbsp;&nbsp; informa\u021bii privind existen\u021ba dreptului de interven\u021bie asupra datelor \u0219i a dreptului de opozi\u021bie, precum \u0219i condi\u021biile \u00een care pot fi exercitate;<br>&#8211;&nbsp;&nbsp;&nbsp; informa\u021bii asupra posibilit\u0103\u021bii de a consulta registrul de eviden\u021b\u0103 a prelucr\u0103rilor de date cu caracter personal, de a \u00eenainta pl\u00e2ngere c\u0103tre Autoritatea Na\u0163ional\u0103<\/p>\n\n\n\n<p>&nbsp;de Supraveghere a Prelucr\u0103rii Datelor cu Caracter Personal, precum \u0219i de a se adresa instan\u021bei pentru atacarea deciziilor ANOFM\/AMOFM\/AJOFM\/CRFPA\/ CNFPPP, \u00een conformitate cu dispozi\u021biile legale.<\/p>\n\n\n\n<p>ANOFM\/AMOFM\/AJOFM\/CRFPA\/ CNFPPP este obligat s\u0103 comunice informa\u021biile solicitate, \u00een termen de 30 zile de la data primirii cererii.<\/p>\n\n\n\n<p>Dreptul de interven\u021bie asupra datelor: orice persoan\u0103 vizat\u0103 are dreptul de a ob\u021bine, \u00een mod gratuit, de la AMOFM\/AJOFM\/CRFPA\/ CNFPPP, printr-o cerere intocmit\u0103 \u00een form\u0103 scris\u0103, datat\u0103,semnat\u0103 \u0219i inregistrat\u0103 la AMOFM\/AJOFM\/CRFPA\/ CNFPPP:1.&nbsp;&nbsp;&nbsp; rectificarea, actualizarea, blocarea sau \u0219tergerea datelor a c\u0103ror prelucrare nu este conform\u0103 legii, \u00een special a datelor incomplete sau inexacte;<br>2.&nbsp;&nbsp;&nbsp; transformarea \u00een date anonime a datelor a c\u0103ror prelucrare nu este conform\u0103 cu prevederile RGPD\/2016;<br>3.&nbsp;&nbsp;&nbsp; notificarea c\u0103tre ter\u021bii c\u0103rora le-au fost dezv\u0103luite datele, dac\u0103 aceast\u0103 notificare nu se dovede\u0219te imposibil\u0103 sau nu presupune un efort dispropor\u0163ionat fa\u021b\u0103 de<\/p>\n\n\n\n<p>&nbsp;interesul legitim care ar putea fi lezat.<\/p>\n\n\n\n<p>Dreptul de opozi\u021bie: persoana vizat\u0103 are dreptul de a se opune \u00een orice moment, printr-o cerere \u00eentocmit\u0103 \u00een form\u0103 scris\u0103, datat\u0103, semnat\u0103 \u0219i \u00eenregistrat\u0103 la AMOFM\/AJOFM\/CRFPA\/ CNFPPP, din motive \u00eentemeiate \u0219i legitime legate de situa\u021bia sa particular\u0103, c\u0103 datele care o vizeaz\u0103 s\u0103 fac\u0103 obiectul unei prelucr\u0103ri, cu excep\u021bia cazurilor \u00een care exist\u0103 dispozi\u021bii legale contrare. \u00cen caz de opozi\u021bie justificat\u0103, prelucrarea nu mai poate viza datele \u00een cauz\u0103.<\/p>\n\n\n\n<p>Persoana vizat\u0103 are dreptul de a se opune \u00een orice moment, \u00een mod gratuit \u0219i f\u0103r\u0103 nici o justificare, ca datele care o vizeaz\u0103 s\u0103 fie prelucrate \u00een alt scop dec\u00e2t cele men\u021bionate mai sus, \u00een numele operatorului sau al unui ter\u021b, sau s\u0103 fie dezv\u0103luite unor ter\u021bi \u00eentr-un asemenea scop.<\/p>\n\n\n\n<p>Dreptul de a v\u0103 adresa Autorit\u0103\u021bii Na\u021bionale de Supraveghere a Prelucr\u0103rii Datelor cu Caracter Personal sau justi\u021biei, pentru ap\u0103rarea oric\u0103ror drepturi garantate de RGPD\/2016, care v-au fost \u00eenc\u0103lcate.<\/p>\n\n\n\n<p>ANOFM\/AMOFM\/AJOFM\/CRFPA\/CNFPPP este obligat(\u0103) s\u0103 comunice persoanei vizate m\u0103surile luate, precum \u0219i, dac\u0103 este cazul, numele ter\u021bului c\u0103ruia i-au fost dezv\u0103luite datele cu caracter personal referitoare la persoana vizat\u0103, \u00een termen de 30 zile de la data primirii cererii.<\/p>\n\n\n\n<h5 class=\"wp-block-heading\">3.Activit\u0103\u0163ile principale ale Agen\u021biei Na\u021bionale pentru Ocuparea For\u021bei de Munc\u0103 (ANOFM) \u015fi ale institu\u0163iilor subordonate acesteia, pentru care este necesar\u0103 prelucrarea datelor cu caracter personal ale persoanelor vizate sunt:<\/h5>\n\n\n\n<p>&#8211;&nbsp;&nbsp;&nbsp; \u00eenregistrarea persoanei aflate \u00een c\u0103utarea unui loc de munc\u0103;<br>&#8211;&nbsp;&nbsp;&nbsp; \u00eencadrarea pe pia\u021ba muncii;<br>&#8211;&nbsp;&nbsp;&nbsp; stimularea angajatorilor pentru \u00eencadrarea \u00een munc\u0103 a persoanelor aflate \u00een c\u0103utarea unui loc de munc\u0103;<br>&#8211;&nbsp;&nbsp;&nbsp; mobilitatea for\u021bei de munc\u0103;<br>&#8211;&nbsp;&nbsp;&nbsp; organizarea burselor de locuri de munc\u0103;<br>&#8211;&nbsp;&nbsp;&nbsp; prestarea serviciilor de formare profesional\u0103;<br>&#8211;&nbsp;&nbsp;&nbsp; realizarea analizelor statistice;<br>&#8211;&nbsp;&nbsp;&nbsp; efectuarea de pl\u0103\u021bi;<br>&#8211;&nbsp;&nbsp;&nbsp; medierea pe locurile de munc\u0103 vacante;<\/p>\n\n\n\n<h5 class=\"wp-block-heading\">4. Datele cu caracter personal prelucrate sunt, dup\u0103 caz:<\/h5>\n\n\n\n<p>&#8211;&nbsp;&nbsp;&nbsp; Date simple: date de identificare a bunurilor personale, date de contact, identificatori acte de identitate, date despre educa\u021bie, istoric angaj\u0103ri, CV, alte date despre persoan\u0103, familie, etc.;<br>&#8211;&nbsp;&nbsp;&nbsp; Date financiare: informa\u0163ii legate de conturi bancare, venituri salariale \u015fi venituri din alte surse, facilit\u0103\u0163i fiscale sau beneficii sociale, obliga\u0163ii fiscale, date despre situa\u021bia financiar\u0103;<br>&#8211;&nbsp;&nbsp;&nbsp; Date despre comportament: \u00eenregistr\u0103ri CCTV, evaluarea performan\u021belor;<br>&#8211;&nbsp;&nbsp;&nbsp; Date speciale: date medicale, date despre condamn\u0103ri.<\/p>\n\n\n\n<p><strong>E-mail protec\u021bia datelor cu caracter personal &#8211; ANOFM: <\/strong><a href=\"mailto:protectiadatelor@anofm.gov.ro\">protectiadatelor@anofm.gov.ro<\/a><\/p>\n\n\n\n<p>E-mail protec\u021bia datelor cu caracter personal &#8211; AMOFM Bucure\u0219ti:\u00a0<a href=\"mailto:protectiadatelor.buc@anofm.gov.ro\">protectiadatelor.buc@anofm.gov.ro<\/a>\u00a0<br>Responsabil Enache Georgiana : <a href=\"mailto:georgiana.enache.buc@anofm.gov.ro\">georgiana.enache.buc@anofm.gov.ro<\/a><br>Telefon: 021.316.55.08 \/ interior 233<\/p>\n\n\n\n<p><strong>E-mail protec\u021bia datelor cu caracter personal &#8211; CNFPPP R\u00e2\u0219nov:&nbsp;<\/strong><a href=\"mailto:protectiadatelor.cnfppp@anofm.gov.ro\">protectiadatelor.cnfppp@anofm.gov.ro<\/a><\/p>\n\n\n\n<p>E-mail protec\u021bia datelor cu caracter personal la nivelul Agen\u021biilor Jude\u021bene pentru Ocuparea For\u021bei de Munc\u0103: <strong>protectiadatelor.xx@anofm.gov.ro<\/strong> (exemplu pentru AJOFM Arges: <a href=\"mailto:protectiadatelor.ag@anofm.gov.ro\">protectiadatelor.ag@anofm.gov.ro<\/a>)<br>E-mail protec\u021bia datelor cu caracter personal la nivelul Centrelor Regionale de Formare Profesionala a Adultilor:&nbsp;<strong>protectiadatelor.crfpaxx@anofm.gov.ro<\/strong>&nbsp;(exemplu pentru CRFPA Bra\u0219ov:&nbsp;<a href=\"mailto:protectiadatelor.crfpabv@anofm.gov.ro\">protectiadatelor.crfpabv@anofm.gov.ro<\/a>)<\/p>\n\n\n\n<p><a href=\"\/upload\/1993\/DREPTURILE-PERSOANELOR-VIZATE.pdf\">Drepturile Persoanelor Vizate \u2013 extras Regulament European 679\/2016<\/a><\/p>\n\n\n\n<p><a href=\"https:\/\/www.anofm.ro\/wp-content\/uploads\/2020\/07\/Declaratie-privind-prelucrarea-datelor-cu-caracter-personal.pdf2\/Declaratie-privind-prelucrarea-datelor-cu-caracter-personal-1.pdf\">Declara\u021bie privind prelucrarea datelor cu caracter personal<\/a><\/p>\n\n\n\n<div class=\"file-list-wrap\"><p class=\"h4\">Documente desc\u0103rcabile<\/p><ul class=\"file-list\">\n<li><a href=\"https:\/\/www.anofm.ro\/wp-content\/uploads\/2020\/07\/Declaratie-privind-prelucrarea-datelor-cu-caracter-personal.pdf\" download>Declaratie-privind-prelucrarea-datelor-cu-caracter-personal.pdf<\/a><\/li>\n<\/ul><\/div>\n","protected":false},"excerpt":{"rendered":"<p>Incep\u00e2nd cu 25 Mai 2018, sunt aplicabile prevederile Regulamentului (UE) 2016\/679 privind protec\u021bia persoanelor fizice \u00een ceea ce prive\u0219te prelucrarea datelor cu caracter personal \u0219i libera circula\u021bie a acestor date&nbsp;<\/p>\n","protected":false},"author":1,"featured_media":0,"parent":0,"menu_order":200,"comment_status":"closed","ping_status":"closed","template":"template-parts\/content-with-sidebar.php","meta":{"footnotes":""},"class_list":["post-2191","page","type-page","status-publish","hentry"],"_links":{"self":[{"href":"https:\/\/www.anofm.ro\/bucuresti\/wp-json\/wp\/v2\/pages\/2191","targetHints":{"allow":["GET"]}}],"collection":[{"href":"https:\/\/www.anofm.ro\/bucuresti\/wp-json\/wp\/v2\/pages"}],"about":[{"href":"https:\/\/www.anofm.ro\/bucuresti\/wp-json\/wp\/v2\/types\/page"}],"author":[{"embeddable":true,"href":"https:\/\/www.anofm.ro\/bucuresti\/wp-json\/wp\/v2\/users\/1"}],"replies":[{"embeddable":true,"href":"https:\/\/www.anofm.ro\/bucuresti\/wp-json\/wp\/v2\/comments?post=2191"}],"version-history":[{"count":6,"href":"https:\/\/www.anofm.ro\/bucuresti\/wp-json\/wp\/v2\/pages\/2191\/revisions"}],"predecessor-version":[{"id":6778,"href":"https:\/\/www.anofm.ro\/bucuresti\/wp-json\/wp\/v2\/pages\/2191\/revisions\/6778"}],"wp:attachment":[{"href":"https:\/\/www.anofm.ro\/bucuresti\/wp-json\/wp\/v2\/media?parent=2191"}],"curies":[{"name":"wp","href":"https:\/\/api.w.org\/{rel}","templated":true}]}}