{"id":2177,"date":"2023-12-14T23:54:01","date_gmt":"2023-12-14T20:54:01","guid":{"rendered":"https:\/\/www.anofm.ro\/strategii\/"},"modified":"2024-09-12T14:50:10","modified_gmt":"2024-09-12T11:50:10","slug":"strategii","status":"publish","type":"page","link":"https:\/\/www.anofm.ro\/bucuresti\/strategii\/","title":{"rendered":"Strategii"},"content":{"rendered":"<h2>Strategia Na\u0163ional\u0103 privind Ocuparea For\u0163ei de Munc\u0103 2021-2027<\/h2>\n<p><a href=\"\/upload\/16591\/Monitorul_Oficial_Partea_I_nr._559Bis.pdf\">Strategia na\u021bional\u0103 pentru ocuparea for\u021bei de munc\u0103 2021\u20142027 \u0219i Planul de ac\u021biuni pe perioada 2021\u20142027 pentru implementarea Strategiei na\u021bionale pentru ocuparea for\u021bei de munc\u0103 2021\u20142027 aprobate prin Hot\u0103r\u00e2rea Guvernului nr. 558\/2021, publicat\u0103 \u00een Monitorul Oficial al Rom\u00e2niei, Partea I, nr. 559 din 31 mai 2021<\/a><\/p>\n<h2><a href=\"https:\/\/www.anofm.ro\/wp-content\/uploads\/2024\/09\/Strategia-ANOFM-2021-2027_V7.3.pdf\">Strategia Agen\u021biei Na\u021bionale pentru Ocuparea For\u021bei de Munc\u0103 2021-2027<\/a><\/h2>\n<p class=\"MsoNormal\"><a href=\"https:\/\/www.anofm.ro\/wp-content\/uploads\/2024\/09\/Strategie_ANOFM_Anexa1.pdf\">Anexa 1 &#8211; Plan de ac<span lang=\"RO\">\u021biune <\/span>m\u0103suri<br \/>\nde implementarea Strategiei ANOFM 2021-2027<\/a><\/p>\n<p><a href=\"https:\/\/www.anofm.ro\/wp-content\/uploads\/2024\/09\/Strategie_ANOFM_Anexa2.pdf\">Anexa 2 &#8211;\u00a0Activit\u0103\u021bi \u0219i servicii SPO\/ANOFM \u00een situa\u021bii de criz\u0103<\/a><\/p>\n<p><a href=\"https:\/\/www.anofm.ro\/wp-content\/uploads\/2024\/09\/Strategie_ANOFM_Anexa3.pdf\">Anexa 3 &#8211;\u00a0Considera\u021bii privind structura indicatorilor de performan\u021b\u0103 managerial\u0103\u00a0utiliza\u021bi \u00een prezent de ANOFM<\/a><\/p>\n<p><a href=\"https:\/\/www.anofm.ro\/wp-content\/uploads\/2024\/09\/Strategie_ANOFM_Anexa4.pdf\">Anexa 4 &#8211;\u00a0Extras &#8211; Strategie ANOFM pentru implementarea EESSI<\/a><\/p>\n<p><a href=\"https:\/\/www.anofm.ro\/wp-content\/uploads\/2024\/09\/Strategie_ANOFM_Anexa4.pdf\">Anexa 5 &#8211;\u00a0Analiza SWOT ANOFM [extins\u0103]<\/a><\/p>\n<h2>Strategia Na\u021bional\u0103 privind Ocuparea For\u021bei de Munc\u0103 2014-2020<\/h2>\n<p><a href=\"\/upload\/634\/Strategia_Na%C8%9Bional%C4%83_pentru_Ocuparea_For%C8%9Bei_de_Munc%C4%83_2014-2020.pdf\">Strategia Na\u021bional\u0103 pentru Ocuparea For\u021bei de Munc\u0103 2014-2020<\/a><\/p>\n<h2>Strategia ANOFM 2016-2020,conform conceptului de schimbare<\/h2>\n<p><a href=\"\/upload\/528\/Strategia_ANOFM_2016-2020conform_conceptului_de_schimbare_.pdf\">Strategia ANOFM 2016-2020, conform conceptului de schimbare<\/a><\/p>\n<p><a href=\"\/upload\/528\/Plan_actiuni_2016-2020_Strategie_ANOFM.pdf\">Plan de actiuni 2016-2020<\/a><\/p>\n","protected":false},"excerpt":{"rendered":"<p>Strategia Na\u0163ional\u0103 privind Ocuparea For\u0163ei de Munc\u0103 2021-2027 Strategia na\u021bional\u0103 pentru ocuparea for\u021bei de munc\u0103 2021\u20142027 \u0219i Planul de ac\u021biuni pe perioada 2021\u20142027 pentru implementarea Strategiei na\u021bionale pentru ocuparea for\u021bei<\/p>\n","protected":false},"author":1,"featured_media":0,"parent":0,"menu_order":130,"comment_status":"closed","ping_status":"closed","template":"template-parts\/content-with-sidebar.php","meta":{"footnotes":""},"class_list":["post-2177","page","type-page","status-publish","hentry"],"_links":{"self":[{"href":"https:\/\/www.anofm.ro\/bucuresti\/wp-json\/wp\/v2\/pages\/2177","targetHints":{"allow":["GET"]}}],"collection":[{"href":"https:\/\/www.anofm.ro\/bucuresti\/wp-json\/wp\/v2\/pages"}],"about":[{"href":"https:\/\/www.anofm.ro\/bucuresti\/wp-json\/wp\/v2\/types\/page"}],"author":[{"embeddable":true,"href":"https:\/\/www.anofm.ro\/bucuresti\/wp-json\/wp\/v2\/users\/1"}],"replies":[{"embeddable":true,"href":"https:\/\/www.anofm.ro\/bucuresti\/wp-json\/wp\/v2\/comments?post=2177"}],"version-history":[{"count":6,"href":"https:\/\/www.anofm.ro\/bucuresti\/wp-json\/wp\/v2\/pages\/2177\/revisions"}],"predecessor-version":[{"id":5194,"href":"https:\/\/www.anofm.ro\/bucuresti\/wp-json\/wp\/v2\/pages\/2177\/revisions\/5194"}],"wp:attachment":[{"href":"https:\/\/www.anofm.ro\/bucuresti\/wp-json\/wp\/v2\/media?parent=2177"}],"curies":[{"name":"wp","href":"https:\/\/api.w.org\/{rel}","templated":true}]}}