{"id":2161,"date":"2023-12-14T22:54:01","date_gmt":"2023-12-14T20:54:01","guid":{"rendered":"https:\/\/www.anofm.ro\/legislatie\/"},"modified":"2025-04-29T14:17:23","modified_gmt":"2025-04-29T11:17:23","slug":"legislatie-institutionala","status":"publish","type":"page","link":"https:\/\/www.anofm.ro\/bucuresti\/legislatie-institutionala\/","title":{"rendered":"Legisla\u021bie Institu\u021bional\u0103"},"content":{"rendered":"\n<p><strong>H.G. nr. 1.610\/2006 privind aprobarea Statutului Agen\u021biei Na\u021bionale pentru Ocuparea For\u021bei de Munc\u0103<\/strong><\/p>\n\n\n\n<p><strong>STATUTUL<\/strong><\/p>\n\n\n\n<p>ART. 1<\/p>\n\n\n\n<p><strong>Agen\u0163iei Na\u0163ionale pentru Ocuparea For\u0163ei de Munc\u0103<\/strong><\/p>\n\n\n\n<p>Agen\u0163ia Na\u0163ional\u0103 pentru Ocuparea For\u0163ei de Munc\u0103, denumit\u0103 \u00een continuare Agen\u0163ia Na\u0163ional\u0103, institu\u0163ie public\u0103 de interes na\u0163ional, cu personalitate juridic\u0103, aflat\u0103 sub autoritatea Ministerului Muncii, Familiei, Protec\u0163iei Sociale \u015fi Persoanelor V\u00e2rstnice, este organizat\u0103 \u015fi func\u0163ioneaz\u0103 potrivit prevederilor Legii nr. 202\/2006 privind organizarea \u015fi func\u0163ionarea Agen\u0163iei Na\u0163ionale pentru Ocuparea For\u0163ei de Munc\u0103, republicat\u0103, cu modific\u0103rile \u015fi complet\u0103rile ulterioare, denumit\u0103 \u00een continuare lege, \u015fi ale prezentului statut.<\/p>\n\n\n\n<p>Actul normativ se reg\u0103se\u0219te ata\u0219at.<\/p>\n\n\n\n<div class=\"wp-block-file\"><a id=\"wp-block-file--media-5e505d58-5908-46f9-b881-bbe136fbfea8\" href=\"https:\/\/www.anofm.ro\/bucuresti\/wp-content\/uploads\/sites\/11\/2025\/04\/HOTARARE-1610-08-11-2006.pdf\">HOTARARE 1610 08-11-2006<\/a><a href=\"https:\/\/www.anofm.ro\/bucuresti\/wp-content\/uploads\/sites\/11\/2025\/04\/HOTARARE-1610-08-11-2006.pdf\" class=\"wp-block-file__button wp-element-button\" download aria-describedby=\"wp-block-file--media-5e505d58-5908-46f9-b881-bbe136fbfea8\">Descarc\u0103<\/a><\/div>\n\n\n<style>.wp-block-kadence-spacer.kt-block-spacer-2161_06612a-11 .kt-block-spacer{height:60px;}.wp-block-kadence-spacer.kt-block-spacer-2161_06612a-11 .kt-divider{border-top-width:1px;height:1px;border-top-color:#eee;width:100%;border-top-style:solid;}<\/style>\n<div class=\"wp-block-kadence-spacer aligncenter kt-block-spacer-2161_06612a-11\"><div class=\"kt-block-spacer kt-block-spacer-halign-center\"><hr class=\"kt-divider\" \/><\/div><\/div>\n\n\n\n<p><strong>LEGE nr. 202 din 22 mai 2006<\/strong><\/p>\n\n\n\n<p>privind organizarea \u015fi func\u0163ionarea Agen\u0163iei Na\u0163ionale pentru Ocuparea For\u0163ei de Munc\u0103<\/p>\n\n\n\n<p><a href=\"\/upload2\/ANOFM\/75\/LEGE_A_202_22-05-2006.pdf\">Legea nr. 202\/2006 privind organizarea \u0219i func\u021bionarea Agen\u021biei Na\u021bionale pentru Ocuparea Fortei de Munc\u0103<\/a><\/p>\n","protected":false},"excerpt":{"rendered":"<p>H.G. nr. 1.610\/2006 privind aprobarea Statutului Agen\u021biei Na\u021bionale pentru Ocuparea For\u021bei de Munc\u0103 STATUTUL ART. 1 Agen\u0163iei Na\u0163ionale pentru Ocuparea For\u0163ei de Munc\u0103 Agen\u0163ia Na\u0163ional\u0103 pentru Ocuparea For\u0163ei de Munc\u0103,<\/p>\n","protected":false},"author":1,"featured_media":0,"parent":0,"menu_order":50,"comment_status":"closed","ping_status":"closed","template":"template-parts\/content-with-sidebar.php","meta":{"footnotes":""},"class_list":["post-2161","page","type-page","status-publish","hentry"],"_links":{"self":[{"href":"https:\/\/www.anofm.ro\/bucuresti\/wp-json\/wp\/v2\/pages\/2161","targetHints":{"allow":["GET"]}}],"collection":[{"href":"https:\/\/www.anofm.ro\/bucuresti\/wp-json\/wp\/v2\/pages"}],"about":[{"href":"https:\/\/www.anofm.ro\/bucuresti\/wp-json\/wp\/v2\/types\/page"}],"author":[{"embeddable":true,"href":"https:\/\/www.anofm.ro\/bucuresti\/wp-json\/wp\/v2\/users\/1"}],"replies":[{"embeddable":true,"href":"https:\/\/www.anofm.ro\/bucuresti\/wp-json\/wp\/v2\/comments?post=2161"}],"version-history":[{"count":9,"href":"https:\/\/www.anofm.ro\/bucuresti\/wp-json\/wp\/v2\/pages\/2161\/revisions"}],"predecessor-version":[{"id":6288,"href":"https:\/\/www.anofm.ro\/bucuresti\/wp-json\/wp\/v2\/pages\/2161\/revisions\/6288"}],"wp:attachment":[{"href":"https:\/\/www.anofm.ro\/bucuresti\/wp-json\/wp\/v2\/media?parent=2161"}],"curies":[{"name":"wp","href":"https:\/\/api.w.org\/{rel}","templated":true}]}}