{"id":2245,"date":"2023-12-14T23:54:03","date_gmt":"2023-12-14T20:54:03","guid":{"rendered":"https:\/\/www.anofm.ro\/inregistrarea-in-baza-de-date-a-altor-persoane-aflate-in-cautarea-unui-loc-de-munca-altele-decat-somerii\/"},"modified":"2024-09-11T20:15:53","modified_gmt":"2024-09-11T17:15:53","slug":"inregistrarea-in-baza-de-date-a-altor-persoane-aflate-in-cautarea-unui-loc-de-munca-altele-decat-somerii","status":"publish","type":"page","link":"https:\/\/www.anofm.ro\/brasov\/inregistrarea-in-baza-de-date-a-altor-persoane-aflate-in-cautarea-unui-loc-de-munca-altele-decat-somerii\/","title":{"rendered":"\u00cenregistrarea \u00een baza de date a altor persoane aflate \u00een c\u0103utarea unui loc de munc\u0103, altele dec\u00e2t \u015fomerii"},"content":{"rendered":"\n<p><strong>CATEGORIILE DE BENEFICIARI<\/strong> ai Legii nr.76\/2002, privind sistemul asigur\u0103rilor pentru \u015fomaj \u015fi stimularea ocup\u0103rii for\u0163ei de munc\u0103, cu modific\u0103rile \u015fi complet\u0103rile ulterioare<\/p>\n\n\n\n<p>&#8211;<strong> Lista documentelor necesare pentru \u00eenregistrare ca persoan\u0103 \u00een c\u0103utarea unui loc de munc\u0103 se reg\u0103se\u0219te <a href=\"\/upload\/3257\/documente_inregistrarea_persoanei_in_cautarea_loc_de_munca.pdf\">aici<\/a><\/strong><\/p>\n\n\n\n<p>\u00cen temeiul art.16 din Legea nr.76\/2002, cu modific\u0103rile \u015fi complet\u0103rile ulterioare, beneficiari ai prevederilor acestei legi sunt persoanele \u00een c\u0103utarea unui loc de munc\u0103, aflate \u00een una dintre urm\u0103toarele situa\u0163ii:<\/p>\n\n\n\n<p>a) au devenit \u015fomeri \u00een sensul prevederilor art.5 pct.IV lit c), \u00a0respectiv nu au loc de munc\u0103, nu realizeaz\u0103 venituri sau realizeaz\u0103, din activit\u0103\u021bi autorizate potrivit legii, venituri mai mici dec\u00e2t valoarea indicatorului social de referin\u021b\u0103 al asigur\u0103rilor pentru \u0219omaj \u0219i stimul\u0103rii ocup\u0103rii for\u021bei de munc\u0103, \u00een vigoare;<\/p>\n\n\n\n<p>b) nu au putut ocupa loc de munc\u0103 dup\u0103 absolvirea unei institu\u0163ii de \u00eenv\u0103\u0163\u0103m\u00e2nt;<\/p>\n\n\n\n<p>c) ocup\u0103 un loc de munc\u0103 \u015fi, din diferite motive, doresc schimbarea acestuia;<\/p>\n\n\n\n<p>d) au ob\u0163inut statutul de refugiat sau beneficiaz\u0103 de alt\u0103 form\u0103 de protec\u0163ie interna\u0163ional\u0103, conform legii, sau se afl\u0103 \u00een procedura de solu\u0163ionare a cererii de azil \u015fi au acces pe pia\u0163a muncii, \u00een condi\u0163iile prev\u0103zute de lege.<\/p>\n\n\n\n<p>e) sunt cet\u0103\u0163eni str\u0103ini sau apatrizi care au fost \u00eencadra\u0163i \u00een munc\u0103 sau au realizat venituri \u00een Rom\u00e2nia sau care au drept de munc\u0103 pe teritoriul Rom\u00e2niei, conform legii;<\/p>\n\n\n\n<p>f) nu au putut ocupa loc de munc\u0103 dup\u0103 repatriere sau dup\u0103 eliberarea din deten\u0163ie.<\/p>\n\n\n\n<p><strong>Sunt asimilate \u015fomerilor, persoanele care \u00eendeplinesc urm\u0103toarele condi\u0163ii:<\/strong><\/p>\n\n\n\n<p>a)&nbsp;sunt absolven\u0163i ai institu\u0163iilor de \u00eenv\u0103\u0163\u0103m\u00e2nt, \u00een v\u00e2rst\u0103 de minimum 16 ani, care \u00eentr-o perioad\u0103 de 60 de zile de la absolvire nu au reu\u015fit s\u0103 se \u00eencadreze \u00een munc\u0103 potrivit preg\u0103tirii profesionale;<\/p>\n\n\n\n<p>b)&nbsp;&nbsp;sunt absolven\u0163i ai \u015fcolilor speciale pentru persoane cu handicap \u00een v\u00e2rst\u0103 de minimum 16 ani, care nu au reu\u015fit s\u0103 se \u00eencadreze \u00een munc\u0103 potrivit preg\u0103tirii profesionale;<\/p>\n\n\n\n<p><strong>Persoanele care nu beneficiaz\u0103 de indemniza\u0163ie de \u015fomaj \u015fi solicita un loc de munc\u0103 sunt cele care:<\/strong><\/p>\n\n\n\n<p>a) nu \u00eendeplinesc condi\u0163iile prev\u0103zute de lege pentru acordarea indemniza\u0163iei de \u015fomaj;<\/p>\n\n\n\n<p>b) au primit dispozi\u0163ie de respingere a dreptului de indemniza\u0163ie de \u015fomaj;<\/p>\n\n\n\n<p>c) le-a expirat perioada legal\u0103 de plat\u0103 a dreptului de indemniza\u0163ie de \u015fomaj;<\/p>\n\n\n\n<p>d) ocupa un loc de munc\u0103 \u015fi din diferite motive doresc schimbarea acestuia;<\/p>\n\n\n\n<p>f) nu au putut ocupa loc de munc\u0103 dup\u0103 repatriere sau dup\u0103 eliberarea din deten\u0163ie.<\/p>\n","protected":false},"excerpt":{"rendered":"<p>CATEGORIILE DE BENEFICIARI ai Legii nr.76\/2002, privind sistemul asigur\u0103rilor pentru \u015fomaj \u015fi stimularea ocup\u0103rii for\u0163ei de munc\u0103, cu modific\u0103rile \u015fi complet\u0103rile ulterioare &#8211; Lista documentelor necesare pentru \u00eenregistrare ca persoan\u0103<\/p>\n","protected":false},"author":1,"featured_media":0,"parent":0,"menu_order":470,"comment_status":"closed","ping_status":"closed","template":"template-parts\/content-with-sidebar.php","meta":{"footnotes":""},"class_list":["post-2245","page","type-page","status-publish","hentry"],"_links":{"self":[{"href":"https:\/\/www.anofm.ro\/brasov\/wp-json\/wp\/v2\/pages\/2245","targetHints":{"allow":["GET"]}}],"collection":[{"href":"https:\/\/www.anofm.ro\/brasov\/wp-json\/wp\/v2\/pages"}],"about":[{"href":"https:\/\/www.anofm.ro\/brasov\/wp-json\/wp\/v2\/types\/page"}],"author":[{"embeddable":true,"href":"https:\/\/www.anofm.ro\/brasov\/wp-json\/wp\/v2\/users\/1"}],"replies":[{"embeddable":true,"href":"https:\/\/www.anofm.ro\/brasov\/wp-json\/wp\/v2\/comments?post=2245"}],"version-history":[{"count":2,"href":"https:\/\/www.anofm.ro\/brasov\/wp-json\/wp\/v2\/pages\/2245\/revisions"}],"predecessor-version":[{"id":4155,"href":"https:\/\/www.anofm.ro\/brasov\/wp-json\/wp\/v2\/pages\/2245\/revisions\/4155"}],"wp:attachment":[{"href":"https:\/\/www.anofm.ro\/brasov\/wp-json\/wp\/v2\/media?parent=2245"}],"curies":[{"name":"wp","href":"https:\/\/api.w.org\/{rel}","templated":true}]}}