{"id":2163,"date":"2023-12-14T22:54:01","date_gmt":"2023-12-14T20:54:01","guid":{"rendered":"https:\/\/www.anofm.ro\/conducere\/"},"modified":"2025-04-01T13:30:08","modified_gmt":"2025-04-01T10:30:08","slug":"conducere","status":"publish","type":"page","link":"https:\/\/www.anofm.ro\/brasov\/conducere\/","title":{"rendered":"Conducere"},"content":{"rendered":"\n<h2 class=\"wp-block-heading\">Conducere<\/h2>\n\n\n\t\t\t\t\t<div class=\"team-member\">\n\t\t\t\t\t\t<div class=\"team-member-details\">\n\n\t\t\t\t\t\t\t\t\t\t\t\t\t\t<h2>\n\t\t\t\t\t\t\t\tLiliana DRAGOMIR\t\t\t\t\t\t\t\t<\/h2>\n\t\t\t\t\t\t\t\t\t\t\t\t\t\t\t\t\t<p class=\"h4\">Director<\/p>\n\t\t\t\t\t\t\t\t\t\n\t\t\t\t\t\t<\/div>\n\t\t\t\t\t<\/div>\n\t\t\t\t\t\t\t\t\t<div class=\"team-member\">\n\t\t\t\t\t\t<div class=\"team-member-details\">\n\n\t\t\t\t\t\t\t\t\t\t\t\t\t\t<h2>\n\t\t\t\t\t\t\t\tSandor ROMER\t\t\t\t\t\t\t\t<\/h2>\n\t\t\t\t\t\t\t\t\t\t\t\t\t\t\t\t\t<p class=\"h4\">Director Adjunct<\/p>\n\t\t\t\t\t\t\t\t\t\n\t\t\t\t\t\t<\/div>\n\t\t\t\t\t<\/div>\n\t\t\t\t\n\n\n<div class=\"file-list-wrap\"><p class=\"h4\">Documente desc\u0103rcabile<\/p><ul class=\"file-list\">\n<li><a href=\"https:\/\/www.anofm.ro\/brasov\/wp-content\/uploads\/sites\/10\/2025\/04\/CV_DIRECTOR-EXECUTIV-DRAGOMIR-LILIANA-1.pdf\" download>CV_DIRECTOR-EXECUTIV-DRAGOMIR-LILIANA-1.pdf<\/a><\/li>\n\n\n\n<li><a href=\"https:\/\/www.anofm.ro\/brasov\/wp-content\/uploads\/sites\/10\/2025\/04\/CV_DIRECTOR-EXECUTIV-ADJUNCT-ROMER-SANDOR-MIHALY-1.pdf\" download>CV_DIRECTOR-EXECUTIV-ADJUNCT-ROMER-SANDOR-MIHALY-1.pdf<\/a><\/li>\n<\/ul><\/div>\n\n\n\n<div class=\"file-list-wrap\"><p class=\"h4\">CONSILIU CONSULTATIV <\/p><ul class=\"file-list\"><\/ul><\/div>\n\n\n\n<figure class=\"wp-block-table\"><table><tbody><tr><td><strong>Nr. crt.<\/strong><\/td><td><strong>Nume \u0219i prenume<\/strong><\/td><td><strong>Institu\u021bia reprezentat\u0103<\/strong><\/td><\/tr><tr><td>1<\/td><td>Tripsa Ovidiu Florin<\/td><td>I.\u015e.J. Brasov<\/td><\/tr><tr><td>2<\/td><td>Bozocea Nadia<\/td><td>Institu\u0163ia Prefectului Bra\u015fov<strong><\/strong><\/td><\/tr><tr><td>3<\/td><td>Covaci Anamaria Mihaela<\/td><td>A.J.P.I.S. Bra\u015fov<\/td><\/tr><tr><td>4<\/td><td>Reit Adrian<\/td><td>I.T.M. Bra\u015fov<\/td><\/tr><tr><td>5<\/td><td>Mone Mariana Elena<\/td><td>Consiliul Jude\u0163ean Bra\u015fov<strong><\/strong><\/td><\/tr><tr><td>6<\/td><td>Sezonov Ligia Mara<\/td><td>C.S.D.R.<strong><\/strong><\/td><\/tr><tr><td>7<\/td><td>Manea Gheorghe<\/td><td>C.N.S.L.R. Fr\u0103\u0163ia<strong><\/strong><\/td><\/tr><tr><td>8<\/td><td>Gabor F\u0103nic\u0103<\/td><td>Cartel Alfa<strong><\/strong><\/td><\/tr><tr><td>9<\/td><td>Stratulat Viorel<\/td><td>Cartel Alfa<strong><\/strong><\/td><\/tr><tr><td>10<\/td><td>Telicsak Peter<\/td><td>B.N.S.<strong><\/strong><\/td><\/tr><tr><td>11<\/td><td>Miclea Simona<\/td><td>C.N.I.P.M.M.R.<strong><\/strong><\/td><\/tr><tr><td>12<\/td><td>Lungu Dorian<\/td><td>C.N.I.P.M.M.R.<strong><\/strong><\/td><\/tr><tr><td>13<\/td><td>Dinu Mazilu<\/td><td>CONCORDIA<strong><\/strong><\/td><\/tr><tr><td>14<\/td><td>Macedonschi Cristian<\/td><td>CONCORDIA<strong><\/strong><\/td><\/tr><tr><td>15<\/td><td>FARA NOMINALIZARE<\/td><td>CONCORDIA<strong><\/strong><\/td><\/tr><\/tbody><\/table><\/figure>\n\n\n\n<h2 class=\"wp-block-heading\">Agenda de lucru  2025<\/h2>\n\n\n\n<div class=\"wp-block-file\"><a id=\"wp-block-file--media-c8b167cb-45ca-4ad4-9903-dad427746e09\" href=\"https:\/\/www.anofm.ro\/brasov\/wp-content\/uploads\/sites\/10\/2025\/04\/Audiente-2025.doc\">Audiente  2025<\/a><a href=\"https:\/\/www.anofm.ro\/brasov\/wp-content\/uploads\/sites\/10\/2025\/04\/Audiente-2025.doc\" class=\"wp-block-file__button wp-element-button\" download aria-describedby=\"wp-block-file--media-c8b167cb-45ca-4ad4-9903-dad427746e09\">Descarc\u0103<\/a><\/div>\n\n\n\t\t\t\t<ul class=\"recentcontent\">\n\t\t\t\t\t\t\t\t\t<li>\n\t\t\t\t\t\t<a href=\"https:\/\/www.anofm.ro\/brasov\/agenda-de-lucru-05-08-09-08-2019\/\">\n\t\t\t\t\t\t\t\t\t\t\t\t\t\t\t<img decoding=\"async\" src=\"https:\/\/www.anofm.ro\/brasov\/wp-content\/plugins\/anofm-custom-post-types\/assets\/images\/placeholder-thumb.png\" alt=\"\">\n\t\t\t\t\t\t\t\t\t\t\t\t\t\t\t\t<p class=\"h4\">Agenda de lucru 05.08-09.08.2019<\/p>\n\t\t\t\t\t\t\t\t\t\t\t\t\t\t\t<span>05\/08\/2019<\/span>\n\t\t\t\t\t\t<\/a>\n\t\t\t\t\t<\/li>\n\t\t\t\t\t\t\t\t\t\t<li>\n\t\t\t\t\t\t<a href=\"https:\/\/www.anofm.ro\/brasov\/agenda-de-lucru-25-02-01-03-2019\/\">\n\t\t\t\t\t\t\t\t\t\t\t\t\t\t\t<img decoding=\"async\" src=\"https:\/\/www.anofm.ro\/brasov\/wp-content\/plugins\/anofm-custom-post-types\/assets\/images\/placeholder-thumb.png\" alt=\"\">\n\t\t\t\t\t\t\t\t\t\t\t\t\t\t\t\t<p class=\"h4\">Agenda de lucru 25.02-01.03.2019<\/p>\n\t\t\t\t\t\t\t\t\t\t\t\t\t\t\t<span>25\/02\/2019<\/span>\n\t\t\t\t\t\t<\/a>\n\t\t\t\t\t<\/li>\n\t\t\t\t\t\t\t\t\t\t<li>\n\t\t\t\t\t\t<a href=\"https:\/\/www.anofm.ro\/brasov\/agenda-de-lucru-04-02-08-02-2019\/\">\n\t\t\t\t\t\t\t\t\t\t\t\t\t\t\t<img decoding=\"async\" src=\"https:\/\/www.anofm.ro\/brasov\/wp-content\/plugins\/anofm-custom-post-types\/assets\/images\/placeholder-thumb.png\" alt=\"\">\n\t\t\t\t\t\t\t\t\t\t\t\t\t\t\t\t<p class=\"h4\">Agenda de lucru 04.02-08.02.2019<\/p>\n\t\t\t\t\t\t\t\t\t\t\t\t\t\t\t<span>04\/02\/2019<\/span>\n\t\t\t\t\t\t<\/a>\n\t\t\t\t\t<\/li>\n\t\t\t\t\t\t\t\t\t\t<li>\n\t\t\t\t\t\t<a href=\"https:\/\/www.anofm.ro\/brasov\/agenda-de-lucru-21-23-01-2019\/\">\n\t\t\t\t\t\t\t\t\t\t\t\t\t\t\t<img decoding=\"async\" src=\"https:\/\/www.anofm.ro\/brasov\/wp-content\/plugins\/anofm-custom-post-types\/assets\/images\/placeholder-thumb.png\" alt=\"\">\n\t\t\t\t\t\t\t\t\t\t\t\t\t\t\t\t<p class=\"h4\">Agenda de lucru 21-23.01.2019<\/p>\n\t\t\t\t\t\t\t\t\t\t\t\t\t\t\t<span>21\/01\/2019<\/span>\n\t\t\t\t\t\t<\/a>\n\t\t\t\t\t<\/li>\n\t\t\t\t\t\t\t\t\t\t<li>\n\t\t\t\t\t\t<a href=\"https:\/\/www.anofm.ro\/brasov\/agenda-de-lucru\/\">\n\t\t\t\t\t\t\t\t\t\t\t\t\t\t\t<img decoding=\"async\" src=\"https:\/\/www.anofm.ro\/brasov\/wp-content\/plugins\/anofm-custom-post-types\/assets\/images\/placeholder-thumb.png\" alt=\"\">\n\t\t\t\t\t\t\t\t\t\t\t\t\t\t\t\t<p class=\"h4\">Agenda de lucru<\/p>\n\t\t\t\t\t\t\t\t\t\t\t\t\t\t\t<span>16\/01\/2019<\/span>\n\t\t\t\t\t\t<\/a>\n\t\t\t\t\t<\/li>\n\t\t\t\t\t\t\t\t\t\t<li>\n\t\t\t\t\t\t<a href=\"https:\/\/www.anofm.ro\/brasov\/agenda-de-lucru-26-11-2018-29-11-2018\/\">\n\t\t\t\t\t\t\t\t\t\t\t\t\t\t\t<img decoding=\"async\" src=\"https:\/\/www.anofm.ro\/brasov\/wp-content\/plugins\/anofm-custom-post-types\/assets\/images\/placeholder-thumb.png\" alt=\"\">\n\t\t\t\t\t\t\t\t\t\t\t\t\t\t\t\t<p class=\"h4\">Agenda de lucru 26.11.2018 -29.11.2018<\/p>\n\t\t\t\t\t\t\t\t\t\t\t\t\t\t\t<span>26\/11\/2018<\/span>\n\t\t\t\t\t\t<\/a>\n\t\t\t\t\t<\/li>\n\t\t\t\t\t\t\t\t\t<\/ul>\n\t\t\t\t","protected":false},"excerpt":{"rendered":"<p>Conducere Nr. crt. Nume \u0219i prenume Institu\u021bia reprezentat\u0103 1 Tripsa Ovidiu Florin I.\u015e.J. Brasov 2 Bozocea Nadia Institu\u0163ia Prefectului Bra\u015fov 3 Covaci Anamaria Mihaela A.J.P.I.S. Bra\u015fov 4 Reit Adrian I.T.M.<\/p>\n","protected":false},"author":1,"featured_media":0,"parent":0,"menu_order":60,"comment_status":"closed","ping_status":"closed","template":"template-parts\/content-with-sidebar.php","meta":{"footnotes":""},"class_list":["post-2163","page","type-page","status-publish","hentry"],"_links":{"self":[{"href":"https:\/\/www.anofm.ro\/brasov\/wp-json\/wp\/v2\/pages\/2163","targetHints":{"allow":["GET"]}}],"collection":[{"href":"https:\/\/www.anofm.ro\/brasov\/wp-json\/wp\/v2\/pages"}],"about":[{"href":"https:\/\/www.anofm.ro\/brasov\/wp-json\/wp\/v2\/types\/page"}],"author":[{"embeddable":true,"href":"https:\/\/www.anofm.ro\/brasov\/wp-json\/wp\/v2\/users\/1"}],"replies":[{"embeddable":true,"href":"https:\/\/www.anofm.ro\/brasov\/wp-json\/wp\/v2\/comments?post=2163"}],"version-history":[{"count":11,"href":"https:\/\/www.anofm.ro\/brasov\/wp-json\/wp\/v2\/pages\/2163\/revisions"}],"predecessor-version":[{"id":6110,"href":"https:\/\/www.anofm.ro\/brasov\/wp-json\/wp\/v2\/pages\/2163\/revisions\/6110"}],"wp:attachment":[{"href":"https:\/\/www.anofm.ro\/brasov\/wp-json\/wp\/v2\/media?parent=2163"}],"curies":[{"name":"wp","href":"https:\/\/api.w.org\/{rel}","templated":true}]}}