{"id":2207,"date":"2023-12-14T22:54:02","date_gmt":"2023-12-14T20:54:02","guid":{"rendered":"https:\/\/www.anofm.ro\/lista-documentelor-de-interes-public\/"},"modified":"2026-01-26T08:32:39","modified_gmt":"2026-01-26T06:32:39","slug":"lista-documentelor-de-interes-public","status":"publish","type":"page","link":"https:\/\/www.anofm.ro\/braila\/lista-documentelor-de-interes-public\/","title":{"rendered":"Lista documentelor de interes public"},"content":{"rendered":"\n<p>\u2713Actele normative care reglementeaz\u0103 organizarea \u015fi func\u0163ionarea institu\u0163iei;<br>\u2713Structura organizatoric\u0103 a AJOFM Br\u0103ila;<br>\u2713Programul de func\u0163ionare;<br>\u2713Programul de audien\u0163e al AJOFM Br\u0103ila;<br>\u2713Conducerea AJOFM Br\u0103ila;<br>\u2713Date de contact AJOFM Br\u0103ila;<br>\u2713Bugetul;<br>\u2713Bilan\u0163uri contabile;<br>\u2713Pl\u0103\u0163i efectuate de AJOFM Br\u0103ila;<br>\u2713Venituri salariale ale personalului AJOFM Br\u0103ila;<br>\u2713Achizi\u0163ii publice;<br>\u2713Declara\u0163iile de avere \u015fi de interese ale personalului;<br>\u2713Anun\u0163urile privind organizarea, potrivit legii, a concursurilor pentru ocuparea posturilor vacante, precum \u015fi condi\u0163iile de participare \u015fi selec\u0163ie specifice cerute la concursurile organizate, potrivit legii, pentru ocuparea posturilor vacante din cadrul AJOFM Br\u0103ila;<br>\u2713Indicatori statistici specifici pie\u0163ei muncii, prevazu\u0163i \u00een Legea nr.76\/2002 privind sistemul asigur\u0103rilor pentru \u015fomaj \u015fi stimularea ocup\u0103rii for\u0163ei de munc\u0103, cu modific\u0103rile \u015fi complet\u0103rile ulterioare, respectiv: \u015fomerii; locurile de munc\u0103 vacante; indemniza\u0163ia de \u015fomaj; popula\u0163ia ie\u015fit\u0103 din \u015fomaj prin ocupare, precum \u015fi prin p\u0103r\u0103sirea pie\u0163ei muncii; rata \u015fomajului;<br>\u2713Situa\u0163ii \u015fi raport\u0103ri specifice privind evolu\u0163ia \u015fomajului \u015fi a ocup\u0103rii, la nivel teritorial;<br>\u2713Materiale informative elaborate AJOFM Br\u0103ila;<br>\u2713Informa\u0163iile publicate pe site-ul AJOFM Br\u0103ila ;<br>\u2713Actele normative \u00een domeniul de activitate al AJOFM Br\u0103ila;<br>\u2713Raportul anual de activitate;<br>\u2713Programe \u015fi strategii proprii.<br>Sunt exceptate de la accesul liber al cet\u0103\u0163enilor urm\u0103toarele informa\u0163ii (art. 12 alin. 1 din Legea nr. 544\/2001 privind liberul acces la informa\u0163iile de interes public, cu modific\u0103rile \u015fi complet\u0103rile ulterioare):<\/p>\n\n\n\n<ul class=\"wp-block-list\">\n<li>informa\u0163iile din domeniul ap\u0103r\u0103rii na\u0163ionale, siguran\u0163ei \u015fi ordinii publice, dac\u0103 fac parte din categoriile informa\u0163iilor clasificate, potrivit legii;<\/li>\n<\/ul>\n\n\n\n<ul class=\"wp-block-list\">\n<li>informa\u0163iile privind deliber\u0103rile autorit\u0103\u0163ilor, precum \u015fi cele care privesc interesele economice \u015fi politice ale Rom\u00e2niei, dac\u0103 fac parte din categoria informa\u0163iilor clasificate, potrivit legii;<\/li>\n\n\n\n<li>informa\u0163iile privind activit\u0103\u0163ile comerciale sau financiare, dac\u0103 publicitatea acestora aduce atingere dreptului de proprietate intelectual\u0103 ori industrial\u0103, precum \u015fi principiului concuren\u0163ei loiale, potrivit legii;<\/li>\n\n\n\n<li>informa\u0163iile cu privire la datele personale, potrivit legii;<\/li>\n\n\n\n<li>informa\u0163iile privind procedura \u00een timpul anchetei penale sau disciplinare, dac\u0103 se pericliteaz\u0103 rezultatul anchetei, se dezv\u0103luie surse confiden\u0163iale ori se pun \u00een pericol via\u0163a, integritatea corporal\u0103, s\u0103n\u0103tatea unei persoane \u00een urma anchetei efectuate sau \u00een curs de desf\u0103\u015furare;<\/li>\n\n\n\n<li>informa\u0163iile privind procedurile judiciare, dac\u0103 publicitatea acestora aduce atingere asigur\u0103rii unui proces echitabil ori interesului legitim al oric\u0103reia dintre p\u0103r\u0163ile implicate \u00een proces;<\/li>\n\n\n\n<li>informa\u0163iile a c\u0103ror publicare prejudiciaz\u0103 m\u0103surile de protec\u0163ie a clien\u0163ilor.<\/li>\n<\/ul>\n\n\n\n<div class=\"wp-block-file\"><a id=\"wp-block-file--media-45ff9586-7333-4774-a22b-0143bdbd08e5\" href=\"https:\/\/www.anofm.ro\/braila\/wp-content\/uploads\/sites\/9\/2026\/01\/Lista-documentelor-de-interes-public-2026.pdf\">Lista documentelor de interes public 2026<\/a><a href=\"https:\/\/www.anofm.ro\/braila\/wp-content\/uploads\/sites\/9\/2026\/01\/Lista-documentelor-de-interes-public-2026.pdf\" class=\"wp-block-file__button wp-element-button\" download aria-describedby=\"wp-block-file--media-45ff9586-7333-4774-a22b-0143bdbd08e5\">Descarc\u0103<\/a><\/div>\n","protected":false},"excerpt":{"rendered":"<p>\u2713Actele normative care reglementeaz\u0103 organizarea \u015fi func\u0163ionarea institu\u0163iei;\u2713Structura organizatoric\u0103 a AJOFM Br\u0103ila;\u2713Programul de func\u0163ionare;\u2713Programul de audien\u0163e al AJOFM Br\u0103ila;\u2713Conducerea AJOFM Br\u0103ila;\u2713Date de contact AJOFM Br\u0103ila;\u2713Bugetul;\u2713Bilan\u0163uri contabile;\u2713Pl\u0103\u0163i efectuate de AJOFM Br\u0103ila;\u2713Venituri<\/p>\n","protected":false},"author":1,"featured_media":0,"parent":0,"menu_order":280,"comment_status":"closed","ping_status":"closed","template":"template-parts\/content-with-sidebar.php","meta":{"footnotes":""},"class_list":["post-2207","page","type-page","status-publish","hentry"],"_links":{"self":[{"href":"https:\/\/www.anofm.ro\/braila\/wp-json\/wp\/v2\/pages\/2207","targetHints":{"allow":["GET"]}}],"collection":[{"href":"https:\/\/www.anofm.ro\/braila\/wp-json\/wp\/v2\/pages"}],"about":[{"href":"https:\/\/www.anofm.ro\/braila\/wp-json\/wp\/v2\/types\/page"}],"author":[{"embeddable":true,"href":"https:\/\/www.anofm.ro\/braila\/wp-json\/wp\/v2\/users\/1"}],"replies":[{"embeddable":true,"href":"https:\/\/www.anofm.ro\/braila\/wp-json\/wp\/v2\/comments?post=2207"}],"version-history":[{"count":5,"href":"https:\/\/www.anofm.ro\/braila\/wp-json\/wp\/v2\/pages\/2207\/revisions"}],"predecessor-version":[{"id":5336,"href":"https:\/\/www.anofm.ro\/braila\/wp-json\/wp\/v2\/pages\/2207\/revisions\/5336"}],"wp:attachment":[{"href":"https:\/\/www.anofm.ro\/braila\/wp-json\/wp\/v2\/media?parent=2207"}],"curies":[{"name":"wp","href":"https:\/\/api.w.org\/{rel}","templated":true}]}}