{"id":2163,"date":"2023-12-14T22:54:01","date_gmt":"2023-12-14T20:54:01","guid":{"rendered":"https:\/\/www.anofm.ro\/conducere\/"},"modified":"2026-02-12T14:08:06","modified_gmt":"2026-02-12T12:08:06","slug":"conducere","status":"publish","type":"page","link":"https:\/\/www.anofm.ro\/braila\/conducere\/","title":{"rendered":"Conducere"},"content":{"rendered":"\n<p><strong>Conducere<\/strong><\/p>\n\n\n\n<h2 class=\"wp-block-heading\"><strong>BRATU Monica<\/strong><\/h2>\n\n\n\n<p>Director Executiv<\/p>\n\n\n\n<p><strong>&#8211;<\/strong><\/p>\n\n\n\n<p>Director Executiv Adjunct<\/p>\n\n\n\n<h2 class=\"wp-block-heading\">Consiliu consultativ<\/h2>\n\n\n\n<figure class=\"wp-block-table alignleft\"><table><tbody><tr><td><strong>Nr.<\/strong><br><strong>Crt.<\/strong><\/td><td><strong>NUME \u0218I PRENUME<\/strong><\/td><td><strong>INSTITU\u021aIA REPREZENTAT\u0102<\/strong><\/td><\/tr><tr><td>1<\/td><td>Arhire Liviu&nbsp; &#8211; I.T.M. Br\u0103ila <\/td><td><br>Institu\u0163ia Prefectului \u2013 Jude\u0163ul Br\u0103ila<\/td><\/tr><tr><td>2<\/td><td>Dutu Mioara \u2013 C.J. Braila<\/td><td>Consiliul Judetean Braila<\/td><\/tr><tr><td>3<\/td><td>Cristescu Nicoleta \u2013 C.J.P. Braila<\/td><td><br>Institu\u0163ia Prefectului \u2013 Jude\u0163ul Br\u0103ila<\/td><\/tr><tr><td>4<\/td><td>Sasu Daniela \u2013 D.R.S. Br\u0103ila<\/td><td>Institu\u0163ia Prefectului \u2013 Jude\u0163ul Br\u0103ila<\/td><\/tr><tr><td>5<\/td><td>Adetu Georgeta-A.J.P.I.S. Br\u0103ila<\/td><td>Institu\u0163ia Prefectului \u2013 Jude\u0163ul Br\u0103ila<\/td><\/tr><tr><td>6<\/td><td>Gurgu Alexandru<\/td><td>BNS -fil. Br\u0103ila<\/td><\/tr><tr><td>7<\/td><td>Chiscaneanu Ionel<\/td><td>CSDR \u2013fil. Br\u0103ila<\/td><\/tr><tr><td>8<\/td><td>Guduleasa Mihai<\/td><td>Cartel \u201cAlfa\u201d\u2013fil. Br\u0103ila<\/td><\/tr><tr><td>9<\/td><td>Iancu Mari\u0163a<\/td><td>CONFEDERATIA NATIONALA A SINDICATELOR LIBERE DIN ROMANIA-FRATIA<\/td><\/tr><tr><td>10<\/td><td><br>Radu Ionel Catalin<\/td><td>CONFEDERATIA NATIONALA A SINDICATELOR LIBERE DIN ROMANIA-FRATIA<\/td><\/tr><tr><td>11<\/td><td>Boroeanu Luminita Mariana<\/td><td>CONSILIUL NATIONAL AL INTREPRINDERILOR PRIVATE MICI SI MIJLOCII DIN ROMANIA<\/td><\/tr><tr><td>12<\/td><td>Leuca Andrei Daniel<\/td><td>CONSILIUL NATIONAL AL INTREPRINDERILOR PRIVATE MICI SI MIJLOCII DIN ROMANIA<\/td><\/tr><tr><td>13<\/td><td>Maxim Adriana-Ani<\/td><td>CONSILIUL NATIONAL AL INTREPRINDERILOR PRIVATE MICI SI MIJLOCII DIN ROMANIA<\/td><\/tr><tr><td>14<\/td><td>FARA NOMINALIZARE<\/td><td>CONFEDERATIA PATRONALA CONCORDIA<\/td><\/tr><tr><td>15<\/td><td>FARA NOMINALIZARE<\/td><td>CONFEDERATIA PATRONALA CONCORDIA<\/td><\/tr><\/tbody><\/table><\/figure>\n\n\n\n<h2 class=\"wp-block-heading\">Agenda de lucru<\/h2>\n\n\n\t\t\t\t<ul class=\"recentcontent\">\n\t\t\t\t\t\t\t\t\t<li>\n\t\t\t\t\t\t<a href=\"https:\/\/www.anofm.ro\/braila\/agenda-directorului-executiv-al-ajofm-braila\/\">\n\t\t\t\t\t\t\t\t\t\t\t\t\t\t\t<img decoding=\"async\" src=\"https:\/\/www.anofm.ro\/braila\/wp-content\/plugins\/anofm-custom-post-types\/assets\/images\/placeholder-thumb.png\" alt=\"\">\n\t\t\t\t\t\t\t\t\t\t\t\t\t\t\t\t<p class=\"h4\">Agenda directorului executiv al AJOFM Braila<\/p>\n\t\t\t\t\t\t\t\t\t\t\t\t\t\t\t<span>18\/10\/2018<\/span>\n\t\t\t\t\t\t<\/a>\n\t\t\t\t\t<\/li>\n\t\t\t\t\t\t\t\t\t<\/ul>\n\t\t\t\t","protected":false},"excerpt":{"rendered":"<p>Conducere BRATU Monica Director Executiv &#8211; Director Executiv Adjunct Consiliu consultativ Nr.Crt. NUME \u0218I PRENUME INSTITU\u021aIA REPREZENTAT\u0102 1 Arhire Liviu&nbsp; &#8211; I.T.M. Br\u0103ila Institu\u0163ia Prefectului \u2013 Jude\u0163ul Br\u0103ila 2 Dutu<\/p>\n","protected":false},"author":1,"featured_media":0,"parent":0,"menu_order":60,"comment_status":"closed","ping_status":"closed","template":"template-parts\/content-with-sidebar.php","meta":{"footnotes":""},"class_list":["post-2163","page","type-page","status-publish","hentry"],"_links":{"self":[{"href":"https:\/\/www.anofm.ro\/braila\/wp-json\/wp\/v2\/pages\/2163","targetHints":{"allow":["GET"]}}],"collection":[{"href":"https:\/\/www.anofm.ro\/braila\/wp-json\/wp\/v2\/pages"}],"about":[{"href":"https:\/\/www.anofm.ro\/braila\/wp-json\/wp\/v2\/types\/page"}],"author":[{"embeddable":true,"href":"https:\/\/www.anofm.ro\/braila\/wp-json\/wp\/v2\/users\/1"}],"replies":[{"embeddable":true,"href":"https:\/\/www.anofm.ro\/braila\/wp-json\/wp\/v2\/comments?post=2163"}],"version-history":[{"count":10,"href":"https:\/\/www.anofm.ro\/braila\/wp-json\/wp\/v2\/pages\/2163\/revisions"}],"predecessor-version":[{"id":5390,"href":"https:\/\/www.anofm.ro\/braila\/wp-json\/wp\/v2\/pages\/2163\/revisions\/5390"}],"wp:attachment":[{"href":"https:\/\/www.anofm.ro\/braila\/wp-json\/wp\/v2\/media?parent=2163"}],"curies":[{"name":"wp","href":"https:\/\/api.w.org\/{rel}","templated":true}]}}