{"id":2309,"date":"2023-12-14T22:54:04","date_gmt":"2023-12-14T20:54:04","guid":{"rendered":"https:\/\/www.anofm.ro\/disponibilizari-colective-servicii-de-preconcediere\/"},"modified":"2023-12-16T00:42:01","modified_gmt":"2023-12-15T22:42:01","slug":"disponibilizari-colective-servicii-de-preconcediere","status":"publish","type":"page","link":"https:\/\/www.anofm.ro\/botosani\/disponibilizari-colective-servicii-de-preconcediere\/","title":{"rendered":"Disponibiliz\u0103ri colective\/servicii de preconcediere"},"content":{"rendered":"\n<p>\u00cen cazul concedierilor colective, angajatorii au obliga\u0163ia s\u0103 \u00eenstiin\u0163eze agen\u0163iile pentru ocuparea for\u0163ei de munc\u0103 cu cel pu\u0163in 30 de zile calendaristice anterioare emiterii deciziilor de concediere, \u00een vederea adopt\u0103rii unor m\u0103suri pentru combaterea \u015fomajului \u015fi prevenirea efectelor sociale nefavorabile ale acestor concedieri. Angajatorii sunt obliga\u0163i s\u0103 acorde preaviz, conform prevederilor Codului muncii sau ale contractului colectiv de munc\u0103, angaja\u0163ilor care urmeaz\u0103 s\u0103 fie disponibiliza\u0163i.<\/p>\n\n\n\n<p>Angajatorii au obliga\u0163ia de a elibera persoanelor c\u0103rora le \u00eenceteaz\u0103 raporturile de munc\u0103 sau de serviciu, a documentelor prev\u0103zute de legisla\u0163ia \u00een vigoare, necesare pentru certificarea stagiului de cotizare realizat \u00een sistemul asigur\u0103rilor pentru \u015fomaj \u015fi stabilirea dreptului la indemniza\u0163ie de \u015fomaj.<\/p>\n","protected":false},"excerpt":{"rendered":"<p>\u00cen cazul concedierilor colective, angajatorii au obliga\u0163ia s\u0103 \u00eenstiin\u0163eze agen\u0163iile pentru ocuparea for\u0163ei de munc\u0103 cu cel pu\u0163in 30 de zile calendaristice anterioare emiterii deciziilor de concediere, \u00een vederea adopt\u0103rii<\/p>\n","protected":false},"author":1,"featured_media":0,"parent":0,"menu_order":790,"comment_status":"closed","ping_status":"closed","template":"template-parts\/content-with-sidebar.php","meta":{"footnotes":""},"class_list":["post-2309","page","type-page","status-publish","hentry"],"_links":{"self":[{"href":"https:\/\/www.anofm.ro\/botosani\/wp-json\/wp\/v2\/pages\/2309","targetHints":{"allow":["GET"]}}],"collection":[{"href":"https:\/\/www.anofm.ro\/botosani\/wp-json\/wp\/v2\/pages"}],"about":[{"href":"https:\/\/www.anofm.ro\/botosani\/wp-json\/wp\/v2\/types\/page"}],"author":[{"embeddable":true,"href":"https:\/\/www.anofm.ro\/botosani\/wp-json\/wp\/v2\/users\/1"}],"replies":[{"embeddable":true,"href":"https:\/\/www.anofm.ro\/botosani\/wp-json\/wp\/v2\/comments?post=2309"}],"version-history":[{"count":1,"href":"https:\/\/www.anofm.ro\/botosani\/wp-json\/wp\/v2\/pages\/2309\/revisions"}],"predecessor-version":[{"id":2848,"href":"https:\/\/www.anofm.ro\/botosani\/wp-json\/wp\/v2\/pages\/2309\/revisions\/2848"}],"wp:attachment":[{"href":"https:\/\/www.anofm.ro\/botosani\/wp-json\/wp\/v2\/media?parent=2309"}],"curies":[{"name":"wp","href":"https:\/\/api.w.org\/{rel}","templated":true}]}}