{"id":2297,"date":"2023-12-14T23:54:04","date_gmt":"2023-12-14T20:54:04","guid":{"rendered":"https:\/\/www.anofm.ro\/credite-in-conditii-avantajoase-pentru-somerii-care-creeaza-locuri-de-munca-pentru-someri\/"},"modified":"2024-09-24T15:50:24","modified_gmt":"2024-09-24T12:50:24","slug":"credite-in-conditii-avantajoase-pentru-somerii-care-creeaza-locuri-de-munca-pentru-someri","status":"publish","type":"page","link":"https:\/\/www.anofm.ro\/botosani\/credite-in-conditii-avantajoase-pentru-somerii-care-creeaza-locuri-de-munca-pentru-someri\/","title":{"rendered":"Credite \u00een condi\u021bii avantajoase pentru \u0219omerii care creeaz\u0103 locuri de munc\u0103 pentru \u0219omeri"},"content":{"rendered":"\n<p><br>\u00a0 \u00a0 \u00a0 (1) Potritiv art 86^1 din Legea 76\/20022 privind sistemul asigur\u0103rilor pentru \u015fomaj \u015fi stimularea ocup\u0103rii for\u0163ei de munc\u0103, pentru crearea de noi locuri de munc\u0103 pentru \u015fomeri, se pot acorda, din bugetul asigur\u0103rilor pentru \u015fomaj, de la capitolul &#8222;\u00cemprumuturi&#8221;, fonduri nerambursabile.<\/p>\n\n\n\n<p>\u2003\u2003(2) Fondurile nerambursabile se acord\u0103 \u00een baza unor proiecte de fezabilitate, propor\u0163ional cu num\u0103rul de locuri de munc\u0103 ce vor fi create.<\/p>\n\n\n\n<p>\u00a0 \u00a0 \u00a0 \u00a0(3) Fondurile prev\u0103zute la alin. (1) se acord\u0103 pentru \u00eenfiin\u0163area sau dezvoltarea de \u00eentreprinderi mici \u015fi mijlocii, unit\u0103\u0163i cooperatiste, \u00eentreprinderi individuale, \u00eentreprinderi familiale, precum \u015fi activit\u0103\u0163i desf\u0103\u015furate de persoane fizice autorizate, care \u00ee\u015fi desf\u0103\u015foar\u0103 activitatea \u00een localit\u0103\u0163i confruntate cu fenomene de s\u0103r\u0103cie \u015fi excluziune social\u0103 din cauza nivelului ridicat al \u015fomajului.\u2003\u2003<\/p>\n\n\n\n<p>\u00a0 \u00a0 \u00a0 \u00a0(4) Localit\u0103\u0163ile \u00een care se vor acorda fondurile prev\u0103zute la alin. (1), precum \u015fi sumele ce vor fi alocate fiec\u0103rei localit\u0103\u0163i se stabilesc prin hot\u0103r\u00e2re a Guvernului, \u00een limitele stabilite prin legea bugetului asigur\u0103rilor sociale de stat.<\/p>\n\n\n\n<p>\u2003\u2003(5) Fondurile prev\u0103zute la alin. (1) se acord\u0103 \u00eentreprinderilor mici \u015fi mijlocii \u015fi unit\u0103\u0163ilor cooperatiste, cu condi\u0163ia ca, pe toate locurile de munc\u0103 nou-create, s\u0103 \u00eencadreze \u00een munc\u0103, pe perioad\u0103 nedeterminat\u0103, \u015fomeri pe care s\u0103 \u00eei men\u0163in\u0103 \u00een activitate cel pu\u0163in 4 ani, \u00eentreprinderilor individuale \u015fi \u00eentreprinderilor familiale \u00eenfiin\u0163ate de \u015fomeri, precum \u015fi \u015fomerilor care au dob\u00e2ndit calitatea de persoane fizice autorizate s\u0103 desf\u0103\u015foare, \u00een mod independent, o activitate economic\u0103.\u00a0<br><br>Pentru acordarea fondurilor nerambursabile prev\u0103zute mai sus, contribu\u0163ia beneficiarului trebuie s\u0103 fie de cel pu\u0163in 25% din valoarea proiectului de fezabilitate depus.<br>Fondurile nerambursabile se acord\u0103 din bugetul asigur\u0103rilor pentru \u015fomaj, cu respectarea reglement\u0103rilor aplicabile \u00een domeniul ajutorului de minimis.\u00a0<br>Beneficiarii fonduri nerambursabile acordate \u00een condi\u0163iile art. 86^1 au obliga\u0163ia de a men\u0163ine locurile de munc\u0103 nou create pentru o perioad\u0103 minim\u0103 de 5 ani.\u00a0<br><\/p>\n","protected":false},"excerpt":{"rendered":"<p>\u00a0 \u00a0 \u00a0 (1) Potritiv art 86^1 din Legea 76\/20022 privind sistemul asigur\u0103rilor pentru \u015fomaj \u015fi stimularea ocup\u0103rii for\u0163ei de munc\u0103, pentru crearea de noi locuri de munc\u0103 pentru \u015fomeri,<\/p>\n","protected":false},"author":1,"featured_media":0,"parent":0,"menu_order":730,"comment_status":"closed","ping_status":"closed","template":"template-parts\/content-with-sidebar.php","meta":{"footnotes":""},"class_list":["post-2297","page","type-page","status-publish","hentry"],"_links":{"self":[{"href":"https:\/\/www.anofm.ro\/botosani\/wp-json\/wp\/v2\/pages\/2297","targetHints":{"allow":["GET"]}}],"collection":[{"href":"https:\/\/www.anofm.ro\/botosani\/wp-json\/wp\/v2\/pages"}],"about":[{"href":"https:\/\/www.anofm.ro\/botosani\/wp-json\/wp\/v2\/types\/page"}],"author":[{"embeddable":true,"href":"https:\/\/www.anofm.ro\/botosani\/wp-json\/wp\/v2\/users\/1"}],"replies":[{"embeddable":true,"href":"https:\/\/www.anofm.ro\/botosani\/wp-json\/wp\/v2\/comments?post=2297"}],"version-history":[{"count":2,"href":"https:\/\/www.anofm.ro\/botosani\/wp-json\/wp\/v2\/pages\/2297\/revisions"}],"predecessor-version":[{"id":4292,"href":"https:\/\/www.anofm.ro\/botosani\/wp-json\/wp\/v2\/pages\/2297\/revisions\/4292"}],"wp:attachment":[{"href":"https:\/\/www.anofm.ro\/botosani\/wp-json\/wp\/v2\/media?parent=2297"}],"curies":[{"name":"wp","href":"https:\/\/api.w.org\/{rel}","templated":true}]}}