{"id":2287,"date":"2023-12-14T23:54:03","date_gmt":"2023-12-14T20:54:03","guid":{"rendered":"https:\/\/www.anofm.ro\/programe-de-formare-profesionala-pentru-persoanele-aflate-in-cautarea-unui-loc-de-munca\/"},"modified":"2024-09-11T22:02:14","modified_gmt":"2024-09-11T19:02:14","slug":"programe-de-formare-profesionala-pentru-persoanele-aflate-in-cautarea-unui-loc-de-munca","status":"publish","type":"page","link":"https:\/\/www.anofm.ro\/botosani\/programe-de-formare-profesionala-pentru-persoanele-aflate-in-cautarea-unui-loc-de-munca\/","title":{"rendered":"Programe de formare profesional\u0103 pentru persoanele aflate \u00een c\u0103utarea unui loc de munc\u0103"},"content":{"rendered":"\n<p>Agen\u0163ia Na\u0163ional\u0103 pentru Ocuparea For\u0163ei de Munc\u0103 organizeaz\u0103, gratuit, cursuri de calificare\/recalificare pentru \u015fomeri.<\/p>\n\n\n\n<p>Formarea profesional\u0103 a persoanelor \u00een c\u0103utarea unui loc de munc\u0103 se realizeaz\u0103 de agen\u0163iile pentru ocuparea for\u0163ei de munc\u0103 prin centrele de formare profesional\u0103 din subordinea acestora \u015fi prin centrele regionale pentru formarea profesional\u0103 a adul\u0163ilor ale ANOFM, precum \u015fi prin furnizori de servicii de formare profesional\u0103, din sectorul public sau privat, autorizati \u00een condi\u0163iile legii. Lista centrelor centrele regionale pentru formarea profesional\u0103 a adul\u0163ilor ale ANOFM <a href=\"https:\/\/www.anofm.ro\/centre-crfpa\/\">aici<\/a>.<\/p>\n\n\n\n<p>Persoanelor aflate \u00een c\u0103utarea unui loc de munc\u0103 li se ofer\u0103 astfel posibilitatea dob\u00e2ndirii cuno\u015ftin\u0163elor teoretice \u015fi practice specifice unei noi meserii care s\u0103 m\u0103reasca \u015fansele ocup\u0103rii unui loc de munc\u0103. Formele prin care se realizeaz\u0103 formarea profesional\u0103 sunt: cursuri (de calificare, recalificare, perfec\u0163ionare \u015fi specializare), stagii de practic\u0103 \u015fi specializare, precum \u015fi alte forme, \u00een condi\u0163iile legii.<\/p>\n\n\n\n<p>Accesul la programele de formare profesional\u0103 se face \u00een urma activit\u0103\u0163ii de informare \u015fi consiliere profesional\u0103 sau de mediere.<\/p>\n\n\n\n<p><strong>Serviciile de formare profesional\u0103 se acord\u0103, gratuit, urm\u0103toarelor categorii de persoane<\/strong>:<\/p>\n\n\n\n<p>-\u015fomeri;<\/p>\n\n\n\n<p>-persoane care nu au putut ocupa loc de munc\u0103 dup\u0103 absolvirea unei institu\u0163ii de \u00eenv\u0103\u0163\u0103m\u00e2nt ;<\/p>\n\n\n\n<p>-persoane care au ob\u0163inut statutul de refugiat sau alt\u0103 form\u0103 de protec\u0163ie interna\u0163ional\u0103, conform legii;<\/p>\n\n\n\n<p>-cet\u0103\u0163eni str\u0103ini sau apatrizi care au fost \u00eencadra\u0163i \u00een munc\u0103 sau au realizat venituri \u00een Rom\u00e2nia, conform legii;<\/p>\n\n\n\n<p>-persoane care nu au putut ocupa loc de munc\u0103 dup\u0103 repatriere sau dup\u0103 eliberarea din de\u0163entie;<\/p>\n\n\n\n<p>-persoane care desf\u0103\u015foar\u0103 activit\u0103\u0163i \u00een mediul rural \u015fi nu realizeaz\u0103 venituri lunare sau realizeaz\u0103 venituri mai mici dec\u00e2t valoarea indicatorului social de referin\u0163\u0103 \u00een vigoare \u015fi care sunt \u00eenregistrate la agen\u0163iile pentru ocuparea for\u0163ei de munc\u0103.<\/p>\n\n\n\n<p><strong>Serviciile de formare profesional\u0103 se asigur\u0103, gratuit, la cererea persoanelor angajate, cu acordul angajatorului, sau la cererea angajatorului, \u015fi pentru persoanele aflate \u00een urm\u0103toarele situa\u0163ii<\/strong>:<\/p>\n\n\n\n<p>* au reluat activitatea ca urmare a \u00eencet\u0103rii concediului pentru cre\u015fterea copilului p\u00e2n\u0103 la \u00eemplinirea v\u00e2rstei de 2 ani, respectiv 3 ani sau 7 ani \u00een cazul copilului cu handicap;<\/p>\n\n\n\n<p>* au reluat activitatea dup\u0103 perioada \u00eendeplinirii serviciului militar activ:<\/p>\n\n\n\n<p>* au reluat activitatea ca urmare a recuper\u0103rii capacit\u0103\u0163ii de munc\u0103 dup\u0103 pensionarea pentru invaliditate.<\/p>\n\n\n\n<p><strong>Persoanele \u00eenscrise la cursurile gratuite de formare profesional\u0103 au urm\u0103toarele drepturi:<\/strong><\/p>\n\n\n\n<p>*s\u0103 beneficieze de preg\u0103tire teoretic\u0103 \u015fi practic\u0103 pe toat\u0103 durata cursului.<\/p>\n\n\n\n<p>*s\u0103 beneficieze de rechizite \u015fi materiale de instruire \u015fi s\u0103 primeasc\u0103 \u00een folosin\u0163\u0103 manuale:<\/p>\n\n\n\n<p>*s\u0103 beneficieze, dac\u0103 este cazul, de echipament de protec\u0163ie pe timpul instruirii practice:<\/p>\n\n\n\n<p>*s\u0103 beneficieze, pentru traseul de la domiciliu la unitatea de preg\u0103tire, de abonament gratuit pe mijloacele de transport \u00een comun sau, dup\u0103 caz, de decontarea cheltuielilor de transport, pentru cel mult 4 deplas\u0103ri \u00een cursul unei luni, dac\u0103 nu se pot deplasa zilnic la unitatea de preg\u0103tire, \u00een condi\u0163iile prev\u0103zute de reglement\u0103rile \u00een vigoare pentru salaria\u0163ii institu\u0163iilor publice \u015fi regiilor autonome cu specific deosebit, pe perioada deleg\u0103rii \u015fi dete\u015f\u0103rii \u00een alt\u0103 localitate, precum \u015fi \u00een cazul deplas\u0103rii, \u00een cadrul localit\u0103\u0163ii, \u00een interes de serviciu, precum \u015fi de abonament gratuit pe mijloacele de transport \u00een comun pe traseul de la unitatea de cazare la unitatea de preg\u0103tire. Pentru traseele pentru care nu se elibereaz\u0103 abonamente, persoanele au dreptul s\u0103 beneficieze de decontarea biletelor de c\u0103l\u0103torie pe mijloacele de transport \u00een comun.<\/p>\n\n\n\n<p>*s\u0103 beneficieze de consulta\u0163ii medicale, analize medicale \u015fi teste necesare frecvent\u0103rii cursului.<\/p>\n\n\n\n<p>*persoanele care nu se pot deplasa zilnic la unitatea de preg\u0103tire sau locuiesc la o distan\u021b\u0103 mai mare de 50 km de aceasta, au dreptul, pe perioada c\u00e2t particip\u0103 la preg\u0103tirea profesional\u0103, s\u0103 beneficieze de cazare \u0219i de o sum\u0103 de bani pentru acoperirea mesei la nivelul prev\u0103zut de reglementarile \u00een vigoare pentru salaria\u021bii institu\u021biilor publice \u0219i regiilor autonome cu specific deosebit, pe perioada deleg\u0103rii \u0219i deplas\u0103rii \u00een alt\u0103 localitate, precum \u0219i \u00een cazul deplas\u0103rii, \u00een cadrul localit\u0103\u021bii, \u00een interes de serviciu.&nbsp;Persoanele care beneficiaz\u0103 de aceste drepturi nu pot beneficia de abonament gratuit pe mijloacele de transport \u00een comun pentru traseul de la domiciliu la unitatea de preg\u0103tire.<\/p>\n\n\n\n<p><strong>Acte necesare pentru \u015fomerii indemniza\u0163i\/neindemniza\u0163i<\/strong><\/p>\n\n\n\n<p>&nbsp;&#8211; cerere tip;&nbsp; &nbsp; &nbsp; &nbsp; &nbsp; &nbsp; &nbsp; &nbsp; &nbsp; &nbsp; &nbsp; &nbsp; &nbsp; &nbsp;&nbsp;<\/p>\n\n\n\n<p>&#8211; act de studii;&nbsp;&nbsp;&nbsp;&nbsp;&nbsp;&nbsp;&nbsp;&nbsp;&nbsp;&nbsp;&nbsp;&nbsp;&nbsp;&nbsp;&nbsp;&nbsp;&nbsp;&nbsp;&nbsp;&nbsp;&nbsp;&nbsp;&nbsp;&nbsp;&nbsp;&nbsp;&nbsp;&nbsp;&nbsp;&nbsp;&nbsp;&nbsp;&nbsp;&nbsp;&nbsp;&nbsp;&nbsp;&nbsp;&nbsp;<\/p>\n\n\n\n<p>&#8211; certificat de na\u015ftere;&nbsp;&nbsp;&nbsp;&nbsp;&nbsp;&nbsp;&nbsp;&nbsp;&nbsp;&nbsp;<\/p>\n\n\n\n<p>-certificat de c\u0103s\u0103torie (dac\u0103 este cazul);&nbsp;&nbsp;&nbsp;&nbsp;&nbsp;&nbsp;&nbsp;<\/p>\n\n\n\n<p>&#8211; act de identitate;&nbsp;&nbsp;&nbsp;&nbsp;&nbsp;&nbsp;&nbsp;&nbsp;&nbsp;&nbsp;&nbsp;&nbsp;&nbsp;&nbsp;&nbsp;&nbsp;&nbsp;<\/p>\n\n\n\n<p>&#8211; carnet de \u015fomer\/ adeverin\u0163\u0103 \u015fomer neindemnizat, recomandarea consilierului AJOFM \u015fi declara\u0163ie pentru a beneficia de formare profesional\u0103 <a href=\"\/upload\/3253\/Anexa_nr._9.docx\"><em>Anexa nr.9 la Norme in format editabil<\/em><\/a><\/p>\n\n\n\n<p>&#8211; adeverin\u0163a medical\u0103 din care s\u0103 rezulte c\u0103 persoana este apt\u0103 \u00een ocupa\u0163ia solicitat\u0103.<\/p>\n\n\n\n<p><\/p>\n","protected":false},"excerpt":{"rendered":"<p>Agen\u0163ia Na\u0163ional\u0103 pentru Ocuparea For\u0163ei de Munc\u0103 organizeaz\u0103, gratuit, cursuri de calificare\/recalificare pentru \u015fomeri. Formarea profesional\u0103 a persoanelor \u00een c\u0103utarea unui loc de munc\u0103 se realizeaz\u0103 de agen\u0163iile pentru ocuparea<\/p>\n","protected":false},"author":1,"featured_media":0,"parent":0,"menu_order":680,"comment_status":"closed","ping_status":"closed","template":"template-parts\/content-with-sidebar.php","meta":{"footnotes":""},"class_list":["post-2287","page","type-page","status-publish","hentry"],"_links":{"self":[{"href":"https:\/\/www.anofm.ro\/botosani\/wp-json\/wp\/v2\/pages\/2287","targetHints":{"allow":["GET"]}}],"collection":[{"href":"https:\/\/www.anofm.ro\/botosani\/wp-json\/wp\/v2\/pages"}],"about":[{"href":"https:\/\/www.anofm.ro\/botosani\/wp-json\/wp\/v2\/types\/page"}],"author":[{"embeddable":true,"href":"https:\/\/www.anofm.ro\/botosani\/wp-json\/wp\/v2\/users\/1"}],"replies":[{"embeddable":true,"href":"https:\/\/www.anofm.ro\/botosani\/wp-json\/wp\/v2\/comments?post=2287"}],"version-history":[{"count":2,"href":"https:\/\/www.anofm.ro\/botosani\/wp-json\/wp\/v2\/pages\/2287\/revisions"}],"predecessor-version":[{"id":4062,"href":"https:\/\/www.anofm.ro\/botosani\/wp-json\/wp\/v2\/pages\/2287\/revisions\/4062"}],"wp:attachment":[{"href":"https:\/\/www.anofm.ro\/botosani\/wp-json\/wp\/v2\/media?parent=2287"}],"curies":[{"name":"wp","href":"https:\/\/api.w.org\/{rel}","templated":true}]}}