{"id":2269,"date":"2023-12-14T22:54:03","date_gmt":"2023-12-14T20:54:03","guid":{"rendered":"https:\/\/www.anofm.ro\/completarea-veniturilor-salariale-ale-angajatilor-care-se-incadreaza-inainte-de-expirarea-perioadei-de-somaj\/"},"modified":"2023-12-16T00:45:54","modified_gmt":"2023-12-15T22:45:54","slug":"completarea-veniturilor-salariale-ale-angajatilor-care-se-incadreaza-inainte-de-expirarea-perioadei-de-somaj","status":"publish","type":"page","link":"https:\/\/www.anofm.ro\/botosani\/completarea-veniturilor-salariale-ale-angajatilor-care-se-incadreaza-inainte-de-expirarea-perioadei-de-somaj\/","title":{"rendered":"Completarea veniturilor salariale ale angaja\u021bilor care se \u00eencadreaz\u0103 \u00eenainte de expirarea perioadei de \u0219omaj"},"content":{"rendered":"\n<p><strong>Completarea veniturilor salariatului prin acordare 30% din cuantumul indemniza\u0163iei de \u015fomaj<\/strong><\/p>\n\n\n\n<p>prev\u0103zut\u0103 de art.72 din Legea nr.76\/2002 privind sistemul asigur\u0103rilor pentru \u0219omaj \u0219i stimularea ocup\u0103rii for\u021bei de munc\u0103, cu modific\u0103rile \u0219i complet\u0103rile ulterioare<\/p>\n\n\n\n<p>\u00cen temeiul art.72 din lege, persoanele prev\u0103zute la art.17 alin.(1), c\u0103rora li s-a stabilit dreptul la indemniza\u0163ia de \u015fomaj, potrivit legii, \u015fi care se angajeaz\u0103 cu norm\u0103 \u00eentreag\u0103, conform prevederilor legale \u00een vigoare, \u015fi, ca urmare a angaj\u0103rii, le \u00eenceteaz\u0103 plata indemniza\u0163iei de \u015fomaj, beneficiaz\u0103, din momentul angaj\u0103rii p\u00e2n\u0103 la sf\u00e2r\u015fitul perioadei pentru care erau \u00eendrept\u0103\u0163ite s\u0103 primeasc\u0103 indemniza\u0163ia de \u015fomaj, de o sum\u0103 lunar\u0103, acordat\u0103 din bugetul asigur\u0103rilor pentru \u015fomaj, reprezent\u00e2nd 30% din cuantumul indemniza\u0163iei de \u015fomaj, stabilit\u0103 \u015fi, dup\u0103 caz, reactualizat\u0103 conform legii.<\/p>\n\n\n\n<p><strong>CONDI\u0162II DE ACORDARE:<\/strong><strong><\/strong><\/p>\n\n\n\n<ul class=\"wp-block-list\">\n<li><strong><\/strong>Angajarea s\u0103 fie cu norm\u0103 \u00eentreag\u0103, conform prevederilor legale<\/li>\n<\/ul>\n\n\n\n<ul class=\"wp-block-list\">\n<li>\u00cencadrarea \u00een munc\u0103 s\u0103 fie pe perioad\u0103 nedeterminat\u0103 sau perioad\u0103 determinat\u0103 mai mare de 12 luni<\/li>\n\n\n\n<li>&nbsp;Persoanele se \u00eencadreaz\u0103 la angajatori cu care nu au fost \u00een raporturi de munc\u0103 sau de serviciu \u00een ultimii 2 ani<strong><\/strong><\/li>\n<\/ul>\n\n\n\n<p><strong>&nbsp;&nbsp; ACTE NECESARE<\/strong>:<\/p>\n\n\n\n<ul class=\"wp-block-list\">\n<li>Cerere conform model \u2013 <a href=\"\/upload\/3247\/Anexa_10_la_Norme.doc\"><em>Anexa nr. 10 la norme<\/em><\/a><\/li>\n\n\n\n<li>Contractul de munc\u0103 sau decizie de numire, \u00een copie<\/li>\n\n\n\n<li>Document emis de angajator, din care s\u0103 rezulte c\u0103 \u00een ultimii 2 ani acesta nu a mai fost \u00een raporturi de munc\u0103 sau de serviciu cu persoana respectiv\u0103<\/li>\n\n\n\n<li>Adeverin\u0163\u0103 emis\u0103 de angajator din care s\u0103 rezulte c\u0103 de la data angaj\u0103rii \u015fi p\u00e2n\u0103 la sf\u00e2r\u015fitul primei luni calendaristice de la anagajare,&nbsp; persoana angajat\u0103 a desf\u0103\u015furat activitate conform contractului&nbsp;&nbsp;&nbsp;&nbsp;&nbsp; individual de munc\u0103 \u00eencheiat.<\/li>\n<\/ul>\n\n\n\n<p><strong>&nbsp;&nbsp;&nbsp;&nbsp;&nbsp;&nbsp;&nbsp; Depunerea documentelor<\/strong><\/p>\n\n\n\n<ul class=\"wp-block-list\">\n<li>Personal \u2013 la sediul agen\u0163iei<\/li>\n\n\n\n<li>Prin scrisoare recomandat\u0103 cu confirmare de primire<\/li>\n\n\n\n<li>Prin fax sau e-mail<\/li>\n<\/ul>\n\n\n\n<h1 class=\"wp-block-heading\">&nbsp;<\/h1>\n","protected":false},"excerpt":{"rendered":"<p>Completarea veniturilor salariatului prin acordare 30% din cuantumul indemniza\u0163iei de \u015fomaj prev\u0103zut\u0103 de art.72 din Legea nr.76\/2002 privind sistemul asigur\u0103rilor pentru \u0219omaj \u0219i stimularea ocup\u0103rii for\u021bei de munc\u0103, cu modific\u0103rile<\/p>\n","protected":false},"author":1,"featured_media":0,"parent":0,"menu_order":590,"comment_status":"closed","ping_status":"closed","template":"template-parts\/content-with-sidebar.php","meta":{"footnotes":""},"class_list":["post-2269","page","type-page","status-publish","hentry"],"_links":{"self":[{"href":"https:\/\/www.anofm.ro\/botosani\/wp-json\/wp\/v2\/pages\/2269","targetHints":{"allow":["GET"]}}],"collection":[{"href":"https:\/\/www.anofm.ro\/botosani\/wp-json\/wp\/v2\/pages"}],"about":[{"href":"https:\/\/www.anofm.ro\/botosani\/wp-json\/wp\/v2\/types\/page"}],"author":[{"embeddable":true,"href":"https:\/\/www.anofm.ro\/botosani\/wp-json\/wp\/v2\/users\/1"}],"replies":[{"embeddable":true,"href":"https:\/\/www.anofm.ro\/botosani\/wp-json\/wp\/v2\/comments?post=2269"}],"version-history":[{"count":1,"href":"https:\/\/www.anofm.ro\/botosani\/wp-json\/wp\/v2\/pages\/2269\/revisions"}],"predecessor-version":[{"id":2862,"href":"https:\/\/www.anofm.ro\/botosani\/wp-json\/wp\/v2\/pages\/2269\/revisions\/2862"}],"wp:attachment":[{"href":"https:\/\/www.anofm.ro\/botosani\/wp-json\/wp\/v2\/media?parent=2269"}],"curies":[{"name":"wp","href":"https:\/\/api.w.org\/{rel}","templated":true}]}}