{"id":2231,"date":"2023-12-14T22:54:02","date_gmt":"2023-12-14T20:54:02","guid":{"rendered":"https:\/\/www.anofm.ro\/lista-privind-bunurile-primite-cu-titlu-gratuit\/"},"modified":"2026-01-15T16:12:11","modified_gmt":"2026-01-15T14:12:11","slug":"lista-privind-bunurile-primite-cu-titlu-gratuit","status":"publish","type":"page","link":"https:\/\/www.anofm.ro\/bistrita-nasaud\/lista-privind-bunurile-primite-cu-titlu-gratuit\/","title":{"rendered":"Lista privind bunurile primite cu titlu gratuit"},"content":{"rendered":"\n<div class=\"file-list-wrap\"><p class=\"h4\"><br><br>Documente desc\u0103rcabile<br><br><br><\/p><ul class=\"file-list\"><\/ul><\/div>\n\n\n\n<div class=\"file-list-wrap\"><p class=\"h4\"><br><br><a href=\"https:\/\/www.anofm.ro\/bistrita-nasaud\/wp-content\/uploads\/sites\/7\/2026\/01\/Registru-Evidenta-Bunuri-Primite-Cu-Titlu-Gratuit-2025-1.pdf\" data-type=\"attachment\" data-id=\"5907\" target=\"_blank\" rel=\"noreferrer noopener\">Registru Evidenta Bunuri Primite Cu Titlu Gratuit 2025 .pdf<\/a><br><br><br><a href=\"https:\/\/www.anofm.ro\/bistrita-nasaud\/wp-content\/uploads\/sites\/7\/2025\/04\/Registru-Evidenta-Bunuri-Primite-Cu-Titlu-Gratuit-2024.pdf\" target=\"_blank\" rel=\"noreferrer noopener\">Registru Evidenta Bunuri Primite Cu Titlu Gratuit 2024.pdf<\/a><br><br><br><a href=\"https:\/\/www.anofm.ro\/bistrita-nasaud\/wp-content\/uploads\/sites\/7\/2025\/04\/Registru-Evidenta-Bunuri-Primite-Cu-Titlu-Gratuit-2023.pdf\" target=\"_blank\" rel=\"noreferrer noopener\">Registru Evidenta Bunuri Primite Cu Titlu Gratuit 2023.pdf<\/a><br><br><br><a href=\"\/upload2\/BISTRI\u0162A-N\u0102S\u0102UD\/24087\/registru_evidenta_bunuri_primite_cu_titlu_gratuit.PDF\" target=\"_blank\" rel=\"noreferrer noopener\">Registru Evidenta Bunuri Primite Cu Titlu Gratuit<\/a><br><br><\/p><ul class=\"file-list\"><\/ul><\/div>\n\n\n\n<p><\/p>\n","protected":false},"excerpt":{"rendered":"","protected":false},"author":1,"featured_media":0,"parent":0,"menu_order":400,"comment_status":"closed","ping_status":"closed","template":"template-parts\/content-with-sidebar.php","meta":{"footnotes":""},"class_list":["post-2231","page","type-page","status-publish","hentry"],"_links":{"self":[{"href":"https:\/\/www.anofm.ro\/bistrita-nasaud\/wp-json\/wp\/v2\/pages\/2231","targetHints":{"allow":["GET"]}}],"collection":[{"href":"https:\/\/www.anofm.ro\/bistrita-nasaud\/wp-json\/wp\/v2\/pages"}],"about":[{"href":"https:\/\/www.anofm.ro\/bistrita-nasaud\/wp-json\/wp\/v2\/types\/page"}],"author":[{"embeddable":true,"href":"https:\/\/www.anofm.ro\/bistrita-nasaud\/wp-json\/wp\/v2\/users\/1"}],"replies":[{"embeddable":true,"href":"https:\/\/www.anofm.ro\/bistrita-nasaud\/wp-json\/wp\/v2\/comments?post=2231"}],"version-history":[{"count":9,"href":"https:\/\/www.anofm.ro\/bistrita-nasaud\/wp-json\/wp\/v2\/pages\/2231\/revisions"}],"predecessor-version":[{"id":5914,"href":"https:\/\/www.anofm.ro\/bistrita-nasaud\/wp-json\/wp\/v2\/pages\/2231\/revisions\/5914"}],"wp:attachment":[{"href":"https:\/\/www.anofm.ro\/bistrita-nasaud\/wp-json\/wp\/v2\/media?parent=2231"}],"curies":[{"name":"wp","href":"https:\/\/api.w.org\/{rel}","templated":true}]}}