{"id":2223,"date":"2023-12-14T22:54:02","date_gmt":"2023-12-14T20:54:02","guid":{"rendered":"https:\/\/www.anofm.ro\/centralizatorul-achizitiilor-publice-cu-valoare-mai-mare-de-5000-euro\/"},"modified":"2026-02-18T12:42:39","modified_gmt":"2026-02-18T10:42:39","slug":"centralizatorul-achizitiilor-publice-cu-valoare-mai-mare-de-5000-euro","status":"publish","type":"page","link":"https:\/\/www.anofm.ro\/bistrita-nasaud\/centralizatorul-achizitiilor-publice-cu-valoare-mai-mare-de-5000-euro\/","title":{"rendered":"Centralizatorul achizi\u021biilor publice cu valoare mai mare de 5000 Euro"},"content":{"rendered":"\n<div class=\"file-list-wrap\"><p class=\"h4\">Documente desc\u0103rcabile<\/p><ul class=\"file-list\">\n<li><a href=\"https:\/\/www.anofm.ro\/bistrita-nasaud\/wp-content\/uploads\/sites\/7\/2026\/02\/Situatie-contracte-mai-mari-de-5000-EURO_an2025.pdf\" download>Situatie-contracte-mai-mari-de-5000-EURO_an2025.pdf<\/a><\/li>\n\n\n\n<li><a href=\"https:\/\/www.anofm.ro\/bistrita-nasaud\/wp-content\/uploads\/sites\/7\/2025\/02\/Situatie-contracte-mai-mari-de-5000-euro-an2024.pdf\" download>Situatie-contracte-mai-mari-de-5000-euro-an2024.pdf<\/a><\/li>\n\n\n\n<li><a href=\"\/upload2\/BISTRI\u0162A-N\u0102S\u0102UD\/29022\/Situatie_ctr_mai_mari_de_5000_euro_an2023.pdf\" download>Situatie Ctr Mai Mari De 5000 Euro An2023<\/a><\/li>\n\n\n\n<li><a href=\"\/upload2\/BISTRI\u0162A-N\u0102S\u0102UD\/23777\/Situatie_ctr_mai_mari_de_5000_euro_an2022.pdf\" download>Situatie Ctr Mai Mari De 5000 Euro An2022<\/a><\/li>\n\n\n\n<li><a href=\"\/upload\/4393\/centr.achizitii_peste_5000_euro.pdf\" download>Centr.achizitii Peste 5000 Euro<\/a><\/li>\n<\/ul><\/div>\n","protected":false},"excerpt":{"rendered":"","protected":false},"author":1,"featured_media":0,"parent":0,"menu_order":360,"comment_status":"closed","ping_status":"closed","template":"template-parts\/content-with-sidebar.php","meta":{"footnotes":""},"class_list":["post-2223","page","type-page","status-publish","hentry"],"_links":{"self":[{"href":"https:\/\/www.anofm.ro\/bistrita-nasaud\/wp-json\/wp\/v2\/pages\/2223","targetHints":{"allow":["GET"]}}],"collection":[{"href":"https:\/\/www.anofm.ro\/bistrita-nasaud\/wp-json\/wp\/v2\/pages"}],"about":[{"href":"https:\/\/www.anofm.ro\/bistrita-nasaud\/wp-json\/wp\/v2\/types\/page"}],"author":[{"embeddable":true,"href":"https:\/\/www.anofm.ro\/bistrita-nasaud\/wp-json\/wp\/v2\/users\/1"}],"replies":[{"embeddable":true,"href":"https:\/\/www.anofm.ro\/bistrita-nasaud\/wp-json\/wp\/v2\/comments?post=2223"}],"version-history":[{"count":5,"href":"https:\/\/www.anofm.ro\/bistrita-nasaud\/wp-json\/wp\/v2\/pages\/2223\/revisions"}],"predecessor-version":[{"id":5961,"href":"https:\/\/www.anofm.ro\/bistrita-nasaud\/wp-json\/wp\/v2\/pages\/2223\/revisions\/5961"}],"wp:attachment":[{"href":"https:\/\/www.anofm.ro\/bistrita-nasaud\/wp-json\/wp\/v2\/media?parent=2223"}],"curies":[{"name":"wp","href":"https:\/\/api.w.org\/{rel}","templated":true}]}}