{"id":2215,"date":"2023-12-14T22:54:02","date_gmt":"2023-12-14T20:54:02","guid":{"rendered":"https:\/\/www.anofm.ro\/executia-bugetara\/"},"modified":"2025-09-09T11:46:59","modified_gmt":"2025-09-09T08:46:59","slug":"executia-bugetara","status":"publish","type":"page","link":"https:\/\/www.anofm.ro\/bistrita-nasaud\/executia-bugetara\/","title":{"rendered":"Execu\u021bia bugetar\u0103"},"content":{"rendered":"\n<div class=\"file-list-wrap\"><p class=\"h4\">Documente desc\u0103rcabile<\/p><ul class=\"file-list\">\n<li><a href=\"https:\/\/www.anofm.ro\/bistrita-nasaud\/wp-content\/uploads\/sites\/7\/2025\/09\/executie-30.06.25.pdf\" download>executie-30.06.25.pdf<\/a><\/li>\n\n\n\n<li><a href=\"https:\/\/www.anofm.ro\/bistrita-nasaud\/wp-content\/uploads\/sites\/7\/2025\/04\/executie-31.03.2025.pdf\" download>executie-31.03.2025.pdf<\/a><\/li>\n\n\n\n<li><a href=\"https:\/\/www.anofm.ro\/bistrita-nasaud\/wp-content\/uploads\/sites\/7\/2025\/04\/executie-31.12.2024.pdf\" download>executie-31.12.2024.pdf<\/a><\/li>\n\n\n\n<li><a href=\"https:\/\/www.anofm.ro\/bistrita-nasaud\/wp-content\/uploads\/sites\/7\/2025\/04\/executie-30.09.2024.pdf\" download>executie-30.09.2024.pdf<\/a><\/li>\n\n\n\n<li><a href=\"https:\/\/www.anofm.ro\/bistrita-nasaud\/wp-content\/uploads\/sites\/7\/2025\/04\/Executie-30.06.2024.pdf\" download>Executie-30.06.2024.pdf<\/a><\/li>\n\n\n\n<li><a href=\"https:\/\/www.anofm.ro\/bistrita-nasaud\/wp-content\/uploads\/sites\/7\/2025\/04\/executie-31.03.2024.pdf\" download>executie-31.03.2024.pdf<\/a><\/li>\n\n\n\n<li><a href=\"https:\/\/www.anofm.ro\/bistrita-nasaud\/wp-content\/uploads\/sites\/7\/2025\/04\/executie-31.12.2023.pdf\" download>executie-31.12.2023.pdf<\/a><\/li>\n\n\n\n<li><a href=\"https:\/\/www.anofm.ro\/bistrita-nasaud\/wp-content\/uploads\/sites\/7\/2025\/04\/executie-30.09.2023.pdf\" download>executie-30.09.2023.pdf<\/a><\/li>\n\n\n\n<li><a href=\"https:\/\/www.anofm.ro\/bistrita-nasaud\/wp-content\/uploads\/sites\/7\/2025\/04\/executie-30.06.2023.pdf\" download>executie-30.06.2023.pdf<\/a><\/li>\n\n\n\n<li><a href=\"https:\/\/www.anofm.ro\/bistrita-nasaud\/wp-content\/uploads\/sites\/7\/2025\/04\/executie-31.03.2023.pdf\" download>executie-31.03.2023.pdf<\/a><\/li>\n\n\n\n<li><a href=\"\/upload2\/BISTRI\u0162A-N\u0102S\u0102UD\/24156\/EXECUTIE_31.01.23.pdf\" download>Executie 31.01.23<\/a><\/li>\n\n\n\n<li><a href=\"https:\/\/www.anofm.ro\/bistrita-nasaud\/wp-content\/uploads\/sites\/7\/2025\/04\/EXECUTIE-31.12.2022.pdf\" download>EXECUTIE-31.12.2022.pdf<\/a><\/li>\n\n\n\n<li><a href=\"https:\/\/www.anofm.ro\/bistrita-nasaud\/wp-content\/uploads\/sites\/7\/2025\/04\/executie-30.09.2022.pdf\" download>executie-30.09.2022.pdf<\/a><\/li>\n\n\n\n<li><a href=\"https:\/\/www.anofm.ro\/bistrita-nasaud\/wp-content\/uploads\/sites\/7\/2025\/04\/executie-30.06.2022.pdf\" download>executie-30.06.2022.pdf<\/a><\/li>\n\n\n\n<li><a href=\"https:\/\/www.anofm.ro\/bistrita-nasaud\/wp-content\/uploads\/sites\/7\/2025\/04\/executie-31.03.2022.pdf\" download>executie-31.03.2022.pdf<\/a><\/li>\n\n\n\n<li><a href=\"https:\/\/www.anofm.ro\/bistrita-nasaud\/wp-content\/uploads\/sites\/7\/2025\/04\/executie-31.12.2021.pdf\" download>executie-31.12.2021.pdf<\/a><\/li>\n\n\n\n<li><a href=\"https:\/\/www.anofm.ro\/bistrita-nasaud\/wp-content\/uploads\/sites\/7\/2025\/04\/executie-30.09.2021.pdf\" download>executie-30.09.2021.pdf<\/a><\/li>\n\n\n\n<li><a href=\"https:\/\/www.anofm.ro\/bistrita-nasaud\/wp-content\/uploads\/sites\/7\/2025\/04\/executie-30.06.2021.pdf\" download>executie-30.06.2021.pdf<\/a><\/li>\n\n\n\n<li><a href=\"https:\/\/www.anofm.ro\/bistrita-nasaud\/wp-content\/uploads\/sites\/7\/2025\/04\/EXECUTIE-31.03.2021.pdf\" download>EXECUTIE-31.03.2021.pdf<\/a><\/li>\n\n\n\n<li><a href=\"https:\/\/www.anofm.ro\/bistrita-nasaud\/wp-content\/uploads\/sites\/7\/2025\/04\/executie-31.12.2020.pdf\" download>executie-31.12.2020.pdf<\/a><\/li>\n\n\n\n<li><a href=\"https:\/\/www.anofm.ro\/bistrita-nasaud\/wp-content\/uploads\/sites\/7\/2025\/04\/executie-30.09.2020.pdf\" download>executie-30.09.2020.pdf<\/a><\/li>\n\n\n\n<li><a href=\"https:\/\/www.anofm.ro\/bistrita-nasaud\/wp-content\/uploads\/sites\/7\/2025\/04\/executie-30.06.2020.pdf\" download>executie-30.06.2020.pdf<\/a><\/li>\n\n\n\n<li><a href=\"https:\/\/www.anofm.ro\/bistrita-nasaud\/wp-content\/uploads\/sites\/7\/2025\/04\/executie-31.03.2020.pdf\" download>executie-31.03.2020.pdf<\/a><\/li>\n\n\n\n<li><a href=\"\/upload\/6059\/cont_de_executie_10_2019.pdf\" download>Cont De Executie 10 2019<\/a><\/li>\n\n\n\n<li><a href=\"\/upload\/6059\/cont_de_executie_09_2019.pdf\" download>Cont De Executie 09 2019<\/a><\/li>\n\n\n\n<li><a href=\"\/upload\/6059\/cont_de_executie_08_2019.pdf\" download>Cont De Executie 08 2019<\/a><\/li>\n\n\n\n<li><a href=\"\/upload\/6059\/cont_de_executie_07_2019.pdf\" download>Cont De Executie 07 2019<\/a><\/li>\n\n\n\n<li><a href=\"\/upload\/6059\/cont_de_executie_06.2019.pdf\" download>Cont De Executie 06.2019<\/a><\/li>\n\n\n\n<li><a href=\"\/upload\/6059\/cont_de_executie_05.2019.pdf\" download>Cont De Executie 05.2019<\/a><\/li>\n\n\n\n<li><a href=\"\/upload\/6059\/cont_de_executie_04.2019.pdf\" download>Cont De Executie 04.2019<\/a><\/li>\n\n\n\n<li><a href=\"\/upload\/6059\/cont_de_executie_03_2019.pdf\" download>Cont De Executie 03 2019<\/a><\/li>\n\n\n\n<li><a href=\"\/upload\/6059\/cont_de_executie_02_2019.pdf\" download>Cont De Executie 02 2019<\/a><\/li>\n\n\n\n<li><a href=\"\/upload\/6059\/cont_de_executie_07_2019.pdf\" download>Cont De Executie 01 2019<\/a><\/li>\n\n\n\n<li><a href=\"\/upload\/1013\/cont_executie_01_2018.pdf\" download>Cont Executie 01 2018<\/a><\/li>\n\n\n\n<li><a href=\"\/upload\/1013\/cont_executie_02_2018.pdf\" download>Cont Executie 02 2018<\/a><\/li>\n\n\n\n<li><a href=\"\/upload\/1013\/cont_executie_03_2018.pdf\" download>Cont Executie 03 2018<\/a><\/li>\n\n\n\n<li><a href=\"\/upload\/1013\/cont_executie_04_2018.pdf\" download>Cont Executie 04 2018<\/a><\/li>\n\n\n\n<li><a href=\"\/upload\/1013\/cont_executie_05_2018.pdf\" download>Cont Executie 05 2018<\/a><\/li>\n\n\n\n<li><a href=\"\/upload\/1013\/cont_executie_06_2018.pdf\" download>Cont Executie 06 2018<\/a><\/li>\n\n\n\n<li><a href=\"\/upload\/1013\/cont_executie_07_2018.pdf\" download>Cont Executie 07 2018<\/a><\/li>\n\n\n\n<li><a href=\"\/upload\/1013\/cont_executie_08_2018.pdf\" download>Cont Executie 08 2018<\/a><\/li>\n\n\n\n<li><a href=\"\/upload\/1013\/cont_executie_09_2018.pdf\" download>Cont Executie 09 2018<\/a><\/li>\n\n\n\n<li><a href=\"\/upload\/1013\/cont_executie_bugetara_11_2018.pdf\" download>Cont Executie 10 2018<\/a><\/li>\n\n\n\n<li><a href=\"\/upload\/1013\/cont_executie_bugetara_11_2018.pdf\" download>Cont Executie 11 2018<\/a><\/li>\n\n\n\n<li><a href=\"\/upload\/1013\/cont_de_executie_12_2018.pdf\" download>Cont Executie 12 2018<\/a><\/li>\n\n\n\n<li><a href=\"\/upload\/1013\/cont_executie_07_2018.pdf\" download>Cont Executie 07 2018<\/a><\/li>\n\n\n\n<li><a href=\"\/upload\/1013\/cont_executie_07_2018.pdf\" download>Cont Executie 07 2018<\/a><\/li>\n\n\n\n<li><a href=\"\/upload\/1013\/cont_executie_07_2018.pdf\" download>Cont Executie 07 2018<\/a><\/li>\n\n\n\n<li><a href=\"\/upload\/1013\/cont_executie_07_2018.pdf\" download>Cont Executie 07 2018<\/a><\/li>\n<\/ul><\/div>\n","protected":false},"excerpt":{"rendered":"","protected":false},"author":1,"featured_media":0,"parent":0,"menu_order":320,"comment_status":"closed","ping_status":"closed","template":"template-parts\/content-with-sidebar.php","meta":{"footnotes":""},"class_list":["post-2215","page","type-page","status-publish","hentry"],"_links":{"self":[{"href":"https:\/\/www.anofm.ro\/bistrita-nasaud\/wp-json\/wp\/v2\/pages\/2215","targetHints":{"allow":["GET"]}}],"collection":[{"href":"https:\/\/www.anofm.ro\/bistrita-nasaud\/wp-json\/wp\/v2\/pages"}],"about":[{"href":"https:\/\/www.anofm.ro\/bistrita-nasaud\/wp-json\/wp\/v2\/types\/page"}],"author":[{"embeddable":true,"href":"https:\/\/www.anofm.ro\/bistrita-nasaud\/wp-json\/wp\/v2\/users\/1"}],"replies":[{"embeddable":true,"href":"https:\/\/www.anofm.ro\/bistrita-nasaud\/wp-json\/wp\/v2\/comments?post=2215"}],"version-history":[{"count":7,"href":"https:\/\/www.anofm.ro\/bistrita-nasaud\/wp-json\/wp\/v2\/pages\/2215\/revisions"}],"predecessor-version":[{"id":5750,"href":"https:\/\/www.anofm.ro\/bistrita-nasaud\/wp-json\/wp\/v2\/pages\/2215\/revisions\/5750"}],"wp:attachment":[{"href":"https:\/\/www.anofm.ro\/bistrita-nasaud\/wp-json\/wp\/v2\/media?parent=2215"}],"curies":[{"name":"wp","href":"https:\/\/api.w.org\/{rel}","templated":true}]}}