{"id":2185,"date":"2023-12-14T22:54:01","date_gmt":"2023-12-14T20:54:01","guid":{"rendered":"https:\/\/www.anofm.ro\/bilantul-de-ocupare\/"},"modified":"2025-02-27T08:58:12","modified_gmt":"2025-02-27T06:58:12","slug":"bilantul-de-ocupare","status":"publish","type":"page","link":"https:\/\/www.anofm.ro\/bistrita-nasaud\/bilantul-de-ocupare\/","title":{"rendered":"Bilan\u021bul de ocupare"},"content":{"rendered":"\n<div class=\"file-list-wrap\"><p class=\"h4\">Documente desc\u0103rcabile<\/p><ul class=\"file-list\">\n<li><a href=\"https:\/\/www.anofm.ro\/bistrita-nasaud\/wp-content\/uploads\/sites\/7\/2025\/02\/PO-2024_12-.pdf\" download>PO-2024_12-.pdf<\/a><\/li>\n\n\n\n<li><a href=\"https:\/\/www.anofm.ro\/bistrita-nasaud\/wp-content\/uploads\/sites\/7\/2025\/02\/PO-2023_12-.pdf\" download>PO-2023_12-.pdf<\/a><\/li>\n\n\n\n<li><a href=\"\/upload2\/BISTRI\u0162A-N\u0102S\u0102UD\/24503\/PO_2022_12.pdf\" download>Po 2022 12<\/a><\/li>\n\n\n\n<li><a href=\"\/upload\/1144\/PO_BN_2017_scurt.pdf\" download>Realizarea Programului De Ocupare Pentru 2017<\/a><\/li>\n\n\n\n<li><a href=\"\/upload\/1144\/PO_BN_2017_scurt.pdf\" download>Po Bn 2017 Scurt<\/a><\/li>\n<\/ul><\/div>\n","protected":false},"excerpt":{"rendered":"","protected":false},"author":1,"featured_media":0,"parent":0,"menu_order":170,"comment_status":"closed","ping_status":"closed","template":"template-parts\/content-with-sidebar.php","meta":{"footnotes":""},"class_list":["post-2185","page","type-page","status-publish","hentry"],"_links":{"self":[{"href":"https:\/\/www.anofm.ro\/bistrita-nasaud\/wp-json\/wp\/v2\/pages\/2185","targetHints":{"allow":["GET"]}}],"collection":[{"href":"https:\/\/www.anofm.ro\/bistrita-nasaud\/wp-json\/wp\/v2\/pages"}],"about":[{"href":"https:\/\/www.anofm.ro\/bistrita-nasaud\/wp-json\/wp\/v2\/types\/page"}],"author":[{"embeddable":true,"href":"https:\/\/www.anofm.ro\/bistrita-nasaud\/wp-json\/wp\/v2\/users\/1"}],"replies":[{"embeddable":true,"href":"https:\/\/www.anofm.ro\/bistrita-nasaud\/wp-json\/wp\/v2\/comments?post=2185"}],"version-history":[{"count":4,"href":"https:\/\/www.anofm.ro\/bistrita-nasaud\/wp-json\/wp\/v2\/pages\/2185\/revisions"}],"predecessor-version":[{"id":4882,"href":"https:\/\/www.anofm.ro\/bistrita-nasaud\/wp-json\/wp\/v2\/pages\/2185\/revisions\/4882"}],"wp:attachment":[{"href":"https:\/\/www.anofm.ro\/bistrita-nasaud\/wp-json\/wp\/v2\/media?parent=2185"}],"curies":[{"name":"wp","href":"https:\/\/api.w.org\/{rel}","templated":true}]}}