{"id":2163,"date":"2023-12-14T22:54:01","date_gmt":"2023-12-14T20:54:01","guid":{"rendered":"https:\/\/www.anofm.ro\/conducere\/"},"modified":"2025-04-04T10:10:07","modified_gmt":"2025-04-04T07:10:07","slug":"conducere","status":"publish","type":"page","link":"https:\/\/www.anofm.ro\/bacau\/conducere\/","title":{"rendered":"Conducere"},"content":{"rendered":"\n<h2 class=\"wp-block-heading\"><\/h2>\n\n\n\n<p class=\"has-large-font-size\"><strong>Andreea Avram<\/strong><\/p>\n\n\n\n<p><strong>Director<\/strong><\/p>\n\n\n\n<div class=\"wp-block-file\"><a id=\"wp-block-file--media-7e04dd87-3759-4934-938d-ea565ffea055\" href=\"https:\/\/www.anofm.ro\/bacau\/wp-content\/uploads\/sites\/5\/2025\/04\/CV-2.doc\">CV<\/a><a href=\"https:\/\/www.anofm.ro\/bacau\/wp-content\/uploads\/sites\/5\/2025\/04\/CV-2.doc\" class=\"wp-block-file__button wp-element-button\" download aria-describedby=\"wp-block-file--media-7e04dd87-3759-4934-938d-ea565ffea055\">Descarc\u0103<\/a><\/div>\n\n\n\n<div data-wp-interactive=\"core\/file\" class=\"wp-block-file\"><object data-wp-bind--hidden=\"!state.hasPdfPreview\" hidden class=\"wp-block-file__embed\" data=\"https:\/\/www.anofm.ro\/bacau\/wp-content\/uploads\/sites\/5\/2025\/04\/FISA-POSTULUI-STANDARDIZATA-DIR-EX.pdf\" type=\"application\/pdf\" style=\"width:100%;height:600px\" aria-label=\"\u00cenglobare pentru FISA POSTULUI STANDARDIZATA DIR EX.\"><\/object><a id=\"wp-block-file--media-a1c54580-5b15-4f15-a037-4784f08bec8e\" href=\"https:\/\/www.anofm.ro\/bacau\/wp-content\/uploads\/sites\/5\/2025\/04\/FISA-POSTULUI-STANDARDIZATA-DIR-EX.pdf\">FISA POSTULUI STANDARDIZATA DIR EX<\/a><a href=\"https:\/\/www.anofm.ro\/bacau\/wp-content\/uploads\/sites\/5\/2025\/04\/FISA-POSTULUI-STANDARDIZATA-DIR-EX.pdf\" class=\"wp-block-file__button wp-element-button\" download aria-describedby=\"wp-block-file--media-a1c54580-5b15-4f15-a037-4784f08bec8e\">Descarc\u0103<\/a><\/div>\n\n\n\n<h2 class=\"wp-block-heading\">Cost\u00e2n Carmen<\/h2>\n\n\n\n<p>Director Adjunct<\/p>\n\n\n\n<div class=\"wp-block-file\"><a id=\"wp-block-file--media-e13bd833-460a-4c1d-aca0-cfe712274eff\" href=\"https:\/\/www.anofm.ro\/bacau\/wp-content\/uploads\/sites\/5\/2025\/04\/CV1.doc\">CV1<\/a><a href=\"https:\/\/www.anofm.ro\/bacau\/wp-content\/uploads\/sites\/5\/2025\/04\/CV1.doc\" class=\"wp-block-file__button wp-element-button\" download aria-describedby=\"wp-block-file--media-e13bd833-460a-4c1d-aca0-cfe712274eff\">Descarc\u0103<\/a><\/div>\n\n\n\n<div data-wp-interactive=\"core\/file\" class=\"wp-block-file\"><object data-wp-bind--hidden=\"!state.hasPdfPreview\" hidden class=\"wp-block-file__embed\" data=\"https:\/\/www.anofm.ro\/bacau\/wp-content\/uploads\/sites\/5\/2025\/04\/FISA-POSTULUI-STANDARDIZATA-DIR-EX-ADJ.pdf\" type=\"application\/pdf\" style=\"width:100%;height:600px\" aria-label=\"\u00cenglobare pentru FISA POSTULUI STANDARDIZATA DIR EX ADJ.\"><\/object><a id=\"wp-block-file--media-561248bb-4f26-4df6-bf3f-6022e254429a\" href=\"https:\/\/www.anofm.ro\/bacau\/wp-content\/uploads\/sites\/5\/2025\/04\/FISA-POSTULUI-STANDARDIZATA-DIR-EX-ADJ.pdf\">FISA POSTULUI STANDARDIZATA DIR EX ADJ<\/a><a href=\"https:\/\/www.anofm.ro\/bacau\/wp-content\/uploads\/sites\/5\/2025\/04\/FISA-POSTULUI-STANDARDIZATA-DIR-EX-ADJ.pdf\" class=\"wp-block-file__button wp-element-button\" download aria-describedby=\"wp-block-file--media-561248bb-4f26-4df6-bf3f-6022e254429a\">Descarc\u0103<\/a><\/div>\n\n\n\n<p><\/p>\n\n\n\n<h2 class=\"wp-block-heading\">Consiliu consultativ<\/h2>\n\n\n\n<figure class=\"wp-block-table\"><table class=\"has-fixed-layout\"><tbody><tr><td><strong>Nr. crt.<\/strong><\/td><td><strong>Nume \u0219i prenume<\/strong><\/td><td><strong>Institu\u021bia reprezentat\u0103<\/strong><\/td><\/tr><tr><td>1<\/td><td><strong>GRUDINSCHI GINA<\/strong><strong><\/strong><\/td><td><strong>CONSILIUL JUDE\u0162EAN BAC\u0102U<\/strong><strong><\/strong><\/td><\/tr><tr><td>2<\/td><td><strong>EGARMIN ANA MARIA<\/strong><strong><\/strong><\/td><td><strong>&nbsp;&nbsp;&nbsp;&nbsp;&nbsp;&nbsp;&nbsp;&nbsp;&nbsp;&nbsp;&nbsp; I. \u015e. J. BAC\u0102U<\/strong><strong><\/strong><\/td><\/tr><tr><td>3<\/td><td><strong>STUPU&nbsp; PAUL VICENTIU<\/strong><\/td><td><strong>&nbsp;&nbsp;&nbsp;&nbsp;&nbsp;&nbsp;&nbsp;&nbsp; &nbsp;&nbsp;&nbsp;A.J.F.P. BAC\u0102U<\/strong><strong><\/strong><\/td><\/tr><tr><td>4<\/td><td><strong>COROIU MIHAELA<\/strong><strong><\/strong><\/td><td><strong>&nbsp;&nbsp;&nbsp;&nbsp;&nbsp;&nbsp;&nbsp;&nbsp;&nbsp;&nbsp;&nbsp; A.J.P.I.S. BAC\u0102U<\/strong><strong><\/strong><\/td><\/tr><tr><td>5<\/td><td><strong>PETREA DAN CRISTIAN<\/strong><strong><\/strong><\/td><td><strong>&nbsp;&nbsp;&nbsp;&nbsp;&nbsp;&nbsp;&nbsp;&nbsp;&nbsp;&nbsp; &nbsp;&nbsp;I.T.M. BAC\u0102U<\/strong><strong><\/strong><\/td><\/tr><tr><td>6<\/td><td><strong>COSTACHE SILVIU BOGDAN<\/strong><strong><\/strong><\/td><td><strong>&nbsp;&nbsp;&nbsp;&nbsp; &nbsp;&nbsp;&nbsp;&nbsp;&nbsp;&nbsp;&nbsp;&nbsp;B.N.S.<\/strong><strong><\/strong><\/td><\/tr><tr><td>7<\/td><td><strong> OPRI\u015eAN IULIAN<\/strong><\/td><td><strong>&nbsp;&nbsp;&nbsp;&nbsp;&nbsp;&nbsp;&nbsp;&nbsp;&nbsp;&nbsp;&nbsp; &nbsp;C.S.D.R.<\/strong><strong><\/strong><\/td><\/tr><tr><td>8<\/td><td><strong>CRE\u0162U AUREL<\/strong><\/td><td><strong>&nbsp;&nbsp;&nbsp;&nbsp;&nbsp; &nbsp;&nbsp;&nbsp;&nbsp;&nbsp;&nbsp;&nbsp;C.N.S.L.R. FRA\u0162IA<\/strong> <strong>&nbsp;<\/strong><\/td><\/tr><tr><td>9<\/td><td><strong>GAVRIL\u0102 GHEORGHE<\/strong><strong><\/strong><\/td><td><strong>&nbsp;&nbsp;&nbsp;&nbsp;&nbsp;&nbsp;&nbsp;&nbsp;&nbsp;&nbsp;&nbsp;&nbsp; C.S.N.&nbsp; MERIDIAN<\/strong><strong><\/strong><\/td><\/tr><tr><td>10<\/td><td><strong>PAVEL MARIAN<\/strong><\/td><td><strong>&nbsp;&nbsp;&nbsp;&nbsp;&nbsp;&nbsp;&nbsp;&nbsp;&nbsp; &nbsp;&nbsp;&nbsp;C.N.S.&nbsp; CARTEL ALFA<\/strong><strong><\/strong><\/td><\/tr><tr><td>11<\/td><td><strong>PLANTOS GINA<\/strong><\/td><td><strong>&nbsp;&nbsp;&nbsp;&nbsp;&nbsp; &nbsp;&nbsp;&nbsp;&nbsp;&nbsp;&nbsp;&nbsp;C.N.I.P.M.M.R<\/strong><strong><\/strong><\/td><\/tr><tr><td><strong>12<\/strong><\/td><td><strong>PLANTOS MONICA<\/strong><\/td><td><strong>&nbsp;&nbsp;&nbsp;&nbsp;&nbsp;&nbsp;&nbsp;&nbsp;&nbsp;&nbsp;&nbsp;&nbsp; C.N.I.P.M.M.R<\/strong><strong><\/strong><\/td><\/tr><tr><td><strong>13<\/strong><\/td><td><strong>Fara nominalizare<\/strong><\/td><td><strong>&nbsp;&nbsp;&nbsp;&nbsp;&nbsp;&nbsp;&nbsp;&nbsp;&nbsp;&nbsp;&nbsp;&nbsp; CONCORDIA<\/strong><\/td><\/tr><tr><td><strong>14<\/strong><\/td><td><strong>Fara nominalizare<\/strong><\/td><td><strong>&nbsp;&nbsp;&nbsp;&nbsp;&nbsp;&nbsp;&nbsp;&nbsp;&nbsp;&nbsp;&nbsp;&nbsp; CONCORDIA<\/strong><\/td><\/tr><tr><td><strong>15<\/strong><\/td><td><strong>Fara nominalizare<\/strong><\/td><td><strong>&nbsp;&nbsp;&nbsp;&nbsp;&nbsp;&nbsp;&nbsp;&nbsp;&nbsp;&nbsp;&nbsp;&nbsp; CONCORDIA<\/strong><\/td><\/tr><\/tbody><\/table><\/figure>\n\n\n\n<p><\/p>\n\n\n\n<h2 class=\"wp-block-heading\">Agenda de lucru<\/h2>\n\n\n\t\t\t\t<ul class=\"recentcontent\">\n\t\t\t\t\t\t\t\t\t<li>\n\t\t\t\t\t\t<a href=\"https:\/\/www.anofm.ro\/bacau\/agenda-conducerii-ajofm-bacau-3\/\">\n\t\t\t\t\t\t\t\t\t\t\t\t\t\t\t<img decoding=\"async\" src=\"https:\/\/www.anofm.ro\/bacau\/wp-content\/plugins\/anofm-custom-post-types\/assets\/images\/placeholder-thumb.png\" alt=\"\">\n\t\t\t\t\t\t\t\t\t\t\t\t\t\t\t\t<p class=\"h4\">Agenda conducerii AJOFM Bacau<\/p>\n\t\t\t\t\t\t\t\t\t\t\t\t\t\t\t<span>30\/06\/2025<\/span>\n\t\t\t\t\t\t<\/a>\n\t\t\t\t\t<\/li>\n\t\t\t\t\t\t\t\t\t\t<li>\n\t\t\t\t\t\t<a href=\"https:\/\/www.anofm.ro\/bacau\/agenda-saptamanala-a-conducerii-ajofm-bacau-3\/\">\n\t\t\t\t\t\t\t\t\t\t\t\t\t\t\t<img decoding=\"async\" src=\"https:\/\/www.anofm.ro\/bacau\/wp-content\/plugins\/anofm-custom-post-types\/assets\/images\/placeholder-thumb.png\" alt=\"\">\n\t\t\t\t\t\t\t\t\t\t\t\t\t\t\t\t<p class=\"h4\">AGENDA\u00a0 S\u0102PT\u0102M\u00c2NAL\u0102 A CONDUCERII\u00a0 AJOFM\u00a0 BAC\u0102U<\/p>\n\t\t\t\t\t\t\t\t\t\t\t\t\t\t\t<span>28\/05\/2025<\/span>\n\t\t\t\t\t\t<\/a>\n\t\t\t\t\t<\/li>\n\t\t\t\t\t\t\t\t\t\t<li>\n\t\t\t\t\t\t<a href=\"https:\/\/www.anofm.ro\/bacau\/agenda-saptamanala-a-conducerii-ajofm-bacau-2\/\">\n\t\t\t\t\t\t\t\t\t\t\t\t\t\t\t<img decoding=\"async\" src=\"https:\/\/www.anofm.ro\/bacau\/wp-content\/plugins\/anofm-custom-post-types\/assets\/images\/placeholder-thumb.png\" alt=\"\">\n\t\t\t\t\t\t\t\t\t\t\t\t\t\t\t\t<p class=\"h4\">AGENDA\u00a0 S\u0102PT\u0102M\u00c2NAL\u0102 A CONDUCERII\u00a0 AJOFM\u00a0 BAC\u0102U<\/p>\n\t\t\t\t\t\t\t\t\t\t\t\t\t\t\t<span>29\/04\/2025<\/span>\n\t\t\t\t\t\t<\/a>\n\t\t\t\t\t<\/li>\n\t\t\t\t\t\t\t\t\t\t<li>\n\t\t\t\t\t\t<a href=\"https:\/\/www.anofm.ro\/bacau\/agenda-conducerii-ajofm-bacau-2\/\">\n\t\t\t\t\t\t\t\t\t\t\t\t\t\t\t<img decoding=\"async\" src=\"https:\/\/www.anofm.ro\/bacau\/wp-content\/plugins\/anofm-custom-post-types\/assets\/images\/placeholder-thumb.png\" alt=\"\">\n\t\t\t\t\t\t\t\t\t\t\t\t\t\t\t\t<p class=\"h4\">Agenda conducerii AJOFM Bacau<\/p>\n\t\t\t\t\t\t\t\t\t\t\t\t\t\t\t<span>02\/04\/2025<\/span>\n\t\t\t\t\t\t<\/a>\n\t\t\t\t\t<\/li>\n\t\t\t\t\t\t\t\t\t\t<li>\n\t\t\t\t\t\t<a href=\"https:\/\/www.anofm.ro\/bacau\/agenda-saptamanala-a-conducerii-ajofm-bacau\/\">\n\t\t\t\t\t\t\t\t\t\t\t\t\t\t\t<img decoding=\"async\" src=\"https:\/\/www.anofm.ro\/bacau\/wp-content\/plugins\/anofm-custom-post-types\/assets\/images\/placeholder-thumb.png\" alt=\"\">\n\t\t\t\t\t\t\t\t\t\t\t\t\t\t\t\t<p class=\"h4\">AGENDA\u00a0 S\u0102PT\u0102M\u00c2NAL\u0102 A CONDUCERII\u00a0 AJOFM\u00a0 BAC\u0102U<\/p>\n\t\t\t\t\t\t\t\t\t\t\t\t\t\t\t<span>29\/01\/2025<\/span>\n\t\t\t\t\t\t<\/a>\n\t\t\t\t\t<\/li>\n\t\t\t\t\t\t\t\t\t\t<li>\n\t\t\t\t\t\t<a href=\"https:\/\/www.anofm.ro\/bacau\/agenda-conducerii-ajofm-bacau\/\">\n\t\t\t\t\t\t\t\t\t\t\t\t\t\t\t<img decoding=\"async\" src=\"https:\/\/www.anofm.ro\/bacau\/wp-content\/plugins\/anofm-custom-post-types\/assets\/images\/placeholder-thumb.png\" alt=\"\">\n\t\t\t\t\t\t\t\t\t\t\t\t\t\t\t\t<p class=\"h4\">Agenda conducerii AJOFM Bacau<\/p>\n\t\t\t\t\t\t\t\t\t\t\t\t\t\t\t<span>30\/06\/2022<\/span>\n\t\t\t\t\t\t<\/a>\n\t\t\t\t\t<\/li>\n\t\t\t\t\t\t\t\t\t\t<li>\n\t\t\t\t\t\t<a href=\"https:\/\/www.anofm.ro\/bacau\/agenda-de-lucru-a-conducerii-ajofm-bacau\/\">\n\t\t\t\t\t\t\t\t\t\t\t\t\t\t\t<img decoding=\"async\" src=\"https:\/\/www.anofm.ro\/bacau\/wp-content\/plugins\/anofm-custom-post-types\/assets\/images\/placeholder-thumb.png\" alt=\"\">\n\t\t\t\t\t\t\t\t\t\t\t\t\t\t\t\t<p class=\"h4\">Agenda de lucru a conducerii AJOFM Bacau<\/p>\n\t\t\t\t\t\t\t\t\t\t\t\t\t\t\t<span>15\/11\/2018<\/span>\n\t\t\t\t\t\t<\/a>\n\t\t\t\t\t<\/li>\n\t\t\t\t\t\t\t\t\t<\/ul>\n\t\t\t\t","protected":false},"excerpt":{"rendered":"<p>Andreea Avram Director Cost\u00e2n Carmen Director Adjunct Consiliu consultativ Nr. crt. Nume \u0219i prenume Institu\u021bia reprezentat\u0103 1 GRUDINSCHI GINA CONSILIUL JUDE\u0162EAN BAC\u0102U 2 EGARMIN ANA MARIA &nbsp;&nbsp;&nbsp;&nbsp;&nbsp;&nbsp;&nbsp;&nbsp;&nbsp;&nbsp;&nbsp; I. \u015e. J.<\/p>\n","protected":false},"author":1,"featured_media":0,"parent":0,"menu_order":60,"comment_status":"closed","ping_status":"closed","template":"template-parts\/content-with-sidebar.php","meta":{"footnotes":""},"class_list":["post-2163","page","type-page","status-publish","hentry"],"_links":{"self":[{"href":"https:\/\/www.anofm.ro\/bacau\/wp-json\/wp\/v2\/pages\/2163","targetHints":{"allow":["GET"]}}],"collection":[{"href":"https:\/\/www.anofm.ro\/bacau\/wp-json\/wp\/v2\/pages"}],"about":[{"href":"https:\/\/www.anofm.ro\/bacau\/wp-json\/wp\/v2\/types\/page"}],"author":[{"embeddable":true,"href":"https:\/\/www.anofm.ro\/bacau\/wp-json\/wp\/v2\/users\/1"}],"replies":[{"embeddable":true,"href":"https:\/\/www.anofm.ro\/bacau\/wp-json\/wp\/v2\/comments?post=2163"}],"version-history":[{"count":8,"href":"https:\/\/www.anofm.ro\/bacau\/wp-json\/wp\/v2\/pages\/2163\/revisions"}],"predecessor-version":[{"id":5131,"href":"https:\/\/www.anofm.ro\/bacau\/wp-json\/wp\/v2\/pages\/2163\/revisions\/5131"}],"wp:attachment":[{"href":"https:\/\/www.anofm.ro\/bacau\/wp-json\/wp\/v2\/media?parent=2163"}],"curies":[{"name":"wp","href":"https:\/\/api.w.org\/{rel}","templated":true}]}}