{"id":2357,"date":"2023-12-14T22:54:06","date_gmt":"2023-12-14T20:54:06","guid":{"rendered":"https:\/\/www.anofm.ro\/contact\/"},"modified":"2025-10-02T13:47:27","modified_gmt":"2025-10-02T10:47:27","slug":"contact","status":"publish","type":"page","link":"https:\/\/www.anofm.ro\/arad\/contact\/","title":{"rendered":"Contact"},"content":{"rendered":"<style>.kb-row-layout-wrap.wp-block-kadence-rowlayout.kb-row-layout-id2357_d4c9ee-f0{margin-bottom:var(--global-kb-spacing-lg, 3rem);}.kb-row-layout-id2357_d4c9ee-f0 > .kt-row-column-wrap{align-content:start;}:where(.kb-row-layout-id2357_d4c9ee-f0 > .kt-row-column-wrap) > .wp-block-kadence-column{justify-content:start;}.kb-row-layout-id2357_d4c9ee-f0 > .kt-row-column-wrap{column-gap:var(--global-kb-gap-md, 2rem);row-gap:var(--global-kb-gap-none, 0rem );padding-top:var(--global-kb-spacing-sm, 1.5rem);padding-right:var(--global-kb-spacing-sm, 1.5rem);padding-bottom:var(--global-kb-spacing-sm, 1.5rem);padding-left:var(--global-kb-spacing-sm, 1.5rem);grid-template-columns:minmax(0, 1fr);}.kb-row-layout-id2357_d4c9ee-f0{background-color:#f7f7f7;}.kb-row-layout-id2357_d4c9ee-f0 > .kt-row-layout-overlay{opacity:0.30;}@media all and (max-width: 1024px){.kb-row-layout-id2357_d4c9ee-f0 > .kt-row-column-wrap{grid-template-columns:minmax(0, 1fr);}}@media all and (max-width: 767px){.kb-row-layout-id2357_d4c9ee-f0 > .kt-row-column-wrap{grid-template-columns:minmax(0, 1fr);}}<\/style><div class=\"kb-row-layout-wrap kb-row-layout-id2357_d4c9ee-f0 alignnone kt-row-has-bg wp-block-kadence-rowlayout\"><div class=\"kt-row-column-wrap kt-has-1-columns kt-row-layout-equal kt-tab-layout-inherit kt-mobile-layout-row kt-row-valign-top\">\n<style>.kadence-column2357_597541-78 > .kt-inside-inner-col,.kadence-column2357_597541-78 > .kt-inside-inner-col:before{border-top-left-radius:0px;border-top-right-radius:0px;border-bottom-right-radius:0px;border-bottom-left-radius:0px;}.kadence-column2357_597541-78 > .kt-inside-inner-col{column-gap:var(--global-kb-gap-sm, 1rem);}.kadence-column2357_597541-78 > .kt-inside-inner-col{flex-direction:column;}.kadence-column2357_597541-78 > .kt-inside-inner-col > .aligncenter{width:100%;}.kadence-column2357_597541-78 > .kt-inside-inner-col:before{opacity:0.3;}.kadence-column2357_597541-78{position:relative;}@media all and (max-width: 1024px){.kadence-column2357_597541-78 > .kt-inside-inner-col{flex-direction:column;justify-content:center;}}@media all and (max-width: 767px){.kadence-column2357_597541-78 > .kt-inside-inner-col{flex-direction:column;justify-content:center;}}<\/style>\n<div class=\"wp-block-kadence-column kadence-column2357_597541-78\"><div class=\"kt-inside-inner-col\">\n<h2 class=\"wp-block-heading\">Intrebarea Dvs. catre AJOFM Arad<\/h2>\n\n\n\n<div class=\"wp-block-contact-form-7-contact-form-selector\">\n<div class=\"wpcf7 no-js\" id=\"wpcf7-f3085-o1\" lang=\"ro-RO\" dir=\"ltr\" data-wpcf7-id=\"3085\">\n<div class=\"screen-reader-response\"><p role=\"status\" aria-live=\"polite\" aria-atomic=\"true\"><\/p> <ul><\/ul><\/div>\n<form action=\"\/arad\/wp-json\/wp\/v2\/pages\/2357#wpcf7-f3085-o1\" method=\"post\" class=\"wpcf7-form init\" aria-label=\"Formular de contact\" novalidate=\"novalidate\" data-status=\"init\">\n<fieldset class=\"hidden-fields-container\"><input type=\"hidden\" name=\"_wpcf7\" value=\"3085\" \/><input type=\"hidden\" name=\"_wpcf7_version\" value=\"6.1.4\" \/><input type=\"hidden\" name=\"_wpcf7_locale\" value=\"ro_RO\" \/><input type=\"hidden\" name=\"_wpcf7_unit_tag\" value=\"wpcf7-f3085-o1\" \/><input type=\"hidden\" name=\"_wpcf7_container_post\" value=\"0\" \/><input type=\"hidden\" name=\"_wpcf7_posted_data_hash\" value=\"\" \/>\n<\/fieldset>\n<p><label> Nume<br \/>\n<span class=\"wpcf7-form-control-wrap\" data-name=\"your-name\"><input size=\"40\" maxlength=\"400\" class=\"wpcf7-form-control wpcf7-text wpcf7-validates-as-required\" autocomplete=\"name\" aria-required=\"true\" aria-invalid=\"false\" value=\"\" type=\"text\" name=\"your-name\" \/><\/span> <\/label>\n<\/p>\n<p><label> Email<br \/>\n<span class=\"wpcf7-form-control-wrap\" data-name=\"your-email\"><input size=\"40\" maxlength=\"400\" class=\"wpcf7-form-control wpcf7-email wpcf7-validates-as-required wpcf7-text wpcf7-validates-as-email\" autocomplete=\"email\" aria-required=\"true\" aria-invalid=\"false\" value=\"\" type=\"email\" name=\"your-email\" \/><\/span> <\/label>\n<\/p>\n<p><label> Telefon<br \/>\n<span class=\"wpcf7-form-control-wrap\" data-name=\"your-phone\"><input size=\"40\" maxlength=\"400\" class=\"wpcf7-form-control wpcf7-tel wpcf7-validates-as-required wpcf7-text wpcf7-validates-as-tel\" aria-required=\"true\" aria-invalid=\"false\" value=\"\" type=\"tel\" name=\"your-phone\" \/><\/span> <\/label>\n<\/p>\n<p><label> Tema<br \/>\n<span class=\"wpcf7-form-control-wrap\" data-name=\"your-subject\"><input size=\"40\" maxlength=\"400\" class=\"wpcf7-form-control wpcf7-text wpcf7-validates-as-required\" aria-required=\"true\" aria-invalid=\"false\" value=\"\" type=\"text\" name=\"your-subject\" \/><\/span> <\/label>\n<\/p>\n<p><label> Intrebare<br \/>\n<span class=\"wpcf7-form-control-wrap\" data-name=\"your-message\"><textarea cols=\"40\" rows=\"10\" maxlength=\"2000\" class=\"wpcf7-form-control wpcf7-textarea\" aria-invalid=\"false\" name=\"your-message\"><\/textarea><\/span> <\/label>\n<\/p>\n<p><input class=\"wpcf7-form-control wpcf7-submit has-spinner\" type=\"submit\" value=\"Trimite\" \/>\n<\/p><div class=\"wpcf7-response-output\" aria-hidden=\"true\"><\/div>\n<\/form>\n<\/div>\n<\/div>\n<\/div><\/div>\n\n<\/div><\/div>\n\n\n<h2 class=\"wp-block-heading\"><strong>AJOFM Arad<\/strong><\/h2>\n\n\n\n<p>Adresa : Arad, str. C\u0103lug\u0103reni nr. 1 A<\/p>\n\n\n\n<p>Tel : 0257 211230, 0257 211791<\/p>\n\n\n\n<p>e-mail: <a href=\"mailto:ajofm@ar.anofm.ro\">ajofm.ar@anofm.gov.ro<\/a><\/p>\n\n\n\n<p><a href=\"http:\/\/www.arad.anofm.ro\">www.anofm.ro<\/a><\/p>\n\n\n\n<p>Facebook : AJOFM ARAD<\/p>\n\n\n\n<p><\/p>\n\n\n\n<h2 class=\"wp-block-heading\"><strong>Contact ALOFM Arad \u0219i puncte de lucru<\/strong><\/h2>\n\n\n\n<p><strong>Agentia Local\u0103 Arad<\/strong><\/p>\n\n\n\n<p>Arad, str. C\u0103lug\u0103reni nr. 1 A<\/p>\n\n\n\n<p>Tel : 0257 211791<\/p>\n\n\n\n<p>e-mail: arad@anofm.gov.ro<\/p>\n\n\n\n<p><\/p>\n\n\n\n<p><\/p>\n\n\n\n<p><strong>Punct de lucru Sebi\u0219:<\/strong><\/p>\n\n\n\n<p>Sebi\u0219, str. P\u0103cii nr. 2<\/p>\n\n\n\n<p>Tel : 0771022706<\/p>\n\n\n\n<p>e-mail : florentina.ignat.ar@anofm.gov.ro<\/p>\n\n\n\n<p><\/p>\n\n\n\n<p><strong>Punct de lucru Chi\u0219ineu-Cri\u0219:<\/strong><\/p>\n\n\n\n<p>Chi\u0219ineu-Cri\u0219, str. Teilor nr. 2<\/p>\n\n\n\n<p>Tel :&nbsp; 0257 350164, 0771022921<\/p>\n\n\n\n<p>e-mail: florina.mascas.ar@anofm.gov.ro<\/p>\n\n\n\n<p><\/p>\n\n\n\n<p><strong>Punct de lucru Ineu:<\/strong><\/p>\n\n\n\n<p>Ineu, \u00een incinta Prim\u0103riei<\/p>\n\n\n\n<p><\/p>\n\n\n\n<p>E-mail:&nbsp;carmen.ursan.ar@anofm.gov.ro<\/p>\n\n\n\n<p><\/p>\n\n\n\n<p><\/p>\n\n\n\n<p><\/p>\n\n\n\n<h2 class=\"wp-block-heading\"><strong>Program de func\u021bionare AJOFM Arad<\/strong><\/h2>\n\n\n\n<p>&nbsp;Luni &#8211; Joi : &nbsp;08:00 &#8211; 16:30<\/p>\n\n\n\n<p>&nbsp; &nbsp; &nbsp; &nbsp;Vineri :&nbsp;08:00 &#8211; 14:00<\/p>\n\n\n\n<p><\/p>\n\n\n\n<p><\/p>\n\n\n\n<h2 class=\"wp-block-heading has-text-align-left\"><strong>Program de audien\u0163e<\/strong><\/h2>\n\n\n\n<p><strong><em>Directorul executiv<\/em><\/strong> al AJOFM Arad acord\u0103 audien\u0163e sapt\u0103m\u00e2nal, \u00een fiecare zi de Mar\u021bi , \u00eentre orele : 12:00-14:00.<\/p>\n\n\n\n<p>Program\u0103rile se fac la telefon: 0257 211230<\/p>\n\n\n\n<p><strong><em>Directorul executiv adjunct <\/em><\/strong>&nbsp;al AJOFM Arad acord\u0103 audien\u0163e sapt\u0103m\u00e2nal, \u00een fiecare zi de Joi, \u00eentre orele : 12:00-14:00.<\/p>\n\n\n\n<p>Program\u0103rile se fac la telefon: 0257 211230<\/p>\n\n\n\n<p><\/p>\n\n\n\n<h2 class=\"wp-block-heading\"><strong>Rela\u021bii cu presa \u0219i responsabil acces informa\u021bii de interes public  <\/strong><\/h2>\n\n\n\n<p><\/p>\n\n\n\n<p>Persoana responsabil\u0103 pentru furnizarea informa\u0163iilor publice \u00een baza Legii nr. 544\/2001 privind liberul acces la informa\u0163iile de interes public, cu modific\u0103rile \u015fi complet\u0103rile ulterioare, precum \u0219i responsabil\u0103 de rela\u021bia cu  mass media este d-na Jude Mihaela, inspector superior \u00een cadrul AJOFM Arad.<\/p>\n\n\n\n<p>Date de contact :<\/p>\n\n\n\n<p>tel: 0257\/211230<\/p>\n\n\n\n<p>e-mail:&nbsp;ajofm.ar@anofm.gov.ro, &nbsp;<a href=\"mailto:mihaela.jude@ar.anofm.ro\">mihaela.jude.ar@anofm.gov.ro<\/a><\/p>\n\n\n\n<p><\/p>\n\n\n\n<p><\/p>\n\n\n\n<h2 class=\"wp-block-heading\"><strong>Responsabil informa\u021bii referitoare la Internship <\/strong><\/h2>\n\n\n\n<p>Persoana responsabil\u0103 cu informa\u021biile referitoare la Internship este MORAR FLAVIUS, inspector asistent \u00een cadrul AJOFM Arad.<\/p>\n\n\n\n<p>E-mail&nbsp; &nbsp; &nbsp; &nbsp; &nbsp; &nbsp; &nbsp; &nbsp; flavius.morar.ar@anofm.gov.ro<\/p>\n\n\n\n<p>Telefon&nbsp; &nbsp; &nbsp; &nbsp; &nbsp; &nbsp; &nbsp; 0257211230&nbsp;&nbsp;<\/p>\n\n\n\n<p><\/p>\n\n\n\n<p><\/p>\n\n\n\n<p><\/p>\n","protected":false},"excerpt":{"rendered":"<p>Intrebarea Dvs. catre AJOFM Arad AJOFM Arad Adresa : Arad, str. C\u0103lug\u0103reni nr. 1 A Tel : 0257 211230, 0257 211791 e-mail: ajofm.ar@anofm.gov.ro www.anofm.ro Facebook : AJOFM ARAD Contact ALOFM<\/p>\n","protected":false},"author":1,"featured_media":0,"parent":0,"menu_order":1030,"comment_status":"closed","ping_status":"closed","template":"template-parts\/content-with-sidebar.php","meta":{"footnotes":""},"class_list":["post-2357","page","type-page","status-publish","hentry"],"_links":{"self":[{"href":"https:\/\/www.anofm.ro\/arad\/wp-json\/wp\/v2\/pages\/2357","targetHints":{"allow":["GET"]}}],"collection":[{"href":"https:\/\/www.anofm.ro\/arad\/wp-json\/wp\/v2\/pages"}],"about":[{"href":"https:\/\/www.anofm.ro\/arad\/wp-json\/wp\/v2\/types\/page"}],"author":[{"embeddable":true,"href":"https:\/\/www.anofm.ro\/arad\/wp-json\/wp\/v2\/users\/1"}],"replies":[{"embeddable":true,"href":"https:\/\/www.anofm.ro\/arad\/wp-json\/wp\/v2\/comments?post=2357"}],"version-history":[{"count":16,"href":"https:\/\/www.anofm.ro\/arad\/wp-json\/wp\/v2\/pages\/2357\/revisions"}],"predecessor-version":[{"id":5595,"href":"https:\/\/www.anofm.ro\/arad\/wp-json\/wp\/v2\/pages\/2357\/revisions\/5595"}],"wp:attachment":[{"href":"https:\/\/www.anofm.ro\/arad\/wp-json\/wp\/v2\/media?parent=2357"}],"curies":[{"name":"wp","href":"https:\/\/api.w.org\/{rel}","templated":true}]}}