{"id":2163,"date":"2023-12-14T22:54:01","date_gmt":"2023-12-14T20:54:01","guid":{"rendered":"https:\/\/www.anofm.ro\/conducere\/"},"modified":"2026-02-10T14:30:13","modified_gmt":"2026-02-10T12:30:13","slug":"conducere","status":"publish","type":"page","link":"https:\/\/www.anofm.ro\/arad\/conducere\/","title":{"rendered":"Conducere"},"content":{"rendered":"\n<h2 class=\"wp-block-heading\">Conducere<\/h2>\n\n\n\t\t\t\t\t<div class=\"team-member\">\n\t\t\t\t\t\t<div class=\"team-member-details\">\n\n\t\t\t\t\t\t\t\t\t\t\t\t\t\t<h2>\n\t\t\t\t\t\t\t\tMolnar Augustin Alexandru\t\t\t\t\t\t\t\t<\/h2>\n\t\t\t\t\t\t\t\t\t\t\t\t\t\t\t\t\t<p class=\"h4\">Director<\/p>\n\t\t\t\t\t\t\t\t\t\n\t\t\t\t\t\t<\/div>\n\t\t\t\t\t<\/div>\n\t\t\t\t\t\t\t\t\t<div class=\"team-member\">\n\t\t\t\t\t\t<div class=\"team-member-details\">\n\n\t\t\t\t\t\t\t\t\t\t\t\t\t\t<h2>\n\t\t\t\t\t\t\t\tRasunoiu Camelia\t\t\t\t\t\t\t\t<\/h2>\n\t\t\t\t\t\t\t\t\t\t\t\t\t\t\t\t\t<p class=\"h4\">Director Adjunct<\/p>\n\t\t\t\t\t\t\t\t\t\n\t\t\t\t\t\t<\/div>\n\t\t\t\t\t<\/div>\n\t\t\t\t\n\n\n<div class=\"file-list-wrap\"><ul class=\"file-list\">\n<li><a href=\"https:\/\/www.anofm.ro\/arad\/wp-content\/uploads\/sites\/4\/2026\/02\/CV-MOLNAR-AUGUSTIN-ALEXANDRU-1.pdf\" download>CV-MOLNAR-AUGUSTIN-ALEXANDRU.pdf<\/a><\/li>\n\n\n\n<li><a href=\"https:\/\/www.anofm.ro\/arad\/wp-content\/uploads\/sites\/4\/2025\/04\/CV-Rasunoiu-Camelia.pdf\" download>CV-Rasunoiu-Camelia.pdf<\/a><\/li>\n<\/ul><\/div>\n\n\n\n<h2 class=\"wp-block-heading\">Agenda de lucru<\/h2>\n\n\n\t\t\t\t<ul class=\"recentcontent\">\n\t\t\t\t\t\t\t\t\t<li>\n\t\t\t\t\t\t<a href=\"https:\/\/www.anofm.ro\/arad\/agenda-de-lucru-a-conducerii-ajofm-arad\/\">\n\t\t\t\t\t\t\t\t\t\t\t\t\t\t\t<img decoding=\"async\" src=\"https:\/\/www.anofm.ro\/arad\/wp-content\/plugins\/anofm-custom-post-types\/assets\/images\/placeholder-thumb.png\" alt=\"\">\n\t\t\t\t\t\t\t\t\t\t\t\t\t\t\t\t<p class=\"h4\">Agenda de lucru a conducerii AJOFM Arad<\/p>\n\t\t\t\t\t\t\t\t\t\t\t\t\t\t\t<span>24\/02\/2025<\/span>\n\t\t\t\t\t\t<\/a>\n\t\t\t\t\t<\/li>\n\t\t\t\t\t\t\t\t\t<\/ul>\n\t\t\t\t\n\n\n<h2 class=\"wp-block-heading\">Consiliu consultativ<\/h2>\n\n\n\n<figure class=\"wp-block-table alignleft\"><table><tbody><tr><td><strong>Nr. crt.<\/strong><\/td><td><strong>Nume \u0219i prenume<\/strong><\/td><td><strong>Institu\u021bia reprezentat\u0103<\/strong><\/td><\/tr><tr><td>1<\/td><td>UNGUREAN COSMIN R\u0102ZVAN<\/td><td>CONSILIUL JUDE\u0162EAN ARAD<\/td><\/tr><tr><td>2<\/td><td>I\u0218TOC DIANA<\/td><td>PREFECTURA ARAD<\/td><\/tr><tr><td>3<\/td><td>B\u0102TR\u00c2N MARIANA DANIELA<\/td><td>AGEN\u0162IA JUDE\u0162EAN\u0102 PENTRU PL\u0102\u0162I \u015eI INSPEC\u0162IE SOCIAL\u0102 ARAD <\/td><\/tr><tr><td>4<\/td><td>B\u00ceLC LIANA<\/td><td>DIREC\u0162IA JUDE\u0162EAN\u0102 DE&nbsp; STATISTIC\u0102 ARAD<\/td><\/tr><tr><td>5<\/td><td>GONDOR MARIUS<strong><\/strong><\/td><td>INSPECTORATUL \u015eCOLAR JUDE\u021aEAN&nbsp; ARAD<strong><\/strong><\/td><\/tr><tr><td>6<\/td><td>SASU AUREL <\/td><td>CONFEDERA\u0162IA SINDICAL\u0102 NA\u0162IONAL\u0102&nbsp; MERIDIAN <\/td><\/tr><tr><td>7<\/td><td>CRISTIAN VALENTIN<\/td><td>BLOCUL NA\u0162IONAL SINDICAL<\/td><\/tr><tr><td>8<\/td><td>VI\u0218A DAN <\/td><td>CONFEDERA\u021aIA NA\u021aIONAL\u0102 SINDICAL\u0102 CARTEL ALFA<\/td><\/tr><tr><td>9<\/td><td>LENGYEL LUCIAN<strong><\/strong><\/td><td>CONFEDERA\u0162IA SINDICATELOR DEMOCRATICE DIN ROM\u00c2NIA &#8211; CSDR<strong><\/strong><\/td><\/tr><tr><td>10<\/td><td>TOMA PETRE<\/td><td>CONFEDERA\u021aIA NA\u021aIONAL\u0102 A SINDICATELOR LIBERE DIN ROM\u00c2NIA FR\u0102\u021aIA<\/td><\/tr><tr><td>11<\/td><td>PURCARU MIHAELA<\/td><td>CNIPMMR<strong><\/strong><\/td><\/tr><tr><td>12<\/td><td>PURCARU MIRCEA<strong><\/strong><\/td><td>CNIPMMR<strong><\/strong><\/td><\/tr><tr><td>13<\/td><td>DEMETER CIPRIAN EMIL<\/td><td>CNIPMMR<\/td><\/tr><tr><td>14<\/td><td><\/td><td>CP CONCORDIA<\/td><\/tr><tr><td>15<\/td><td>HAN-JURCA ANCUTA<\/td><td>CP CONCORDIA<\/td><\/tr><\/tbody><\/table><\/figure>\n","protected":false},"excerpt":{"rendered":"<p>Conducere Agenda de lucru Consiliu consultativ Nr. crt. Nume \u0219i prenume Institu\u021bia reprezentat\u0103 1 UNGUREAN COSMIN R\u0102ZVAN CONSILIUL JUDE\u0162EAN ARAD 2 I\u0218TOC DIANA PREFECTURA ARAD 3 B\u0102TR\u00c2N MARIANA DANIELA AGEN\u0162IA<\/p>\n","protected":false},"author":1,"featured_media":0,"parent":0,"menu_order":60,"comment_status":"closed","ping_status":"closed","template":"template-parts\/content-with-sidebar.php","meta":{"footnotes":""},"class_list":["post-2163","page","type-page","status-publish","hentry"],"_links":{"self":[{"href":"https:\/\/www.anofm.ro\/arad\/wp-json\/wp\/v2\/pages\/2163","targetHints":{"allow":["GET"]}}],"collection":[{"href":"https:\/\/www.anofm.ro\/arad\/wp-json\/wp\/v2\/pages"}],"about":[{"href":"https:\/\/www.anofm.ro\/arad\/wp-json\/wp\/v2\/types\/page"}],"author":[{"embeddable":true,"href":"https:\/\/www.anofm.ro\/arad\/wp-json\/wp\/v2\/users\/1"}],"replies":[{"embeddable":true,"href":"https:\/\/www.anofm.ro\/arad\/wp-json\/wp\/v2\/comments?post=2163"}],"version-history":[{"count":12,"href":"https:\/\/www.anofm.ro\/arad\/wp-json\/wp\/v2\/pages\/2163\/revisions"}],"predecessor-version":[{"id":5883,"href":"https:\/\/www.anofm.ro\/arad\/wp-json\/wp\/v2\/pages\/2163\/revisions\/5883"}],"wp:attachment":[{"href":"https:\/\/www.anofm.ro\/arad\/wp-json\/wp\/v2\/media?parent=2163"}],"curies":[{"name":"wp","href":"https:\/\/api.w.org\/{rel}","templated":true}]}}