{"id":2201,"date":"2023-12-14T22:54:02","date_gmt":"2023-12-14T20:54:02","guid":{"rendered":"https:\/\/www.anofm.ro\/numele-si-prenumele-persoanei-responsabile-legea-544-2001\/"},"modified":"2024-10-09T13:17:21","modified_gmt":"2024-10-09T10:17:21","slug":"numele-si-prenumele-persoanei-responsabile-legea-544-2001","status":"publish","type":"page","link":"https:\/\/www.anofm.ro\/alba\/numele-si-prenumele-persoanei-responsabile-legea-544-2001\/","title":{"rendered":"Numele \u0219i prenumele persoanei responsabile &#8211; Legea 544\/2001"},"content":{"rendered":"\n<p>Persoana responsabil\u0103 cu aplicarea prevederilor Legii nr. 544\/2001 privind liberul acces la informa\u0163iile de interes public la nivelul Agen\u0163iei Jude\u0163ene pentru Ocuparea For\u0163ei de Munc\u0103, Serviciul Comunicare \u015fi Secretariatul Consultativ, este:<\/p>\n\n\n\n<p>NICOLETA NETOTEA &#8211; CONSILIER SUPERIOR<\/p>\n\n\n\n<p>Email: nicoleta.netotea.ab@anofm.gov.ro<\/p>\n\n\n\n<p>Tel: 0258 811470, int. 115<\/p>\n","protected":false},"excerpt":{"rendered":"<p>Persoana responsabil\u0103 cu aplicarea prevederilor Legii nr. 544\/2001 privind liberul acces la informa\u0163iile de interes public la nivelul Agen\u0163iei Jude\u0163ene pentru Ocuparea For\u0163ei de Munc\u0103, Serviciul Comunicare \u015fi Secretariatul Consultativ,<\/p>\n","protected":false},"author":1,"featured_media":0,"parent":0,"menu_order":250,"comment_status":"closed","ping_status":"closed","template":"template-parts\/content-with-sidebar.php","meta":{"footnotes":""},"class_list":["post-2201","page","type-page","status-publish","hentry"],"_links":{"self":[{"href":"https:\/\/www.anofm.ro\/alba\/wp-json\/wp\/v2\/pages\/2201","targetHints":{"allow":["GET"]}}],"collection":[{"href":"https:\/\/www.anofm.ro\/alba\/wp-json\/wp\/v2\/pages"}],"about":[{"href":"https:\/\/www.anofm.ro\/alba\/wp-json\/wp\/v2\/types\/page"}],"author":[{"embeddable":true,"href":"https:\/\/www.anofm.ro\/alba\/wp-json\/wp\/v2\/users\/1"}],"replies":[{"embeddable":true,"href":"https:\/\/www.anofm.ro\/alba\/wp-json\/wp\/v2\/comments?post=2201"}],"version-history":[{"count":2,"href":"https:\/\/www.anofm.ro\/alba\/wp-json\/wp\/v2\/pages\/2201\/revisions"}],"predecessor-version":[{"id":4657,"href":"https:\/\/www.anofm.ro\/alba\/wp-json\/wp\/v2\/pages\/2201\/revisions\/4657"}],"wp:attachment":[{"href":"https:\/\/www.anofm.ro\/alba\/wp-json\/wp\/v2\/media?parent=2201"}],"curies":[{"name":"wp","href":"https:\/\/api.w.org\/{rel}","templated":true}]}}